{"id":445,"date":"2018-02-21T20:01:13","date_gmt":"2018-02-21T20:01:13","guid":{"rendered":"http:\/\/redesign.socardiology.com\/?page_id=445"},"modified":"2025-08-25T17:29:54","modified_gmt":"2025-08-25T17:29:54","slug":"timo-dygert","status":"publish","type":"page","link":"https:\/\/www.socardiology.com\/es\/providers\/timo-dygert\/","title":{"rendered":"Timo Dygert"},"content":{"rendered":"<div class=\"fusion-fullwidth fullwidth-box fusion-builder-row-1 nonhundred-percent-fullwidth non-hundred-percent-height-scrolling\" style=\"--awb-border-radius-top-left:0px;--awb-border-radius-top-right:0px;--awb-border-radius-bottom-right:0px;--awb-border-radius-bottom-left:0px;--awb-flex-wrap:wrap;\" ><div class=\"fusion-builder-row fusion-row\"><div class=\"fusion-layout-column fusion_builder_column fusion-builder-column-0 fusion_builder_column_1_3 1_3 fusion-one-third fusion-column-first\" style=\"--awb-bg-size:cover;width:33.333333333333%;width:calc(33.333333333333% - ( ( 4% ) * 0.33333333333333 ) );margin-right: 4%;\"><div class=\"fusion-column-wrapper fusion-flex-column-wrapper-legacy\"><div class=\"fusion-text fusion-text-1\"><h3><strong>ESPECIALIDAD: <\/strong>Cardiolog\u00eda invasiva<\/h3>\n<h3><strong>EDUCACI\u00d3N<\/strong><\/h3>\n<h3>Licenciatura: Universidad de Indiana - Universidad Purdue Fort Wayne<\/h3>\n<h3>Facultad de Medicina y Residencia: Universidad de Ciencias y Salud de Oregon<\/h3>\n<h3>Fellowship: Medical College of Wisconsin<\/h3>\n<h3><strong>A\u00d1OS PRACTICANDO: <\/strong>2<\/h3>\n<\/div><div class=\"fusion-clearfix\"><\/div><\/div><\/div><div class=\"fusion-layout-column fusion_builder_column fusion-builder-column-1 fusion_builder_column_2_3 2_3 fusion-two-third fusion-column-last\" style=\"--awb-bg-size:cover;width:66.666666666667%;width:calc(66.666666666667% - ( ( 4% ) * 0.66666666666667 ) );\"><div class=\"fusion-column-wrapper fusion-flex-column-wrapper-legacy\"><div class=\"fusion-image-element fusion-image-align-center in-legacy-container\" style=\"text-align:center;--awb-caption-title-font-family:var(--h2_typography-font-family);--awb-caption-title-font-weight:var(--h2_typography-font-weight);--awb-caption-title-font-style:var(--h2_typography-font-style);--awb-caption-title-size:var(--h2_typography-font-size);--awb-caption-title-transform:var(--h2_typography-text-transform);--awb-caption-title-line-height:var(--h2_typography-line-height);--awb-caption-title-letter-spacing:var(--h2_typography-letter-spacing);\"><div class=\"imageframe-align-center\"><span class=\"fusion-imageframe imageframe-none imageframe-1 hover-type-none\"><img decoding=\"async\" width=\"300\" height=\"267\" title=\"Dygert\" src=\"https:\/\/www.socardiology.com\/wp-content\/uploads\/2018\/09\/Dygert-300x267.jpg\" alt class=\"img-responsive wp-image-1273\" srcset=\"https:\/\/www.socardiology.com\/wp-content\/uploads\/2018\/09\/Dygert-200x178.jpg 200w, https:\/\/www.socardiology.com\/wp-content\/uploads\/2018\/09\/Dygert-400x355.jpg 400w, https:\/\/www.socardiology.com\/wp-content\/uploads\/2018\/09\/Dygert-600x533.jpg 600w, https:\/\/www.socardiology.com\/wp-content\/uploads\/2018\/09\/Dygert-800x711.jpg 800w, https:\/\/www.socardiology.com\/wp-content\/uploads\/2018\/09\/Dygert-1200x1066.jpg 1200w, https:\/\/www.socardiology.com\/wp-content\/uploads\/2018\/09\/Dygert.jpg 1900w\" sizes=\"(max-width: 800px) 100vw, 800px\" \/><\/span><\/div><\/div><div class=\"fusion-text fusion-text-2\"><h3>El Dr. Timo Dygert realiz\u00f3 sus estudios de pregrado en la Universidad de Indiana - Universidad Purdue de Fort Wayne, y se gradu\u00f3 con honores.<\/h3>\n<h3>Obtuvo su Doctorado en Medicina de la Universidad de Indiana, donde complet\u00f3 un programa de doble titulaci\u00f3n, y tambi\u00e9n obtuvo una Maestr\u00eda en Administraci\u00f3n de Empresas de la Escuela de Negocios Kelley de la Universidad de Indiana.<\/h3>\n<h3>Timo complet\u00f3 su formaci\u00f3n en Medicina Interna en la Universidad de Ciencias y Salud de Oregon, donde recibi\u00f3 el premio Humanismo en Medicina.<\/h3>\n<h3>Despu\u00e9s de la residencia, ejerci\u00f3 como hospitalista de medicina interna en Portland durante varios a\u00f1os antes de continuar su formaci\u00f3n en cardiolog\u00eda.<\/h3>\n<h3>Complet\u00f3 su beca de cardiolog\u00eda en el Medical College of Wisconsin en Milwaukee, Wisconsin. Tiene un inter\u00e9s especial en las im\u00e1genes no invasivas, incluidas la ecocardiograf\u00eda y la tomograf\u00eda computarizada card\u00edaca.<\/h3>\n<h3>Timo, su esposa Vivian y sus tres hijos est\u00e1n encantados de estar de regreso en el noroeste del Pac\u00edfico. Viven en Ashland y aprecian la belleza natural del Rogue Valley. En su tiempo libre, disfrutan de hacer caminatas, acampar y explorar el pintoresco noroeste del Pac\u00edfico. A Timo tambi\u00e9n le gusta el ciclismo de monta\u00f1a y el esqu\u00ed de fondo.<\/h3>\n<\/div><div class=\"fusion-clearfix\"><\/div><\/div><\/div><\/div><\/div>","protected":false},"excerpt":{"rendered":"","protected":false},"author":1,"featured_media":0,"parent":23,"menu_order":0,"comment_status":"closed","ping_status":"closed","template":"100-width.php","meta":{"_monsterinsights_skip_tracking":false,"_monsterinsights_sitenote_active":false,"_monsterinsights_sitenote_note":"","_monsterinsights_sitenote_category":0,"footnotes":""},"_links":{"self":[{"href":"https:\/\/www.socardiology.com\/es\/wp-json\/wp\/v2\/pages\/445"}],"collection":[{"href":"https:\/\/www.socardiology.com\/es\/wp-json\/wp\/v2\/pages"}],"about":[{"href":"https:\/\/www.socardiology.com\/es\/wp-json\/wp\/v2\/types\/page"}],"author":[{"embeddable":true,"href":"https:\/\/www.socardiology.com\/es\/wp-json\/wp\/v2\/users\/1"}],"replies":[{"embeddable":true,"href":"https:\/\/www.socardiology.com\/es\/wp-json\/wp\/v2\/comments?post=445"}],"version-history":[{"count":11,"href":"https:\/\/www.socardiology.com\/es\/wp-json\/wp\/v2\/pages\/445\/revisions"}],"predecessor-version":[{"id":2074,"href":"https:\/\/www.socardiology.com\/es\/wp-json\/wp\/v2\/pages\/445\/revisions\/2074"}],"up":[{"embeddable":true,"href":"https:\/\/www.socardiology.com\/es\/wp-json\/wp\/v2\/pages\/23"}],"wp:attachment":[{"href":"https:\/\/www.socardiology.com\/es\/wp-json\/wp\/v2\/media?parent=445"}],"curies":[{"name":"wp","href":"https:\/\/api.w.org\/{rel}","templated":true}]}}