{"id":1742,"date":"2021-12-10T05:26:08","date_gmt":"2021-12-10T05:26:08","guid":{"rendered":"https:\/\/www.socardiology.com\/?page_id=1742"},"modified":"2025-08-25T17:18:41","modified_gmt":"2025-08-25T17:18:41","slug":"ali-azeem","status":"publish","type":"page","link":"https:\/\/www.socardiology.com\/es\/providers\/ali-azeem\/","title":{"rendered":"Ali Azeem"},"content":{"rendered":"<div class=\"fusion-fullwidth fullwidth-box fusion-builder-row-1 nonhundred-percent-fullwidth non-hundred-percent-height-scrolling\" style=\"--awb-border-radius-top-left:0px;--awb-border-radius-top-right:0px;--awb-border-radius-bottom-right:0px;--awb-border-radius-bottom-left:0px;--awb-flex-wrap:wrap;\" ><div class=\"fusion-builder-row fusion-row\"><div class=\"fusion-layout-column fusion_builder_column fusion-builder-column-0 fusion_builder_column_1_3 1_3 fusion-one-third fusion-column-first\" style=\"--awb-bg-size:cover;width:33.333333333333%;width:calc(33.333333333333% - ( ( 4% ) * 0.33333333333333 ) );margin-right: 4%;\"><div class=\"fusion-column-wrapper fusion-flex-column-wrapper-legacy\"><div class=\"fusion-text fusion-text-1\"><h3><strong>ESPECIALIDAD: Cardiolog\u00eda Invasiva<\/strong><\/h3>\n<h3><strong>EDUCACI\u00d3N<\/strong><\/h3>\n<h3>Escuela de Medicina: Aga Khan University Medical College<\/h3>\n<h3>Pasant\u00eda y Residencia: Universidad de Connecticut<\/h3>\n<h3>Beca: Universidad de Wisconsin<\/h3>\n<h3><strong>A\u00d1OS PRACTICANDO: 1<\/strong><\/h3>\n<\/div><div class=\"fusion-clearfix\"><\/div><\/div><\/div><div class=\"fusion-layout-column fusion_builder_column fusion-builder-column-1 fusion_builder_column_2_3 2_3 fusion-two-third fusion-column-last\" style=\"--awb-bg-size:cover;width:66.666666666667%;width:calc(66.666666666667% - ( ( 4% ) * 0.66666666666667 ) );\"><div class=\"fusion-column-wrapper fusion-flex-column-wrapper-legacy\"><div class=\"fusion-image-element fusion-image-align-center in-legacy-container\" style=\"text-align:center;--awb-caption-title-font-family:var(--h2_typography-font-family);--awb-caption-title-font-weight:var(--h2_typography-font-weight);--awb-caption-title-font-style:var(--h2_typography-font-style);--awb-caption-title-size:var(--h2_typography-font-size);--awb-caption-title-transform:var(--h2_typography-text-transform);--awb-caption-title-line-height:var(--h2_typography-line-height);--awb-caption-title-letter-spacing:var(--h2_typography-letter-spacing);\"><div class=\"imageframe-align-center\"><span class=\"fusion-imageframe imageframe-none imageframe-1 hover-type-none\"><img decoding=\"async\" width=\"300\" height=\"266\" title=\"Dr. Ali Azeem\" src=\"https:\/\/www.socardiology.com\/wp-content\/uploads\/2021\/12\/azeem-300x266.jpg\" alt class=\"img-responsive wp-image-1744\" srcset=\"https:\/\/www.socardiology.com\/wp-content\/uploads\/2021\/12\/azeem-200x178.jpg 200w, https:\/\/www.socardiology.com\/wp-content\/uploads\/2021\/12\/azeem-400x355.jpg 400w, https:\/\/www.socardiology.com\/wp-content\/uploads\/2021\/12\/azeem-600x533.jpg 600w, https:\/\/www.socardiology.com\/wp-content\/uploads\/2021\/12\/azeem-800x710.jpg 800w, https:\/\/www.socardiology.com\/wp-content\/uploads\/2021\/12\/azeem-1200x1065.jpg 1200w, https:\/\/www.socardiology.com\/wp-content\/uploads\/2021\/12\/azeem.jpg 1900w\" sizes=\"(max-width: 800px) 100vw, 800px\" \/><\/span><\/div><\/div><div class=\"fusion-text fusion-text-2\"><h3>El Dr. Ali Ahsan Azeem complet\u00f3 su Escuela de Medicina en la Universidad Aga Khan en Karachi, Pakist\u00e1n, gradu\u00e1ndose con honores. Fue becario de Excelencia en lo acad\u00e9mico.<\/h3>\n<h3>Ali luego complet\u00f3 su entrenamiento de Medicina Interna en la Universidad de Connecticut, donde fue galardonado con el premio a la Excelencia en la Ense\u00f1anza por la facultad. Ali se desempe\u00f1\u00f3 como Jefe de Residentes antes de mudarse a los Hospitales y Cl\u00ednicas de la Universidad de Wisconsin, donde complet\u00f3 su entrenamiento en medicina cardiovascular. Est\u00e1 certificado por la Junta en Enfermedades Cardiovasculares, Cardiolog\u00eda Nuclear y Ecocardiograf\u00eda.<\/h3>\n<h3>En su tiempo libre, Ali es un padre a tiempo completo para dos ni\u00f1os en\u00e9rgicos que lo mantienen en pie. Tambi\u00e9n le gusta andar en bicicleta, correr y caminar. Su pr\u00f3ximo objetivo es correr una media marat\u00f3n si la vida y los ni\u00f1os lo permiten.<\/h3>\n<\/div><div class=\"fusion-clearfix\"><\/div><\/div><\/div><\/div><\/div>","protected":false},"excerpt":{"rendered":"","protected":false},"author":1,"featured_media":0,"parent":23,"menu_order":0,"comment_status":"closed","ping_status":"closed","template":"100-width.php","meta":{"_monsterinsights_skip_tracking":false,"_monsterinsights_sitenote_active":false,"_monsterinsights_sitenote_note":"","_monsterinsights_sitenote_category":0,"footnotes":""},"_links":{"self":[{"href":"https:\/\/www.socardiology.com\/es\/wp-json\/wp\/v2\/pages\/1742"}],"collection":[{"href":"https:\/\/www.socardiology.com\/es\/wp-json\/wp\/v2\/pages"}],"about":[{"href":"https:\/\/www.socardiology.com\/es\/wp-json\/wp\/v2\/types\/page"}],"author":[{"embeddable":true,"href":"https:\/\/www.socardiology.com\/es\/wp-json\/wp\/v2\/users\/1"}],"replies":[{"embeddable":true,"href":"https:\/\/www.socardiology.com\/es\/wp-json\/wp\/v2\/comments?post=1742"}],"version-history":[{"count":13,"href":"https:\/\/www.socardiology.com\/es\/wp-json\/wp\/v2\/pages\/1742\/revisions"}],"predecessor-version":[{"id":2058,"href":"https:\/\/www.socardiology.com\/es\/wp-json\/wp\/v2\/pages\/1742\/revisions\/2058"}],"up":[{"embeddable":true,"href":"https:\/\/www.socardiology.com\/es\/wp-json\/wp\/v2\/pages\/23"}],"wp:attachment":[{"href":"https:\/\/www.socardiology.com\/es\/wp-json\/wp\/v2\/media?parent=1742"}],"curies":[{"name":"wp","href":"https:\/\/api.w.org\/{rel}","templated":true}]}}