{"id":1615,"date":"2020-09-15T19:06:27","date_gmt":"2020-09-15T19:06:27","guid":{"rendered":"https:\/\/www.socardiology.com\/?page_id=1615"},"modified":"2025-08-25T17:29:23","modified_gmt":"2025-08-25T17:29:23","slug":"rohit-malhotra","status":"publish","type":"page","link":"https:\/\/www.socardiology.com\/es\/providers\/rohit-malhotra\/","title":{"rendered":"Rohit Malhotra"},"content":{"rendered":"<div class=\"fusion-fullwidth fullwidth-box fusion-builder-row-1 nonhundred-percent-fullwidth non-hundred-percent-height-scrolling\" style=\"--awb-border-radius-top-left:0px;--awb-border-radius-top-right:0px;--awb-border-radius-bottom-right:0px;--awb-border-radius-bottom-left:0px;--awb-flex-wrap:wrap;\" ><div class=\"fusion-builder-row fusion-row\"><div class=\"fusion-layout-column fusion_builder_column fusion-builder-column-0 fusion_builder_column_1_3 1_3 fusion-one-third fusion-column-first\" style=\"--awb-bg-size:cover;width:33.333333333333%;width:calc(33.333333333333% - ( ( 4% ) * 0.33333333333333 ) );margin-right: 4%;\"><div class=\"fusion-column-wrapper fusion-flex-column-wrapper-legacy\"><div class=\"fusion-text fusion-text-1\"><h3><strong>ESPECIALIDAD: <\/strong>Cardiolog\u00eda intervencionista<\/h3>\n<h3><strong>EDUCACI\u00d3N<\/strong><\/h3>\n<h3>Facultad de Medicina: Maulana Azad Medical College<\/h3>\n<h3>Beca de residencia, pasant\u00eda y cardiolog\u00eda: Universidad de Massachusetts<\/h3>\n<h3>Interventional Cardiology Fellowship: ICAHN School of Medicine, Mount Sinai Hospital<\/h3>\n<h3><strong>A\u00d1OS PRACTICANDO<\/strong><\/h3>\n<h3>1<\/h3>\n<\/div><div class=\"fusion-clearfix\"><\/div><\/div><\/div><div class=\"fusion-layout-column fusion_builder_column fusion-builder-column-1 fusion_builder_column_2_3 2_3 fusion-two-third fusion-column-last\" style=\"--awb-bg-size:cover;width:66.666666666667%;width:calc(66.666666666667% - ( ( 4% ) * 0.66666666666667 ) );\"><div class=\"fusion-column-wrapper fusion-flex-column-wrapper-legacy\"><div class=\"fusion-image-element fusion-image-align-center in-legacy-container\" style=\"text-align:center;--awb-caption-title-font-family:var(--h2_typography-font-family);--awb-caption-title-font-weight:var(--h2_typography-font-weight);--awb-caption-title-font-style:var(--h2_typography-font-style);--awb-caption-title-size:var(--h2_typography-font-size);--awb-caption-title-transform:var(--h2_typography-text-transform);--awb-caption-title-line-height:var(--h2_typography-line-height);--awb-caption-title-letter-spacing:var(--h2_typography-letter-spacing);\"><div class=\"imageframe-align-center\"><span class=\"fusion-imageframe imageframe-none imageframe-1 hover-type-none\"><a class=\"fusion-no-lightbox\" href=\"https:\/\/www.socardiology.com\/es\/providers\/rohit-malhotra\/\" target=\"_self\" aria-label=\"Malhotra\"><img decoding=\"async\" width=\"300\" height=\"266\" src=\"https:\/\/www.socardiology.com\/wp-content\/uploads\/2020\/09\/Malhotra-300x266.jpg\" alt class=\"img-responsive wp-image-1612\" srcset=\"https:\/\/www.socardiology.com\/wp-content\/uploads\/2020\/09\/Malhotra-200x178.jpg 200w, https:\/\/www.socardiology.com\/wp-content\/uploads\/2020\/09\/Malhotra-400x355.jpg 400w, https:\/\/www.socardiology.com\/wp-content\/uploads\/2020\/09\/Malhotra-600x533.jpg 600w, https:\/\/www.socardiology.com\/wp-content\/uploads\/2020\/09\/Malhotra-800x710.jpg 800w, https:\/\/www.socardiology.com\/wp-content\/uploads\/2020\/09\/Malhotra-1200x1065.jpg 1200w, https:\/\/www.socardiology.com\/wp-content\/uploads\/2020\/09\/Malhotra.jpg 1900w\" sizes=\"(max-width: 800px) 100vw, 800px\" \/><\/a><\/span><\/div><\/div><div class=\"fusion-text fusion-text-2\"><h3>El Dr. Malhotra complet\u00f3 la escuela de medicina en Nueva Delhi, India y posteriormente se mud\u00f3 a los Estados Unidos para continuar su educaci\u00f3n. Termin\u00f3 su residencia en Medicina Interna y su especializaci\u00f3n en Medicina Cardiovascular en la Universidad de Massachusetts. Un gran inter\u00e9s en realizar intervenciones coronarias lo llev\u00f3 a realizar una formaci\u00f3n especializada en Cardiolog\u00eda Intervencionista en el Hospital Mount Sinai en la ciudad de Nueva York, NY.<\/h3>\n<h3>Est\u00e1 certificado por la junta en Medicina Interna, Cardiolog\u00eda, Cardiolog\u00eda Nuclear y Ecocardiograf\u00eda y tambi\u00e9n es Miembro del Colegio Americano de Cardiolog\u00eda. Adem\u00e1s, es elegible para la junta en Cardiolog\u00eda Intervencionista. Se enfoca en brindar atenci\u00f3n centrada en el paciente en una amplia gama de enfermedades card\u00edacas. La formaci\u00f3n especializada en cardiolog\u00eda intervencionista le permite realizar procedimientos avanzados como la colocaci\u00f3n de stents para la enfermedad arterial coronaria y la enfermedad arterial perif\u00e9rica. Sus intereses especiales radican en las intervenciones para lesiones coronarias complejas.<\/h3>\n<h3>En su tiempo libre le gusta hacer senderismo y tambi\u00e9n le gusta cocinar.<\/h3>\n<\/div><div class=\"fusion-clearfix\"><\/div><\/div><\/div><\/div><\/div>","protected":false},"excerpt":{"rendered":"","protected":false},"author":1,"featured_media":0,"parent":23,"menu_order":0,"comment_status":"closed","ping_status":"closed","template":"100-width.php","meta":{"_monsterinsights_skip_tracking":false,"_monsterinsights_sitenote_active":false,"_monsterinsights_sitenote_note":"","_monsterinsights_sitenote_category":0,"footnotes":""},"_links":{"self":[{"href":"https:\/\/www.socardiology.com\/es\/wp-json\/wp\/v2\/pages\/1615"}],"collection":[{"href":"https:\/\/www.socardiology.com\/es\/wp-json\/wp\/v2\/pages"}],"about":[{"href":"https:\/\/www.socardiology.com\/es\/wp-json\/wp\/v2\/types\/page"}],"author":[{"embeddable":true,"href":"https:\/\/www.socardiology.com\/es\/wp-json\/wp\/v2\/users\/1"}],"replies":[{"embeddable":true,"href":"https:\/\/www.socardiology.com\/es\/wp-json\/wp\/v2\/comments?post=1615"}],"version-history":[{"count":7,"href":"https:\/\/www.socardiology.com\/es\/wp-json\/wp\/v2\/pages\/1615\/revisions"}],"predecessor-version":[{"id":2073,"href":"https:\/\/www.socardiology.com\/es\/wp-json\/wp\/v2\/pages\/1615\/revisions\/2073"}],"up":[{"embeddable":true,"href":"https:\/\/www.socardiology.com\/es\/wp-json\/wp\/v2\/pages\/23"}],"wp:attachment":[{"href":"https:\/\/www.socardiology.com\/es\/wp-json\/wp\/v2\/media?parent=1615"}],"curies":[{"name":"wp","href":"https:\/\/api.w.org\/{rel}","templated":true}]}}