{"id":1441,"date":"2019-04-30T20:37:44","date_gmt":"2019-04-30T20:37:44","guid":{"rendered":"https:\/\/www.socardiology.com\/?page_id=1441"},"modified":"2023-08-26T14:44:37","modified_gmt":"2023-08-26T14:44:37","slug":"stacey-romney","status":"publish","type":"page","link":"https:\/\/www.socardiology.com\/es\/providers\/stacey-romney\/","title":{"rendered":"Stacey Romney"},"content":{"rendered":"<div class=\"fusion-fullwidth fullwidth-box fusion-builder-row-1 nonhundred-percent-fullwidth non-hundred-percent-height-scrolling\" style=\"--awb-border-radius-top-left:0px;--awb-border-radius-top-right:0px;--awb-border-radius-bottom-right:0px;--awb-border-radius-bottom-left:0px;--awb-flex-wrap:wrap;\" ><div class=\"fusion-builder-row fusion-row\"><div class=\"fusion-layout-column fusion_builder_column fusion-builder-column-0 fusion_builder_column_1_3 1_3 fusion-one-third fusion-column-first\" style=\"--awb-bg-size:cover;width:33.333333333333%;width:calc(33.333333333333% - ( ( 4% ) * 0.33333333333333 ) );margin-right: 4%;\"><div class=\"fusion-column-wrapper fusion-flex-column-wrapper-legacy\"><div class=\"fusion-text fusion-text-1\"><h3><strong>EDUCACI\u00d3N<\/strong><\/h3>\n<h3>Licenciatura en Ciencias en Enfermer\u00eda: Radford University<\/h3>\n<h3>Maestr\u00eda en Ciencias en Enfermer\u00eda: Universidad de Ciencias de la Salud de Oregon<\/h3>\n<h3><strong>A\u00d1OS PRACTICANDO<\/strong><\/h3>\n<h3>32<\/h3>\n<\/div><div class=\"fusion-clearfix\"><\/div><\/div><\/div><div class=\"fusion-layout-column fusion_builder_column fusion-builder-column-1 fusion_builder_column_2_3 2_3 fusion-two-third fusion-column-last\" style=\"--awb-bg-size:cover;width:66.666666666667%;width:calc(66.666666666667% - ( ( 4% ) * 0.66666666666667 ) );\"><div class=\"fusion-column-wrapper fusion-flex-column-wrapper-legacy\"><div class=\"fusion-image-element fusion-image-align-left in-legacy-container\" style=\"text-align:left;--awb-caption-title-font-family:var(--h2_typography-font-family);--awb-caption-title-font-weight:var(--h2_typography-font-weight);--awb-caption-title-font-style:var(--h2_typography-font-style);--awb-caption-title-size:var(--h2_typography-font-size);--awb-caption-title-transform:var(--h2_typography-text-transform);--awb-caption-title-line-height:var(--h2_typography-line-height);--awb-caption-title-letter-spacing:var(--h2_typography-letter-spacing);\"><span class=\"fusion-imageframe imageframe-none imageframe-1 hover-type-none\" style=\"margin-right:25px;float:left;\"><img decoding=\"async\" width=\"300\" height=\"266\" title=\"romney\" src=\"https:\/\/www.socardiology.com\/wp-content\/uploads\/2019\/04\/romney-300x266.jpg\" alt class=\"img-responsive wp-image-1428\" srcset=\"https:\/\/www.socardiology.com\/wp-content\/uploads\/2019\/04\/romney-200x177.jpg 200w, https:\/\/www.socardiology.com\/wp-content\/uploads\/2019\/04\/romney-400x354.jpg 400w, https:\/\/www.socardiology.com\/wp-content\/uploads\/2019\/04\/romney-600x531.jpg 600w, https:\/\/www.socardiology.com\/wp-content\/uploads\/2019\/04\/romney-800x708.jpg 800w, https:\/\/www.socardiology.com\/wp-content\/uploads\/2019\/04\/romney-1200x1063.jpg 1200w, https:\/\/www.socardiology.com\/wp-content\/uploads\/2019\/04\/romney.jpg 1905w\" sizes=\"(max-width: 800px) 100vw, 800px\" \/><\/span><\/div><div class=\"fusion-text fusion-text-2\"><h3>Stacey Romney, MSN, FNP-C, se gradu\u00f3 con una licenciatura en enfermer\u00eda de la Universidad de Radford en Virginia, donde se cri\u00f3. Como enfermera registrada, trabaj\u00f3 en cardiolog\u00eda, atenci\u00f3n domiciliaria y cuidados paliativos. Stacey asisti\u00f3 a la Universidad de Ciencias de la Salud de Oreg\u00f3n y obtuvo una Maestr\u00eda en Ciencias en Enfermer\u00eda en 1997. Despu\u00e9s de graduarse, se mud\u00f3 al hermoso sur de Oreg\u00f3n.<br \/>\nComo enfermera familiar, Stacey ha disfrutado de muchos a\u00f1os brindando atenci\u00f3n integral en medicina familiar tanto en Grants Pass como en Talent. Durante este tiempo tambi\u00e9n se ofreci\u00f3 como voluntaria en el extranjero en misiones m\u00e9dicas en Brasil y Per\u00fa.<\/h3>\n<h3>A lo largo de su carrera, Stacey se ha comprometido a educar a los pacientes sobre sus afecciones m\u00e9dicas y a capacitarlos para mejorar su calidad de vida. Ella explica en t\u00e9rminos que entienden para ayudar a aliviar el miedo. Le apasiona el trabajo que hace y est\u00e1 emocionada de volver a la cardiolog\u00eda, su primer amor.<\/h3>\n<h3>En su tiempo libre, Stacey intenta mantenerse al d\u00eda con su hijo en bicicleta de monta\u00f1a y esquiando. Tambi\u00e9n le gusta ir de mochilero con su perro, la jardiner\u00eda y los viajes de aventura.<\/h3>\n<\/div><div class=\"fusion-clearfix\"><\/div><\/div><\/div><\/div><\/div>","protected":false},"excerpt":{"rendered":"","protected":false},"author":1,"featured_media":0,"parent":23,"menu_order":0,"comment_status":"closed","ping_status":"closed","template":"100-width.php","meta":{"_monsterinsights_skip_tracking":false,"_monsterinsights_sitenote_active":false,"_monsterinsights_sitenote_note":"","_monsterinsights_sitenote_category":0,"footnotes":""},"_links":{"self":[{"href":"https:\/\/www.socardiology.com\/es\/wp-json\/wp\/v2\/pages\/1441"}],"collection":[{"href":"https:\/\/www.socardiology.com\/es\/wp-json\/wp\/v2\/pages"}],"about":[{"href":"https:\/\/www.socardiology.com\/es\/wp-json\/wp\/v2\/types\/page"}],"author":[{"embeddable":true,"href":"https:\/\/www.socardiology.com\/es\/wp-json\/wp\/v2\/users\/1"}],"replies":[{"embeddable":true,"href":"https:\/\/www.socardiology.com\/es\/wp-json\/wp\/v2\/comments?post=1441"}],"version-history":[{"count":8,"href":"https:\/\/www.socardiology.com\/es\/wp-json\/wp\/v2\/pages\/1441\/revisions"}],"predecessor-version":[{"id":1916,"href":"https:\/\/www.socardiology.com\/es\/wp-json\/wp\/v2\/pages\/1441\/revisions\/1916"}],"up":[{"embeddable":true,"href":"https:\/\/www.socardiology.com\/es\/wp-json\/wp\/v2\/pages\/23"}],"wp:attachment":[{"href":"https:\/\/www.socardiology.com\/es\/wp-json\/wp\/v2\/media?parent=1441"}],"curies":[{"name":"wp","href":"https:\/\/api.w.org\/{rel}","templated":true}]}}