{"id":136,"date":"2018-01-31T18:32:45","date_gmt":"2018-01-31T18:32:45","guid":{"rendered":"http:\/\/redesign.socardiology.com\/?page_id=136"},"modified":"2025-08-25T17:23:35","modified_gmt":"2025-08-25T17:23:35","slug":"eric-pena","status":"publish","type":"page","link":"https:\/\/www.socardiology.com\/es\/providers\/eric-pena\/","title":{"rendered":"Eric Pena"},"content":{"rendered":"<div class=\"fusion-fullwidth fullwidth-box fusion-builder-row-1 nonhundred-percent-fullwidth non-hundred-percent-height-scrolling\" style=\"--awb-border-radius-top-left:0px;--awb-border-radius-top-right:0px;--awb-border-radius-bottom-right:0px;--awb-border-radius-bottom-left:0px;--awb-flex-wrap:wrap;\" ><div class=\"fusion-builder-row fusion-row\"><div class=\"fusion-layout-column fusion_builder_column fusion-builder-column-0 fusion_builder_column_1_3 1_3 fusion-one-third fusion-column-first\" style=\"--awb-bg-size:cover;width:33.333333333333%;width:calc(33.333333333333% - ( ( 4% ) * 0.33333333333333 ) );margin-right: 4%;\"><div class=\"fusion-column-wrapper fusion-flex-column-wrapper-legacy\"><div class=\"fusion-text fusion-text-1\"><h3><strong>ESPECIALIDAD: <\/strong>Electrofisiolog\u00eda card\u00edaca<\/h3>\n<h3><strong>EDUCACI\u00d3N:<\/strong><\/h3>\n<h3>Licenciatura: Universidad de Miami<\/h3>\n<h3>Facultad de Medicina: Universidad del Sur de Florida<\/h3>\n<h3>Pasant\u00eda y residencia y beca: Universidad de Emory<\/h3>\n<h3><strong>A\u00d1OS PRACTICANDO: <\/strong>15<\/h3>\n<\/div><div class=\"fusion-clearfix\"><\/div><\/div><\/div><div class=\"fusion-layout-column fusion_builder_column fusion-builder-column-1 fusion_builder_column_2_3 2_3 fusion-two-third fusion-column-last\" style=\"--awb-bg-size:cover;width:66.666666666667%;width:calc(66.666666666667% - ( ( 4% ) * 0.66666666666667 ) );\"><div class=\"fusion-column-wrapper fusion-flex-column-wrapper-legacy\"><div class=\"fusion-image-element fusion-image-align-center in-legacy-container\" style=\"text-align:center;--awb-caption-title-font-family:var(--h2_typography-font-family);--awb-caption-title-font-weight:var(--h2_typography-font-weight);--awb-caption-title-font-style:var(--h2_typography-font-style);--awb-caption-title-size:var(--h2_typography-font-size);--awb-caption-title-transform:var(--h2_typography-text-transform);--awb-caption-title-line-height:var(--h2_typography-line-height);--awb-caption-title-letter-spacing:var(--h2_typography-letter-spacing);\"><div class=\"imageframe-align-center\"><span class=\"fusion-imageframe imageframe-none imageframe-1 hover-type-none\"><img decoding=\"async\" width=\"300\" height=\"267\" title=\"Pena\" src=\"https:\/\/www.socardiology.com\/wp-content\/uploads\/2018\/09\/Pena-300x267.jpg\" alt class=\"img-responsive wp-image-1287\" srcset=\"https:\/\/www.socardiology.com\/wp-content\/uploads\/2018\/09\/Pena-200x178.jpg 200w, https:\/\/www.socardiology.com\/wp-content\/uploads\/2018\/09\/Pena-400x355.jpg 400w, https:\/\/www.socardiology.com\/wp-content\/uploads\/2018\/09\/Pena-600x533.jpg 600w, https:\/\/www.socardiology.com\/wp-content\/uploads\/2018\/09\/Pena-800x711.jpg 800w, https:\/\/www.socardiology.com\/wp-content\/uploads\/2018\/09\/Pena-1200x1066.jpg 1200w, https:\/\/www.socardiology.com\/wp-content\/uploads\/2018\/09\/Pena.jpg 1900w\" sizes=\"(max-width: 800px) 100vw, 800px\" \/><\/span><\/div><\/div><div class=\"fusion-text fusion-text-2\"><h3>Eric Pena, MD obtuvo su t\u00edtulo universitario de la Universidad de Miami en Florida y su t\u00edtulo m\u00e9dico de la Universidad del Sur de Florida. Realiz\u00f3 su pasant\u00eda, residencia y beca en Emory University en Atlanta, GA, donde tambi\u00e9n se desempe\u00f1\u00f3 como jefe m\u00e9dico residente.<\/h3>\n<h3>Est\u00e1 certificado por la junta en Cardiolog\u00eda y Electrofisiolog\u00eda. Es miembro del Colegio Americano de Cardiolog\u00eda. El Dr. Pe\u00f1a ha participado como investigador principal en varios estudios de investigaci\u00f3n para el desarrollo de tecnolog\u00eda m\u00e9dica para atender a pacientes de cardiolog\u00eda.<\/h3>\n<h3>Ha impartido conferencias en los EE. UU. Sobre la nueva tecnolog\u00eda de ablaci\u00f3n, marcapasos y desfibriladores y ha sido profesor en reuniones internacionales de la Heart Rhythm Society. El Dr. Pena se especializa en Cardiolog\u00eda y Electrofisiolog\u00eda; realiza todo el espectro de ablaciones complejas e implantes de dispositivos.<\/h3>\n<h3>Le gusta esquiar, pescar, acampar y andar en bicicleta de monta\u00f1a.<\/h3>\n<\/div><div class=\"fusion-clearfix\"><\/div><\/div><\/div><\/div><\/div>","protected":false},"excerpt":{"rendered":"","protected":false},"author":1,"featured_media":0,"parent":23,"menu_order":0,"comment_status":"closed","ping_status":"closed","template":"100-width.php","meta":{"_monsterinsights_skip_tracking":false,"_monsterinsights_sitenote_active":false,"_monsterinsights_sitenote_note":"","_monsterinsights_sitenote_category":0,"footnotes":""},"_links":{"self":[{"href":"https:\/\/www.socardiology.com\/es\/wp-json\/wp\/v2\/pages\/136"}],"collection":[{"href":"https:\/\/www.socardiology.com\/es\/wp-json\/wp\/v2\/pages"}],"about":[{"href":"https:\/\/www.socardiology.com\/es\/wp-json\/wp\/v2\/types\/page"}],"author":[{"embeddable":true,"href":"https:\/\/www.socardiology.com\/es\/wp-json\/wp\/v2\/users\/1"}],"replies":[{"embeddable":true,"href":"https:\/\/www.socardiology.com\/es\/wp-json\/wp\/v2\/comments?post=136"}],"version-history":[{"count":10,"href":"https:\/\/www.socardiology.com\/es\/wp-json\/wp\/v2\/pages\/136\/revisions"}],"predecessor-version":[{"id":2064,"href":"https:\/\/www.socardiology.com\/es\/wp-json\/wp\/v2\/pages\/136\/revisions\/2064"}],"up":[{"embeddable":true,"href":"https:\/\/www.socardiology.com\/es\/wp-json\/wp\/v2\/pages\/23"}],"wp:attachment":[{"href":"https:\/\/www.socardiology.com\/es\/wp-json\/wp\/v2\/media?parent=136"}],"curies":[{"name":"wp","href":"https:\/\/api.w.org\/{rel}","templated":true}]}}