{"id":122,"date":"2018-01-31T18:30:32","date_gmt":"2018-01-31T18:30:32","guid":{"rendered":"http:\/\/redesign.socardiology.com\/?page_id=122"},"modified":"2023-08-26T14:28:03","modified_gmt":"2023-08-26T14:28:03","slug":"mark-moran","status":"publish","type":"page","link":"https:\/\/www.socardiology.com\/es\/providers\/mark-moran\/","title":{"rendered":"Mark Moran"},"content":{"rendered":"<div class=\"fusion-fullwidth fullwidth-box fusion-builder-row-1 nonhundred-percent-fullwidth non-hundred-percent-height-scrolling\" style=\"--awb-border-radius-top-left:0px;--awb-border-radius-top-right:0px;--awb-border-radius-bottom-right:0px;--awb-border-radius-bottom-left:0px;--awb-flex-wrap:wrap;\" ><div class=\"fusion-builder-row fusion-row\"><div class=\"fusion-layout-column fusion_builder_column fusion-builder-column-0 fusion_builder_column_1_3 1_3 fusion-one-third fusion-column-first\" style=\"--awb-bg-size:cover;width:33.333333333333%;width:calc(33.333333333333% - ( ( 4% ) * 0.33333333333333 ) );margin-right: 4%;\"><div class=\"fusion-column-wrapper fusion-flex-column-wrapper-legacy\"><div class=\"fusion-text fusion-text-1\"><h3><strong>ESPECIALIDAD<\/strong><\/h3>\n<h3>Cardiolog\u00eda intervencionista<\/h3>\n<h3><strong>EDUCACI\u00d3N<\/strong><\/h3>\n<h3>Licenciatura: Universidad de California en Santa Cruz<\/h3>\n<h3>Facultad de Medicina: Universidad de California en Los \u00c1ngeles<\/h3>\n<h3>Residencia: Universidad de California en la Facultad de Medicina de Los \u00c1ngeles<\/h3>\n<h3>Beca: Universidad de California en Los \u00c1ngeles Medical Center<\/h3>\n<h3><strong>A\u00d1OS PRACTICANDO<\/strong><\/h3>\n<h3>38<\/h3>\n<\/div><div class=\"fusion-clearfix\"><\/div><\/div><\/div><div class=\"fusion-layout-column fusion_builder_column fusion-builder-column-1 fusion_builder_column_2_3 2_3 fusion-two-third fusion-column-last\" style=\"--awb-bg-size:cover;width:66.666666666667%;width:calc(66.666666666667% - ( ( 4% ) * 0.66666666666667 ) );\"><div class=\"fusion-column-wrapper fusion-flex-column-wrapper-legacy\"><div class=\"fusion-image-element fusion-image-align-center in-legacy-container\" style=\"text-align:center;--awb-caption-title-font-family:var(--h2_typography-font-family);--awb-caption-title-font-weight:var(--h2_typography-font-weight);--awb-caption-title-font-style:var(--h2_typography-font-style);--awb-caption-title-size:var(--h2_typography-font-size);--awb-caption-title-transform:var(--h2_typography-text-transform);--awb-caption-title-line-height:var(--h2_typography-line-height);--awb-caption-title-letter-spacing:var(--h2_typography-letter-spacing);\"><div class=\"imageframe-align-center\"><span class=\"fusion-imageframe imageframe-none imageframe-1 hover-type-none\"><img decoding=\"async\" width=\"300\" height=\"267\" title=\"Moran\" src=\"https:\/\/www.socardiology.com\/wp-content\/uploads\/2018\/09\/Moran-300x267.jpg\" alt class=\"img-responsive wp-image-1282\" srcset=\"https:\/\/www.socardiology.com\/wp-content\/uploads\/2018\/09\/Moran-200x178.jpg 200w, https:\/\/www.socardiology.com\/wp-content\/uploads\/2018\/09\/Moran-400x355.jpg 400w, https:\/\/www.socardiology.com\/wp-content\/uploads\/2018\/09\/Moran-600x533.jpg 600w, https:\/\/www.socardiology.com\/wp-content\/uploads\/2018\/09\/Moran-800x711.jpg 800w, https:\/\/www.socardiology.com\/wp-content\/uploads\/2018\/09\/Moran-1200x1066.jpg 1200w, https:\/\/www.socardiology.com\/wp-content\/uploads\/2018\/09\/Moran.jpg 1900w\" sizes=\"(max-width: 800px) 100vw, 800px\" \/><\/span><\/div><\/div><!-- Cross-browser compatibility scripts --> \n<script src=\"https:\/\/reviews.rater8.com\/scripts\/bluebird.min.js\"><\/script> \n<script src=\"https:\/\/reviews.rater8.com\/scripts\/fetch.umd.js\"><\/script> \n<script type=\"text\/javascript\"> \nfunction showBadge(type, publicEntityId, elementId, format) { \n  fetch('https:\/\/reviews.rater8.com\/webwidget\/api\/ratingsummary\/' + type + '\/' + publicEntityId + '?format=' + format) \n  .then(function(response) { \n    response.text() \n    .then(function(snippet) { \n      document.getElementById(elementId).innerHTML = snippet; }) }) } \n<\/script> \n<div id=\"rater8\"><\/div> <script type=\"text\/javascript\"> \nshowBadge('Provider', '2a2eae11', 'rater8', 'htmlrating') \n<\/script>\n<br\/><div class=\"fusion-text fusion-text-2\"><h3>Mark Moran, MD se gradu\u00f3 con los m\u00e1s altos honores en Biolog\u00eda de la Universidad de California en Santa Cruz y recibi\u00f3 su t\u00edtulo m\u00e9dico de la Universidad de California en Los \u00c1ngeles (UCLA). Continu\u00f3 en UCLA Medical Center para su residencia en Medicina Interna, donde fue reconocido como M\u00e9dico Interno del A\u00f1o.<\/h3>\n<h3>El Dr. Mark Moran est\u00e1 certificado por la junta en medicina interna, medicina cardiovascular y cardiolog\u00eda intervencionista. Es miembro del Colegio Americano de Cardiolog\u00eda y de la Sociedad de Angiograf\u00eda e Intervenci\u00f3n Coronarias y tambi\u00e9n es reconocido por la Junta Internacional de Examinadores del Ritmo Card\u00edaco como un especialista certificado en dispositivos card\u00edacos. El Dr. Moran se especializa en cardiolog\u00eda intervencionista e implantaci\u00f3n de marcapasos y desfibriladores implantables.<\/h3>\n<\/div><div class=\"fusion-clearfix\"><\/div><\/div><\/div><\/div><\/div>","protected":false},"excerpt":{"rendered":"","protected":false},"author":1,"featured_media":0,"parent":23,"menu_order":0,"comment_status":"closed","ping_status":"closed","template":"100-width.php","meta":{"_monsterinsights_skip_tracking":false,"_monsterinsights_sitenote_active":false,"_monsterinsights_sitenote_note":"","_monsterinsights_sitenote_category":0,"footnotes":""},"_links":{"self":[{"href":"https:\/\/www.socardiology.com\/es\/wp-json\/wp\/v2\/pages\/122"}],"collection":[{"href":"https:\/\/www.socardiology.com\/es\/wp-json\/wp\/v2\/pages"}],"about":[{"href":"https:\/\/www.socardiology.com\/es\/wp-json\/wp\/v2\/types\/page"}],"author":[{"embeddable":true,"href":"https:\/\/www.socardiology.com\/es\/wp-json\/wp\/v2\/users\/1"}],"replies":[{"embeddable":true,"href":"https:\/\/www.socardiology.com\/es\/wp-json\/wp\/v2\/comments?post=122"}],"version-history":[{"count":10,"href":"https:\/\/www.socardiology.com\/es\/wp-json\/wp\/v2\/pages\/122\/revisions"}],"predecessor-version":[{"id":1906,"href":"https:\/\/www.socardiology.com\/es\/wp-json\/wp\/v2\/pages\/122\/revisions\/1906"}],"up":[{"embeddable":true,"href":"https:\/\/www.socardiology.com\/es\/wp-json\/wp\/v2\/pages\/23"}],"wp:attachment":[{"href":"https:\/\/www.socardiology.com\/es\/wp-json\/wp\/v2\/media?parent=122"}],"curies":[{"name":"wp","href":"https:\/\/api.w.org\/{rel}","templated":true}]}}