{"id":1199,"date":"2018-09-12T18:24:50","date_gmt":"2018-09-12T18:24:50","guid":{"rendered":"http:\/\/redesign.socardiology.com\/?page_id=1199"},"modified":"2018-10-15T20:45:55","modified_gmt":"2018-10-15T20:45:55","slug":"your-visit","status":"publish","type":"page","link":"https:\/\/www.socardiology.com\/es\/patient-information\/your-visit\/","title":{"rendered":"Tu visita"},"content":{"rendered":"<div class=\"fusion-fullwidth fullwidth-box fusion-builder-row-1 nonhundred-percent-fullwidth non-hundred-percent-height-scrolling\" style=\"--awb-border-radius-top-left:0px;--awb-border-radius-top-right:0px;--awb-border-radius-bottom-right:0px;--awb-border-radius-bottom-left:0px;--awb-padding-top:40px;--awb-background-color:rgba(255,255,255,0.18);--awb-flex-wrap:wrap;\" ><div class=\"fusion-builder-row fusion-row\"><div class=\"fusion-layout-column fusion_builder_column fusion-builder-column-0 fusion_builder_column_3_4 3_4 fusion-three-fourth fusion-column-first\" style=\"--awb-padding-top:20px;--awb-padding-right:20px;--awb-padding-bottom:20px;--awb-padding-left:20px;--awb-bg-color:rgba(96,125,139,0.1);--awb-bg-color-hover:rgba(96,125,139,0.1);--awb-bg-size:cover;width:75%;width:calc(75% - ( ( 4% ) * 0.75 ) );margin-right: 4%;\"><div class=\"fusion-column-wrapper fusion-flex-column-wrapper-legacy\"><div class=\"fusion-text fusion-text-1\"><h1>TU VISITA<\/h1>\n<\/div><div class=\"fusion-text fusion-text-2\"><h3>Llegue 30 minutos antes de su cita para completar el proceso de registro y alojamiento.<\/h3>\n<\/div><div class=\"fusion-text fusion-text-3\"><h1>QUE TRAER<\/h1>\n<\/div><div class=\"fusion-text fusion-text-4\"><h3>Para asegurarnos de que podamos procesar su documentaci\u00f3n y las autorizaciones del seguro de la manera m\u00e1s fluida posible, traiga lo siguiente a su cita:<\/h3>\n<ul>\n<li>\n<h3>Tarjeta de seguro<\/h3>\n<\/li>\n<li>\n<h3>Referencias m\u00e9dicas (si corresponde)<\/h3>\n<\/li>\n<li>\n<h3>Identificaci\u00f3n de imagen<\/h3>\n<\/li>\n<li>\n<h3>Todos sus frascos de medicamentos.<\/h3>\n<\/li>\n<li>\n<h3>Copago. Aceptamos efectivo, cheques y tarjetas de cr\u00e9dito Visa, Mastercard y Discover.<\/h3>\n<\/li>\n<li>\n<h3>Formularios<\/h3>\n<\/li>\n<li>\n<h3>Use ropa holgada y zapatos para caminar.<\/h3>\n<\/li>\n<\/ul>\n<\/div><div class=\"fusion-text fusion-text-5\"><h3>NOTA: Debido a la naturaleza de nuestra pr\u00e1ctica, el horario de nuestro m\u00e9dico puede verse interrumpido por un trauma o una emergencia en el hospital. Estos casos emergentes pueden generar una espera de hasta una (1) hora. Si tal evento ocurriera en un d\u00eda que est\u00e1 programado, con gusto reprogramaremos su cita si no puede esperar al m\u00e9dico.<\/h3>\n<\/div><div class=\"fusion-clearfix\"><\/div><\/div><\/div><div class=\"fusion-layout-column fusion_builder_column fusion-builder-column-1 fusion_builder_column_1_4 1_4 fusion-one-fourth fusion-column-last\" style=\"--awb-bg-size:cover;width:25%;width:calc(25% - ( ( 4% ) * 0.25 ) );\"><div class=\"fusion-column-wrapper fusion-flex-column-wrapper-legacy\"><div class=\"fusion-sep-clear\"><\/div><div class=\"fusion-separator fusion-full-width-sep\" style=\"margin-left: auto;margin-right: auto;margin-top:20px;margin-bottom:20px;width:100%;\"><\/div><div class=\"fusion-sep-clear\"><\/div><div class=\"fusion-content-boxes content-boxes columns row fusion-columns-1 fusion-columns-total-3 fusion-content-boxes-1 content-boxes-icon-with-title content-left\" style=\"--awb-margin-top:0px;--awb-margin-bottom:0px;--awb-hover-accent-color:#6b6451;--awb-circle-hover-accent-color:#6b6451;--awb-item-margin-bottom:40px;\" data-animationoffset=\"top-into-view\"><div style=\"--awb-backgroundcolor:rgba(255,255,255,0);\" class=\"fusion-column content-box-column content-box-column content-box-column-1 col-lg-12 col-md-12 col-sm-12 fusion-content-box-hover content-box-column-last-in-row\"><div class=\"col content-box-wrapper content-wrapper link-area-link-icon link-type-text icon-hover-animation-pulsate\" data-animationoffset=\"top-into-view\"><div class=\"heading heading-with-icon icon-left\"><a class=\"heading-link\" style=\"float:left;\" href=\"https:\/\/www.socardiology.com\/es\/patient-information\/\" target=\"_self\"><div class=\"icon\"><i style=\"border-color:#d9c794;border-width:1px;background-color:#d9c794;box-sizing:content-box;height:36px;width:36px;line-height:36px;border-radius:50%;font-size:18px;\" aria-hidden=\"true\" class=\"fontawesome-icon fa-address-book far circle-yes\"><\/i><\/div><h2 class=\"content-box-heading\" style=\"--h2_typography-font-size:18px;line-height:23px;\">Informaci\u00f3n del paciente<\/h2><\/a><\/div><\/div><\/div><div style=\"--awb-backgroundcolor:rgba(255,255,255,0);\" class=\"fusion-column content-box-column content-box-column content-box-column-2 col-lg-12 col-md-12 col-sm-12 fusion-content-box-hover content-box-column-last-in-row\"><div class=\"col content-box-wrapper content-wrapper link-area-link-icon link-type-text icon-hover-animation-pulsate\" data-animationoffset=\"top-into-view\"><div class=\"heading heading-with-icon icon-left\"><a class=\"heading-link\" style=\"float:left;\" href=\"https:\/\/www.socardiology.com\/es\/patient-information\/patient-forms\/\" target=\"_self\"><div class=\"icon\"><i style=\"border-color:#d9c794;border-width:1px;background-color:#d9c794;box-sizing:content-box;height:36px;width:36px;line-height:36px;border-radius:50%;font-size:18px;\" aria-hidden=\"true\" class=\"fontawesome-icon fa fa-list-alt circle-yes\"><\/i><\/div><h2 class=\"content-box-heading\" style=\"--h2_typography-font-size:18px;line-height:23px;\">Formularios de pacientes<\/h2><\/a><\/div><\/div><\/div><div style=\"--awb-backgroundcolor:rgba(255,255,255,0);\" class=\"fusion-column content-box-column content-box-column content-box-column-3 col-lg-12 col-md-12 col-sm-12 fusion-content-box-hover content-box-column-last content-box-column-last-in-row\"><div class=\"col content-box-wrapper content-wrapper link-area-link-icon link-type-text icon-hover-animation-pulsate\" data-animationoffset=\"top-into-view\"><div class=\"heading heading-with-icon icon-left\"><a class=\"heading-link\" style=\"float:left;\" href=\"https:\/\/www.socardiology.com\/es\/patient-information\/billing\/\" target=\"_self\"><div class=\"icon\"><i style=\"border-color:#d9c794;border-width:1px;background-color:#d9c794;box-sizing:content-box;height:36px;width:36px;line-height:36px;border-radius:50%;font-size:18px;\" aria-hidden=\"true\" class=\"fontawesome-icon fa-money-bill-alt far circle-yes\"><\/i><\/div><h2 class=\"content-box-heading\" style=\"--h2_typography-font-size:18px;line-height:23px;\">Facturaci\u00f3n<\/h2><\/a><\/div><\/div><\/div><div class=\"fusion-clearfix\"><\/div><\/div><div class=\"fusion-clearfix\"><\/div><\/div><\/div><\/div><\/div>","protected":false},"excerpt":{"rendered":"","protected":false},"author":1,"featured_media":0,"parent":27,"menu_order":0,"comment_status":"closed","ping_status":"closed","template":"100-width.php","meta":{"_monsterinsights_skip_tracking":false,"_monsterinsights_sitenote_active":false,"_monsterinsights_sitenote_note":"","_monsterinsights_sitenote_category":0,"footnotes":""},"_links":{"self":[{"href":"https:\/\/www.socardiology.com\/es\/wp-json\/wp\/v2\/pages\/1199"}],"collection":[{"href":"https:\/\/www.socardiology.com\/es\/wp-json\/wp\/v2\/pages"}],"about":[{"href":"https:\/\/www.socardiology.com\/es\/wp-json\/wp\/v2\/types\/page"}],"author":[{"embeddable":true,"href":"https:\/\/www.socardiology.com\/es\/wp-json\/wp\/v2\/users\/1"}],"replies":[{"embeddable":true,"href":"https:\/\/www.socardiology.com\/es\/wp-json\/wp\/v2\/comments?post=1199"}],"version-history":[{"count":6,"href":"https:\/\/www.socardiology.com\/es\/wp-json\/wp\/v2\/pages\/1199\/revisions"}],"predecessor-version":[{"id":1340,"href":"https:\/\/www.socardiology.com\/es\/wp-json\/wp\/v2\/pages\/1199\/revisions\/1340"}],"up":[{"embeddable":true,"href":"https:\/\/www.socardiology.com\/es\/wp-json\/wp\/v2\/pages\/27"}],"wp:attachment":[{"href":"https:\/\/www.socardiology.com\/es\/wp-json\/wp\/v2\/media?parent=1199"}],"curies":[{"name":"wp","href":"https:\/\/api.w.org\/{rel}","templated":true}]}}