{"id":114,"date":"2018-01-31T18:28:55","date_gmt":"2018-01-31T18:28:55","guid":{"rendered":"http:\/\/redesign.socardiology.com\/?page_id=114"},"modified":"2025-08-25T17:24:23","modified_gmt":"2025-08-25T17:24:23","slug":"jaekyoung-a-hong","status":"publish","type":"page","link":"https:\/\/www.socardiology.com\/es\/providers\/jaekyoung-a-hong\/","title":{"rendered":"Jaekyoung A. Hong"},"content":{"rendered":"<div class=\"fusion-fullwidth fullwidth-box fusion-builder-row-1 nonhundred-percent-fullwidth non-hundred-percent-height-scrolling\" style=\"--awb-border-radius-top-left:0px;--awb-border-radius-top-right:0px;--awb-border-radius-bottom-right:0px;--awb-border-radius-bottom-left:0px;--awb-flex-wrap:wrap;\" ><div class=\"fusion-builder-row fusion-row\"><div class=\"fusion-layout-column fusion_builder_column fusion-builder-column-0 fusion_builder_column_1_3 1_3 fusion-one-third fusion-column-first\" style=\"--awb-bg-size:cover;width:33.333333333333%;width:calc(33.333333333333% - ( ( 4% ) * 0.33333333333333 ) );margin-right: 4%;\"><div class=\"fusion-column-wrapper fusion-flex-column-wrapper-legacy\"><div class=\"fusion-text fusion-text-1\"><h3><strong>ESPECIALIDAD: <\/strong>Cardiolog\u00eda intervencionista<\/h3>\n<h3><strong>EDUCACI\u00d3N<\/strong><\/h3>\n<h3>Licenciatura: Swarthmore College<\/h3>\n<h3>Facultad de Medicina y Residencia y Beca: Facultad de Medicina y Odontolog\u00eda de la Universidad de Rochester<\/h3>\n<h3>Beca adicional: University of Washington Medical Center<\/h3>\n<h3><strong>A\u00d1OS PRACTICANDO: <\/strong>5<\/h3>\n<\/div><div class=\"fusion-clearfix\"><\/div><\/div><\/div><div class=\"fusion-layout-column fusion_builder_column fusion-builder-column-1 fusion_builder_column_2_3 2_3 fusion-two-third fusion-column-last\" style=\"--awb-bg-size:cover;width:66.666666666667%;width:calc(66.666666666667% - ( ( 4% ) * 0.66666666666667 ) );\"><div class=\"fusion-column-wrapper fusion-flex-column-wrapper-legacy\"><div class=\"fusion-image-element fusion-image-align-center in-legacy-container\" style=\"text-align:center;--awb-caption-title-font-family:var(--h2_typography-font-family);--awb-caption-title-font-weight:var(--h2_typography-font-weight);--awb-caption-title-font-style:var(--h2_typography-font-style);--awb-caption-title-size:var(--h2_typography-font-size);--awb-caption-title-transform:var(--h2_typography-text-transform);--awb-caption-title-line-height:var(--h2_typography-line-height);--awb-caption-title-letter-spacing:var(--h2_typography-letter-spacing);\"><div class=\"imageframe-align-center\"><span class=\"fusion-imageframe imageframe-none imageframe-1 hover-type-none\"><img decoding=\"async\" width=\"300\" height=\"267\" title=\"Hong\" src=\"https:\/\/www.socardiology.com\/wp-content\/uploads\/2018\/09\/Hong-300x267.jpg\" alt class=\"img-responsive wp-image-1277\" srcset=\"https:\/\/www.socardiology.com\/wp-content\/uploads\/2018\/09\/Hong-200x178.jpg 200w, https:\/\/www.socardiology.com\/wp-content\/uploads\/2018\/09\/Hong-400x355.jpg 400w, https:\/\/www.socardiology.com\/wp-content\/uploads\/2018\/09\/Hong-600x533.jpg 600w, https:\/\/www.socardiology.com\/wp-content\/uploads\/2018\/09\/Hong-800x711.jpg 800w, https:\/\/www.socardiology.com\/wp-content\/uploads\/2018\/09\/Hong-1200x1066.jpg 1200w, https:\/\/www.socardiology.com\/wp-content\/uploads\/2018\/09\/Hong.jpg 1900w\" sizes=\"(max-width: 800px) 100vw, 800px\" \/><\/span><\/div><\/div><div class=\"fusion-text fusion-text-2\"><h3>Jaekyoung \u201cJae\u201d Hong creci\u00f3 en Nueva Jersey y complet\u00f3 su licenciatura en Bioqu\u00edmica en Swarthmore College. Despu\u00e9s de recibir su t\u00edtulo m\u00e9dico de la Facultad de Medicina y Odontolog\u00eda de la Universidad de Rochester, continu\u00f3 en la Universidad de Rochester para obtener una residencia en Medicina Interna y una Beca de Insuficiencia Card\u00edaca y Trasplantes. Continu\u00f3 su formaci\u00f3n en el Centro M\u00e9dico de la Universidad de Washington, donde complet\u00f3 sus becas en cardiolog\u00eda general y cardiolog\u00eda intervencionista.<\/h3>\n<h3>Est\u00e1 certificada por la junta en medicina interna, interpretaci\u00f3n de ultrasonido vascular, medicina cardiovascular y cardiolog\u00eda intervencionista. Es miembro del Colegio Americano de Cardiolog\u00eda y de la Sociedad de Angiograf\u00eda e Intervenci\u00f3n Coronarias. Tiene especial inter\u00e9s en la ecocardiograf\u00eda, la cardiopat\u00eda estructural (terapias valvulares transcat\u00e9ter, cierre de la orejuela auricular izquierda, etc.) y las intervenciones coronarias complejas.<\/h3>\n<h3>El Dr. Hong comprende que la excelente atenci\u00f3n card\u00edaca incluye la educaci\u00f3n y la comunicaci\u00f3n del paciente. Ella se esfuerza por brindar atenci\u00f3n centrada en el paciente con el objetivo final de que los pacientes logren un estilo de vida saludable.<\/h3>\n<h3>Fuera del hospital, el Dr. Hong tiene m\u00faltiples intereses. Es cofundadora \/ miembro anterior de la junta de AWAKE (Alianza de mujeres que logran el conocimiento y la excelencia), una organizaci\u00f3n sin fines de lucro para el avance profesional de las mujeres profesionales. A ella le gusta pasar tiempo con su prometido y a ellos les gustan las caminatas, las carreras, la jardiner\u00eda y los proyectos de bricolaje. A ella tambi\u00e9n le gusta pasar tiempo con su gato de esmoquin, The Creature, y est\u00e1 trabajando en un sitio web para convertirlo en una estrella de Internet.<\/h3>\n<\/div><div class=\"fusion-clearfix\"><\/div><\/div><\/div><\/div><\/div>","protected":false},"excerpt":{"rendered":"","protected":false},"author":1,"featured_media":0,"parent":23,"menu_order":0,"comment_status":"closed","ping_status":"closed","template":"100-width.php","meta":{"_monsterinsights_skip_tracking":false,"_monsterinsights_sitenote_active":false,"_monsterinsights_sitenote_note":"","_monsterinsights_sitenote_category":0,"footnotes":""},"_links":{"self":[{"href":"https:\/\/www.socardiology.com\/es\/wp-json\/wp\/v2\/pages\/114"}],"collection":[{"href":"https:\/\/www.socardiology.com\/es\/wp-json\/wp\/v2\/pages"}],"about":[{"href":"https:\/\/www.socardiology.com\/es\/wp-json\/wp\/v2\/types\/page"}],"author":[{"embeddable":true,"href":"https:\/\/www.socardiology.com\/es\/wp-json\/wp\/v2\/users\/1"}],"replies":[{"embeddable":true,"href":"https:\/\/www.socardiology.com\/es\/wp-json\/wp\/v2\/comments?post=114"}],"version-history":[{"count":11,"href":"https:\/\/www.socardiology.com\/es\/wp-json\/wp\/v2\/pages\/114\/revisions"}],"predecessor-version":[{"id":2065,"href":"https:\/\/www.socardiology.com\/es\/wp-json\/wp\/v2\/pages\/114\/revisions\/2065"}],"up":[{"embeddable":true,"href":"https:\/\/www.socardiology.com\/es\/wp-json\/wp\/v2\/pages\/23"}],"wp:attachment":[{"href":"https:\/\/www.socardiology.com\/es\/wp-json\/wp\/v2\/media?parent=114"}],"curies":[{"name":"wp","href":"https:\/\/api.w.org\/{rel}","templated":true}]}}