{"id":104,"date":"2018-01-31T18:27:13","date_gmt":"2018-01-31T18:27:13","guid":{"rendered":"http:\/\/redesign.socardiology.com\/?page_id=104"},"modified":"2025-08-25T17:26:03","modified_gmt":"2025-08-25T17:26:03","slug":"kent-dauterman","status":"publish","type":"page","link":"https:\/\/www.socardiology.com\/es\/providers\/kent-dauterman\/","title":{"rendered":"Kent Dauterman"},"content":{"rendered":"<div class=\"fusion-fullwidth fullwidth-box fusion-builder-row-1 nonhundred-percent-fullwidth non-hundred-percent-height-scrolling\" style=\"--awb-border-radius-top-left:0px;--awb-border-radius-top-right:0px;--awb-border-radius-bottom-right:0px;--awb-border-radius-bottom-left:0px;--awb-flex-wrap:wrap;\" ><div class=\"fusion-builder-row fusion-row\"><div class=\"fusion-layout-column fusion_builder_column fusion-builder-column-0 fusion_builder_column_1_3 1_3 fusion-one-third fusion-column-first\" style=\"--awb-bg-size:cover;width:33.333333333333%;width:calc(33.333333333333% - ( ( 4% ) * 0.33333333333333 ) );margin-right: 4%;\"><div class=\"fusion-column-wrapper fusion-flex-column-wrapper-legacy\"><div class=\"fusion-text fusion-text-1\"><h3><strong>ESPECIALIDAD: <\/strong>Cardiolog\u00eda intervencionista<\/h3>\n<h3><strong>EDUCACI\u00d3N<\/strong><\/h3>\n<h3>Licenciatura: Universidad de Toledo<\/h3>\n<h3>Facultad de Medicina: Facultad de Medicina de la Universidad Johns Hopkins<\/h3>\n<h3>Residencia: Universidad de California en San Francisco<\/h3>\n<h3>Beca: Cl\u00ednica Cleveland<\/h3>\n<h3><strong>A\u00d1OS PRACTICANDO: <\/strong>15<\/h3>\n<\/div><div class=\"fusion-clearfix\"><\/div><\/div><\/div><div class=\"fusion-layout-column fusion_builder_column fusion-builder-column-1 fusion_builder_column_2_3 2_3 fusion-two-third fusion-column-last\" style=\"--awb-bg-size:cover;width:66.666666666667%;width:calc(66.666666666667% - ( ( 4% ) * 0.66666666666667 ) );\"><div class=\"fusion-column-wrapper fusion-flex-column-wrapper-legacy\"><div class=\"fusion-image-element fusion-image-align-center in-legacy-container\" style=\"text-align:center;--awb-caption-title-font-family:var(--h2_typography-font-family);--awb-caption-title-font-weight:var(--h2_typography-font-weight);--awb-caption-title-font-style:var(--h2_typography-font-style);--awb-caption-title-size:var(--h2_typography-font-size);--awb-caption-title-transform:var(--h2_typography-text-transform);--awb-caption-title-line-height:var(--h2_typography-line-height);--awb-caption-title-letter-spacing:var(--h2_typography-letter-spacing);\"><div class=\"imageframe-align-center\"><span class=\"fusion-imageframe imageframe-none imageframe-1 hover-type-none\"><img decoding=\"async\" width=\"300\" height=\"266\" title=\"Dauterman\" src=\"https:\/\/www.socardiology.com\/wp-content\/uploads\/2021\/12\/Dauterman-300x266.jpg\" alt class=\"img-responsive wp-image-1748\" srcset=\"https:\/\/www.socardiology.com\/wp-content\/uploads\/2021\/12\/Dauterman-200x178.jpg 200w, https:\/\/www.socardiology.com\/wp-content\/uploads\/2021\/12\/Dauterman-400x355.jpg 400w, https:\/\/www.socardiology.com\/wp-content\/uploads\/2021\/12\/Dauterman-600x533.jpg 600w, https:\/\/www.socardiology.com\/wp-content\/uploads\/2021\/12\/Dauterman-800x710.jpg 800w, https:\/\/www.socardiology.com\/wp-content\/uploads\/2021\/12\/Dauterman-1200x1065.jpg 1200w, https:\/\/www.socardiology.com\/wp-content\/uploads\/2021\/12\/Dauterman.jpg 1900w\" sizes=\"(max-width: 800px) 100vw, 800px\" \/><\/span><\/div><\/div><div class=\"fusion-text fusion-text-2\"><h3>Kent Dauterman, MD obtuvo su t\u00edtulo universitario en la Universidad de Toledo, donde fue Valedictorian de la Facultad de Artes y Ciencias. Luego se desempe\u00f1\u00f3 como voluntario de salud p\u00fablica del Cuerpo de Paz en \u00c1frica antes de obtener su t\u00edtulo m\u00e9dico de la Facultad de Medicina de la Universidad Johns Hopkins, donde estuvo entre los tres mejores graduados.<\/h3>\n<h3>Su residencia en medicina y su especializaci\u00f3n en cardiolog\u00eda fueron en la Universidad de California, San Francisco, donde se desempe\u00f1\u00f3 como residente principal y miembro principal.<\/h3>\n<h3>Su formaci\u00f3n m\u00e1s reciente incluye dos a\u00f1os en la Cl\u00ednica Cleveland como becario en medicina cardiovascular intervencionista. Est\u00e1 certificado por la junta en medicina cardiovascular y cardiolog\u00eda intervencionista y es miembro del Colegio Americano de Cardiolog\u00eda y de la Sociedad de Angiograf\u00eda e Intervenci\u00f3n Coronarias.<\/h3>\n<h3>El Dr. Dauterman se especializa en medicina cardiovascular intervencionista y realiza intervenciones coronarias y procedimientos valvulares m\u00ednimamente invasivos. Ayud\u00f3 a establecer el stent carot\u00eddeo y los programas de v\u00e1lvulas m\u00ednimamente invasivas y realiz\u00f3 el primer stent carot\u00eddeo, reemplazo de v\u00e1lvula a\u00f3rtica transcat\u00e9ter (TAVR), MitraClip y procedimientos percut\u00e1neos de v\u00e1lvula en v\u00e1lvula mitral en el Centro M\u00e9dico Regional Asante Rogue.<\/h3>\n<h3>Es el codirector del programa STEMI (ataque card\u00edaco) en el sur de Oregon y el norte de California y codirector del programa de enfermedad card\u00edaca estructural en el Centro M\u00e9dico Regional Asante Rogue (ARRMC). Se ha desempe\u00f1ado como Jefe de Cardiolog\u00eda en ARRMC y Providence Medford Medical Center.<\/h3>\n<h3>El Dr. Dauterman est\u00e1 casado con una maestra maravillosa y tiene dos hijos. Anteriormente fue entrenador de un equipo de rob\u00f3tica de la escuela secundaria y ahora disfruta de la apicultura.<\/h3>\n<\/div><div class=\"fusion-clearfix\"><\/div><\/div><\/div><\/div><\/div>","protected":false},"excerpt":{"rendered":"","protected":false},"author":1,"featured_media":0,"parent":23,"menu_order":0,"comment_status":"closed","ping_status":"closed","template":"100-width.php","meta":{"_monsterinsights_skip_tracking":false,"_monsterinsights_sitenote_active":false,"_monsterinsights_sitenote_note":"","_monsterinsights_sitenote_category":0,"footnotes":""},"_links":{"self":[{"href":"https:\/\/www.socardiology.com\/es\/wp-json\/wp\/v2\/pages\/104"}],"collection":[{"href":"https:\/\/www.socardiology.com\/es\/wp-json\/wp\/v2\/pages"}],"about":[{"href":"https:\/\/www.socardiology.com\/es\/wp-json\/wp\/v2\/types\/page"}],"author":[{"embeddable":true,"href":"https:\/\/www.socardiology.com\/es\/wp-json\/wp\/v2\/users\/1"}],"replies":[{"embeddable":true,"href":"https:\/\/www.socardiology.com\/es\/wp-json\/wp\/v2\/comments?post=104"}],"version-history":[{"count":10,"href":"https:\/\/www.socardiology.com\/es\/wp-json\/wp\/v2\/pages\/104\/revisions"}],"predecessor-version":[{"id":2068,"href":"https:\/\/www.socardiology.com\/es\/wp-json\/wp\/v2\/pages\/104\/revisions\/2068"}],"up":[{"embeddable":true,"href":"https:\/\/www.socardiology.com\/es\/wp-json\/wp\/v2\/pages\/23"}],"wp:attachment":[{"href":"https:\/\/www.socardiology.com\/es\/wp-json\/wp\/v2\/media?parent=104"}],"curies":[{"name":"wp","href":"https:\/\/api.w.org\/{rel}","templated":true}]}}