{"id":868,"date":"2018-03-29T21:33:38","date_gmt":"2018-03-29T21:33:38","guid":{"rendered":"http:\/\/redesign.socardiology.com\/?page_id=868"},"modified":"2022-03-02T22:17:43","modified_gmt":"2022-03-02T22:17:43","slug":"billing","status":"publish","type":"page","link":"http:\/\/www.socardiology.com\/es\/patient-information\/billing\/","title":{"rendered":"Facturaci\u00f3n"},"content":{"rendered":"<p><div class=\"fusion-fullwidth fullwidth-box fusion-builder-row-1 nonhundred-percent-fullwidth non-hundred-percent-height-scrolling\" style=\"--awb-border-radius-top-left:0px;--awb-border-radius-top-right:0px;--awb-border-radius-bottom-right:0px;--awb-border-radius-bottom-left:0px;--awb-padding-top:40px;--awb-background-color:rgba(255,255,255,0.18);--awb-flex-wrap:wrap;\" ><div class=\"fusion-builder-row fusion-row\"><div class=\"fusion-layout-column fusion_builder_column fusion-builder-column-0 fusion_builder_column_3_4 3_4 fusion-three-fourth fusion-column-first\" style=\"--awb-padding-top:20px;--awb-padding-right:20px;--awb-padding-bottom:20px;--awb-padding-left:20px;--awb-bg-color:rgba(96,125,139,0.1);--awb-bg-color-hover:rgba(96,125,139,0.1);--awb-bg-size:cover;width:75%;width:calc(75% - ( ( 4% ) * 0.75 ) );margin-right: 4%;\"><div class=\"fusion-column-wrapper fusion-flex-column-wrapper-legacy\"><div class=\"fusion-text fusion-text-1\"><h1>DATOS DE FACTURACI\u00d3N<\/h1>\n<\/div><div class=\"fusion-text fusion-text-2\"><h3>Southern Oregon Cardiology acepta pagos de la mayor\u00eda de los principales proveedores de seguros, incluidos los planes de Medicare. Alentamos a nuestros pacientes a familiarizarse con su cobertura de seguro. Muchos proveedores de seguros requieren autorizaci\u00f3n previa para cirug\u00edas y otros procedimientos, y algunos restringen las instalaciones en las que se pueden brindar esos servicios, incluido el laboratorio y ciertos estudios de im\u00e1genes. Contamos con personal dedicado a trabajar con los planes de seguro de los pacientes para garantizar la cobertura de los servicios que recomendamos. Sin embargo, su propia comprensi\u00f3n de los requisitos de su plan de seguro le ayudar\u00e1 a planificar su cobertura y evitar gastos de bolsillo imprevistos.<\/h3>\n<h3>Nuestro personal se compromete a ayudar a nuestros pacientes a comprender sus afecciones m\u00e9dicas, as\u00ed como sus tratamientos, y tambi\u00e9n su cobertura de seguro. Si tiene alguna pregunta o inquietud, llame a nuestro <strong>Oficina comercial al 541-930-7222 opci\u00f3n 3.<\/strong><\/h3>\n<h3>Los pacientes de cardiolog\u00eda tienen muchos proveedores m\u00e9dicos diferentes que trabajan juntos para brindar los servicios que necesitan. Estos incluyen el m\u00e9dico de cabecera, el cardi\u00f3logo, el hospital o centro quir\u00fargico y, potencialmente, un anestesi\u00f3logo y proveedores adicionales. En un esfuerzo por brindarle las herramientas que necesita para navegar por los aspectos financieros de su cirug\u00eda, le proporcionamos los n\u00fameros de tel\u00e9fono de contacto de facturaci\u00f3n para Southern Oregon Cardiology y nuestros socios clave.<\/h3>\n<\/div><div class=\"fusion-text fusion-text-3\"><h1>N\u00daMEROS DE TEL\u00c9FONO DE LA OFICINA DE FACTURACI\u00d3N<\/h1>\n<\/div><div class=\"fusion-builder-row fusion-builder-row-inner fusion-row\"><div class=\"fusion-layout-column fusion_builder_column_inner fusion-builder-nested-column-0 fusion_builder_column_inner_1_2 1_2 fusion-one-half fusion-column-first\" style=\"--awb-bg-size:cover;width:50%;width:calc(50% - ( ( 4% ) * 0.5 ) );margin-right: 4%;\"><div class=\"fusion-column-wrapper fusion-flex-column-wrapper-legacy\"><div class=\"fusion-text fusion-text-4\"><h3 style=\"text-align: left;\"><strong>Cardiolog\u00eda del sur de Oregon<\/strong><\/h3>\n<\/div><div class=\"fusion-text fusion-text-5\"><h3 style=\"text-align: left;\"><strong>Centro M\u00e9dico Regional Rogue<\/strong><\/h3>\n<\/div><div class=\"fusion-clearfix\"><\/div><\/div><\/div><div class=\"fusion-layout-column fusion_builder_column_inner fusion-builder-nested-column-1 fusion_builder_column_inner_1_2 1_2 fusion-one-half fusion-column-last\" style=\"--awb-bg-size:cover;width:50%;width:calc(50% - ( ( 4% ) * 0.5 ) );\"><div class=\"fusion-column-wrapper fusion-flex-column-wrapper-legacy\"><div class=\"fusion-text fusion-text-6\"><h3 style=\"text-align: center;\"><strong>541-930-7222<\/strong><\/h3>\n<\/div><div class=\"fusion-text fusion-text-7\"><h3 style=\"text-align: center;\"><strong>541-789-4111<\/strong><\/h3>\n<\/div><div class=\"fusion-clearfix\"><\/div><\/div><\/div><\/div><div class=\"fusion-clearfix\"><\/div><\/div><\/div><div class=\"fusion-layout-column fusion_builder_column fusion-builder-column-1 fusion_builder_column_1_4 1_4 fusion-one-fourth fusion-column-last\" style=\"--awb-bg-size:cover;width:25%;width:calc(25% - ( ( 4% ) * 0.25 ) );\"><div class=\"fusion-column-wrapper fusion-flex-column-wrapper-legacy\"><div class=\"fusion-sep-clear\"><\/div><div class=\"fusion-separator fusion-full-width-sep\" style=\"margin-left: auto;margin-right: auto;margin-top:20px;margin-bottom:20px;width:100%;\"><\/div><div class=\"fusion-sep-clear\"><\/div><div class=\"fusion-content-boxes content-boxes columns row fusion-columns-1 fusion-columns-total-3 fusion-content-boxes-1 content-boxes-icon-with-title content-left\" style=\"--awb-margin-top:0px;--awb-margin-bottom:0px;--awb-hover-accent-color:#6b6451;--awb-circle-hover-accent-color:#6b6451;--awb-item-margin-bottom:40px;\" data-animationoffset=\"top-into-view\"><div style=\"--awb-backgroundcolor:rgba(255,255,255,0);\" class=\"fusion-column content-box-column content-box-column content-box-column-1 col-lg-12 col-md-12 col-sm-12 fusion-content-box-hover content-box-column-last-in-row\"><div class=\"col content-box-wrapper content-wrapper link-area-link-icon link-type-text icon-hover-animation-pulsate\" data-animationoffset=\"top-into-view\"><div class=\"heading heading-with-icon icon-left\"><a class=\"heading-link\" style=\"float:left;\" href=\"http:\/\/www.socardiology.com\/es\/patient-information\/\" target=\"_self\"><div class=\"icon\"><i style=\"border-color:#d9c794;border-width:1px;background-color:#d9c794;box-sizing:content-box;height:36px;width:36px;line-height:36px;border-radius:50%;font-size:18px;\" aria-hidden=\"true\" class=\"fontawesome-icon fa-address-book far circle-yes\"><\/i><\/div><h2 class=\"content-box-heading\" style=\"--h2_typography-font-size:18px;line-height:23px;\">Informaci\u00f3n del paciente<\/h2><\/a><\/div><\/div><\/div><div style=\"--awb-backgroundcolor:rgba(255,255,255,0);\" class=\"fusion-column content-box-column content-box-column content-box-column-2 col-lg-12 col-md-12 col-sm-12 fusion-content-box-hover content-box-column-last-in-row\"><div class=\"col content-box-wrapper content-wrapper link-area-link-icon link-type-text icon-hover-animation-pulsate\" data-animationoffset=\"top-into-view\"><div class=\"heading heading-with-icon icon-left\"><a class=\"heading-link\" style=\"float:left;\" href=\"http:\/\/www.socardiology.com\/es\/patient-information\/patient-forms\/\" target=\"_self\"><div class=\"icon\"><i style=\"border-color:#d9c794;border-width:1px;background-color:#d9c794;box-sizing:content-box;height:36px;width:36px;line-height:36px;border-radius:50%;font-size:18px;\" aria-hidden=\"true\" class=\"fontawesome-icon fa-list-alt far circle-yes\"><\/i><\/div><h2 class=\"content-box-heading\" style=\"--h2_typography-font-size:18px;line-height:23px;\">Formularios de pacientes<\/h2><\/a><\/div><\/div><\/div><div style=\"--awb-backgroundcolor:rgba(255,255,255,0);\" class=\"fusion-column content-box-column content-box-column content-box-column-3 col-lg-12 col-md-12 col-sm-12 fusion-content-box-hover content-box-column-last content-box-column-last-in-row\"><div class=\"col content-box-wrapper content-wrapper link-area-link-icon link-type-text icon-hover-animation-pulsate\" data-animationoffset=\"top-into-view\"><div class=\"heading heading-with-icon icon-left\"><a class=\"heading-link\" style=\"float:left;\" href=\"http:\/\/www.socardiology.com\/es\/patient-information\/billing\/\" target=\"_self\"><div class=\"icon\"><i style=\"border-color:#d9c794;border-width:1px;background-color:#d9c794;box-sizing:content-box;height:36px;width:36px;line-height:36px;border-radius:50%;font-size:18px;\" aria-hidden=\"true\" class=\"fontawesome-icon fa-money-bill-alt far circle-yes\"><\/i><\/div><h2 class=\"content-box-heading\" style=\"--h2_typography-font-size:18px;line-height:23px;\">Facturaci\u00f3n<\/h2><\/a><\/div><\/div><\/div><div class=\"fusion-clearfix\"><\/div><\/div><div class=\"fusion-clearfix\"><\/div><\/div><\/div><\/div><\/div><div class=\"fusion-fullwidth fullwidth-box fusion-builder-row-2 nonhundred-percent-fullwidth non-hundred-percent-height-scrolling\" style=\"--awb-border-radius-top-left:0px;--awb-border-radius-top-right:0px;--awb-border-radius-bottom-right:0px;--awb-border-radius-bottom-left:0px;--awb-padding-top:40px;--awb-background-color:rgba(255,255,255,0.18);--awb-flex-wrap:wrap;\" ><div class=\"fusion-builder-row fusion-row\"><div class=\"fusion-layout-column fusion_builder_column fusion-builder-column-2 fusion_builder_column_3_4 3_4 fusion-three-fourth fusion-column-first\" style=\"--awb-padding-top:20px;--awb-padding-right:20px;--awb-padding-bottom:20px;--awb-padding-left:20px;--awb-bg-color:rgba(96,125,139,0.1);--awb-bg-color-hover:rgba(96,125,139,0.1);--awb-bg-size:cover;width:75%;width:calc(75% - ( ( 4% ) * 0.75 ) );margin-right: 4%;\"><div class=\"fusion-column-wrapper fusion-flex-column-wrapper-legacy\"><div class=\"fusion-text fusion-text-8\" style=\"--awb-text-transform:none;\"><h2 style=\"text-align: center;\"><strong>Tiene derecho a recibir un \"estimado de buena fe\" que explique cu\u00e1nto costar\u00e1 su atenci\u00f3n m\u00e9dica.<\/strong><\/h2>\n<\/div><div class=\"fusion-text fusion-text-9\" style=\"--awb-text-transform:none;\"><h3>Seg\u00fan la ley, los proveedores de atenci\u00f3n m\u00e9dica deben brindar <strong>pacientes que no tienen ciertos tipos de cobertura de atenci\u00f3n m\u00e9dica o que no usan ciertos tipos de cobertura de atenci\u00f3n m\u00e9dica<\/strong> una estimaci\u00f3n de su factura por art\u00edculos y servicios de atenci\u00f3n m\u00e9dica antes de que se proporcionen esos art\u00edculos o servicios.<\/h3>\n<ul>\n<li>\n<h3>Tiene derecho a recibir un Estimado de buena fe por el costo total esperado de cualquier art\u00edculo o servicio de atenci\u00f3n m\u00e9dica cuando lo solicite o cuando programe dichos art\u00edculos o servicios. Esto incluye los costos relacionados, como pruebas m\u00e9dicas, medicamentos recetados, equipos y tarifas hospitalarias.<\/h3>\n<\/li>\n<li>\n<h3>Si programa un art\u00edculo o servicio de atenci\u00f3n m\u00e9dica con al menos 3 d\u00edas h\u00e1biles de anticipaci\u00f3n, aseg\u00farese de que su proveedor o centro de atenci\u00f3n m\u00e9dica le proporcione una estimaci\u00f3n de buena fe por escrito dentro de 1 d\u00eda h\u00e1bil despu\u00e9s de la programaci\u00f3n. Si programa un art\u00edculo o servicio de atenci\u00f3n m\u00e9dica con al menos 10 d\u00edas h\u00e1biles de anticipaci\u00f3n, aseg\u00farese de que su proveedor o centro de atenci\u00f3n m\u00e9dica le proporcione una estimaci\u00f3n de buena fe por escrito dentro de los 3 d\u00edas h\u00e1biles posteriores a la programaci\u00f3n. Tambi\u00e9n puede pedirle a cualquier centro o proveedor de atenci\u00f3n m\u00e9dica un estimado de buena fe antes de programar un art\u00edculo o servicio. Si lo hace, aseg\u00farese de que el proveedor de atenci\u00f3n m\u00e9dica o el centro le proporcionen un Estimado de buena fe por escrito dentro de los 3 d\u00edas h\u00e1biles posteriores a su solicitud.<\/h3>\n<\/li>\n<li>\n<h3>Si recibe una factura de al menos $400 m\u00e1s por cualquier proveedor o centro que su estimaci\u00f3n de buena fe de ese proveedor o centro, puede disputar la factura.<\/h3>\n<\/li>\n<li>\n<h3>Aseg\u00farese de guardar una copia o una fotograf\u00eda de su Estimaci\u00f3n de buena fe y de la factura.<\/h3>\n<\/li>\n<\/ul>\n<h3>Para preguntas o m\u00e1s informaci\u00f3n sobre su derecho a una estimaci\u00f3n de buena fe, visite <a href=\"http:\/\/www.cms.gov\/nosurprises\/consumers\">www.cms.gov\/nosurprises\/consumers<\/a>, Email <a href=\"mailto: FederalPPDRQuestions@cms.hhs.gov\">FederalPPDRQuestions@cms.hhs.gov<\/a>, o llame al 1-800-985-3059.<\/h3>\n<\/div><div class=\"fusion-clearfix\"><\/div><\/div><\/div><\/div><\/div><\/p>","protected":false},"excerpt":{"rendered":"","protected":false},"author":1,"featured_media":0,"parent":27,"menu_order":0,"comment_status":"closed","ping_status":"closed","template":"100-width.php","meta":{"_monsterinsights_skip_tracking":false,"_monsterinsights_sitenote_active":false,"_monsterinsights_sitenote_note":"","_monsterinsights_sitenote_category":0,"footnotes":""},"_links":{"self":[{"href":"http:\/\/www.socardiology.com\/es\/wp-json\/wp\/v2\/pages\/868"}],"collection":[{"href":"http:\/\/www.socardiology.com\/es\/wp-json\/wp\/v2\/pages"}],"about":[{"href":"http:\/\/www.socardiology.com\/es\/wp-json\/wp\/v2\/types\/page"}],"author":[{"embeddable":true,"href":"http:\/\/www.socardiology.com\/es\/wp-json\/wp\/v2\/users\/1"}],"replies":[{"embeddable":true,"href":"http:\/\/www.socardiology.com\/es\/wp-json\/wp\/v2\/comments?post=868"}],"version-history":[{"count":30,"href":"http:\/\/www.socardiology.com\/es\/wp-json\/wp\/v2\/pages\/868\/revisions"}],"predecessor-version":[{"id":1767,"href":"http:\/\/www.socardiology.com\/es\/wp-json\/wp\/v2\/pages\/868\/revisions\/1767"}],"up":[{"embeddable":true,"href":"http:\/\/www.socardiology.com\/es\/wp-json\/wp\/v2\/pages\/27"}],"wp:attachment":[{"href":"http:\/\/www.socardiology.com\/es\/wp-json\/wp\/v2\/media?parent=868"}],"curies":[{"name":"wp","href":"https:\/\/api.w.org\/{rel}","templated":true}]}}