{"id":731,"date":"2018-03-13T23:00:27","date_gmt":"2018-03-13T23:00:27","guid":{"rendered":"http:\/\/redesign.socardiology.com\/?page_id=731"},"modified":"2018-11-09T19:32:11","modified_gmt":"2018-11-09T19:32:11","slug":"advanced-cardiac-failure-treatment","status":"publish","type":"page","link":"http:\/\/www.socardiology.com\/es\/services\/advanced-cardiac-failure-treatment\/","title":{"rendered":"Tratamiento avanzado de insuficiencia card\u00edaca"},"content":{"rendered":"<div class=\"fusion-fullwidth fullwidth-box fusion-builder-row-1 nonhundred-percent-fullwidth non-hundred-percent-height-scrolling fusion-equal-height-columns\" style=\"--awb-border-radius-top-left:0px;--awb-border-radius-top-right:0px;--awb-border-radius-bottom-right:0px;--awb-border-radius-bottom-left:0px;--awb-padding-top:60px;--awb-padding-right:60px;--awb-padding-bottom:60px;--awb-padding-left:60px;--awb-flex-wrap:wrap;\" ><div class=\"fusion-builder-row fusion-row\"><div class=\"fusion-layout-column fusion_builder_column fusion-builder-column-0 fusion_builder_column_1_1 1_1 fusion-one-full fusion-column-first fusion-column-last\" style=\"--awb-padding-top:40px;--awb-padding-right:40px;--awb-padding-bottom:40px;--awb-padding-left:40px;--awb-bg-color:#ffffff;--awb-bg-color-hover:#ffffff;--awb-bg-size:cover;\"><div class=\"fusion-column-wrapper fusion-flex-column-wrapper-legacy\"><div class=\"fusion-text fusion-text-1\"><h2 style=\"text-align: center;\"><strong>TRATAMIENTO AVANZADO DE LA INSUFICIENCIA CARD\u00cdACA<\/strong><\/h2>\n<\/div><div class=\"fusion-sep-clear\"><\/div><div class=\"fusion-separator fusion-full-width-sep\" style=\"margin-left: auto;margin-right: auto;margin-top:40px;margin-bottom:40px;width:100%;\"><\/div><div class=\"fusion-sep-clear\"><\/div><div class=\"fusion-builder-row fusion-builder-row-inner fusion-row\"><div class=\"fusion-layout-column fusion_builder_column_inner fusion-builder-nested-column-0 fusion_builder_column_inner_1_3 1_3 fusion-one-third fusion-column-first\" style=\"--awb-padding-top:0px;--awb-padding-right:0px;--awb-padding-bottom:0px;--awb-padding-left:0px;--awb-bg-size:cover;--awb-border-color:#747474;--awb-border-style:solid;width:33.333333333333%;width:calc(33.333333333333% - ( ( 4% + 4% ) * 0.33333333333333 ) );margin-right: 4%;\"><div class=\"fusion-column-wrapper fusion-flex-column-wrapper-legacy\"><div class=\"fusion-content-boxes content-boxes columns row fusion-columns-1 fusion-columns-total-1 fusion-content-boxes-1 content-boxes-icon-with-title content-left content-box-disable-hover\" style=\"--awb-hover-accent-color:#d9c794;--awb-circle-hover-accent-color:#d9c794;--awb-item-margin-bottom:40px;\" data-animationoffset=\"top-into-view\"><div style=\"--awb-backgroundcolor:rgba(255,255,255,0);--awb-iconcolor:#000000;\" class=\"fusion-column content-box-column content-box-column content-box-column-1 col-lg-12 col-md-12 col-sm-12 fusion-content-box-hover content-box-column-last content-box-column-last-in-row\"><div class=\"col content-box-wrapper content-wrapper link-area-link-icon icon-hover-animation-none\" data-animationoffset=\"top-into-view\"><div class=\"heading heading-with-icon icon-left\"><div class=\"icon\"><i style=\"border-color:#333333;border-width:1px;background-color:#ffffff;box-sizing:content-box;height:44px;width:44px;line-height:44px;border-radius:50%;font-size:22px;\" aria-hidden=\"true\" class=\"fontawesome-icon fa-blind fas circle-yes\"><\/i><\/div><h2 class=\"content-box-heading\" style=\"--h2_typography-font-size:20px;line-height:25px;\">Cambios en el estilo de vida<\/h2><\/div><div class=\"fusion-clearfix\"><\/div><div class=\"content-container\">\n<h3 class=\"main\">Estas modificaciones a menudo mejoran o controlan algunos de los factores que contribuyen a la insuficiencia card\u00edaca. Por ejemplo, las personas con insuficiencia card\u00edaca ver\u00e1n una mejora si:<\/h3>\n<ul id=\"bullet\">\n<li>\n<h3>Modifique las actividades diarias y descanse lo suficiente para evitar estresar el coraz\u00f3n<\/h3>\n<\/li>\n<li>\n<h3>Consuma una dieta saludable para el coraz\u00f3n que sea baja en sodio y grasas<\/h3>\n<\/li>\n<li>\n<h3>No fume y evite la exposici\u00f3n al humo de segunda mano<\/h3>\n<\/li>\n<li>\n<h3>No beba alcohol ni limite la ingesta a no m\u00e1s de una bebida dos o tres veces por semana<\/h3>\n<\/li>\n<li>\n<h3>Perder peso<\/h3>\n<\/li>\n<li>\n<h3>Evite o limite la ingesta de cafe\u00edna<\/h3>\n<\/li>\n<li>\n<h3>Haga ejercicio con regularidad, que puede incluir un programa de rehabilitaci\u00f3n f\u00edsica, una vez que los s\u00edntomas se estabilicen<\/h3>\n<\/li>\n<li>\n<h3>Reduce el estres<\/h3>\n<\/li>\n<li>\n<h3>P\u00e9sese todos los d\u00edas, ya que un aumento repentino puede indicar la acumulaci\u00f3n de l\u00edquido<\/h3>\n<\/li>\n<li>\n<h3>Mantenga un registro de los s\u00edntomas e informe cualquier cambio<\/h3>\n<\/li>\n<li>\n<h3>H\u00e1gase chequeos regulares para monitorear la condici\u00f3n<\/h3>\n<\/li>\n<\/ul>\n<\/div><\/div><\/div><div class=\"fusion-clearfix\"><\/div><\/div><div class=\"fusion-clearfix\"><\/div><\/div><\/div><div class=\"fusion-layout-column fusion_builder_column_inner fusion-builder-nested-column-1 fusion_builder_column_inner_1_3 1_3 fusion-one-third\" style=\"--awb-bg-size:cover;width:33.333333333333%;width:calc(33.333333333333% - ( ( 4% + 4% ) * 0.33333333333333 ) );margin-right: 4%;\"><div class=\"fusion-column-wrapper fusion-flex-column-wrapper-legacy\"><div class=\"fusion-content-boxes content-boxes columns row fusion-columns-1 fusion-columns-total-1 fusion-content-boxes-2 content-boxes-icon-with-title content-left content-box-disable-hover\" style=\"--awb-hover-accent-color:#d9c794;--awb-circle-hover-accent-color:#d9c794;--awb-item-margin-bottom:40px;\" data-animationoffset=\"top-into-view\"><div style=\"--awb-backgroundcolor:rgba(255,255,255,0);--awb-iconcolor:#000000;\" class=\"fusion-column content-box-column content-box-column content-box-column-1 col-lg-12 col-md-12 col-sm-12 fusion-content-box-hover content-box-column-last content-box-column-last-in-row\"><div class=\"col content-box-wrapper content-wrapper link-area-link-icon icon-hover-animation-none\" data-animationoffset=\"top-into-view\"><div class=\"heading heading-with-icon icon-left\"><div class=\"icon\"><i style=\"border-color:#333333;border-width:1px;background-color:#ffffff;box-sizing:content-box;height:44px;width:44px;line-height:44px;border-radius:50%;font-size:22px;\" aria-hidden=\"true\" class=\"fontawesome-icon fa fa-medkit circle-yes\"><\/i><\/div><h2 class=\"content-box-heading\" style=\"--h2_typography-font-size:20px;line-height:25px;\">Medicamentos<\/h2><\/div><div class=\"fusion-clearfix\"><\/div><div class=\"content-container\">\n<h3 class=\"main\">Se recetan varios medicamentos para la insuficiencia card\u00edaca y la mayor\u00eda de los pacientes tomar\u00e1n m\u00e1s de un medicamento. Se pueden recetar medicamentos para:<\/h3>\n<ul id=\"bullet\">\n<li>\n<h3>Dilatar los vasos sangu\u00edneos<\/h3>\n<\/li>\n<li>\n<h3>Fortalece la acci\u00f3n de bombeo del coraz\u00f3n<\/h3>\n<\/li>\n<li>\n<h3>Reducir el agua y el sodio en el cuerpo para disminuir la carga de trabajo del coraz\u00f3n<\/h3>\n<\/li>\n<\/ul>\n<\/div><\/div><\/div><div class=\"fusion-clearfix\"><\/div><\/div><div class=\"fusion-clearfix\"><\/div><\/div><\/div><div class=\"fusion-layout-column fusion_builder_column_inner fusion-builder-nested-column-2 fusion_builder_column_inner_1_3 1_3 fusion-one-third fusion-column-last\" style=\"--awb-bg-size:cover;width:33.333333333333%;width:calc(33.333333333333% - ( ( 4% + 4% ) * 0.33333333333333 ) );\"><div class=\"fusion-column-wrapper fusion-flex-column-wrapper-legacy\"><div class=\"fusion-content-boxes content-boxes columns row fusion-columns-1 fusion-columns-total-1 fusion-content-boxes-3 content-boxes-icon-with-title content-left content-box-disable-hover\" style=\"--awb-hover-accent-color:#d9c794;--awb-circle-hover-accent-color:#d9c794;--awb-item-margin-bottom:40px;\" data-animationoffset=\"top-into-view\"><div style=\"--awb-backgroundcolor:rgba(255,255,255,0);--awb-iconcolor:#000000;\" class=\"fusion-column content-box-column content-box-column content-box-column-1 col-lg-12 col-md-12 col-sm-12 fusion-content-box-hover content-box-column-last content-box-column-last-in-row\"><div class=\"col content-box-wrapper content-wrapper link-area-link-icon icon-hover-animation-none\" data-animationoffset=\"top-into-view\"><div class=\"heading heading-with-icon icon-left\"><div class=\"icon\"><i style=\"border-color:#333333;border-width:1px;background-color:#ffffff;box-sizing:content-box;height:44px;width:44px;line-height:44px;border-radius:50%;font-size:22px;\" aria-hidden=\"true\" class=\"fontawesome-icon fa-user-md fas circle-yes\"><\/i><\/div><h2 class=\"content-box-heading\" style=\"--h2_typography-font-size:20px;line-height:25px;\">Cirug\u00eda<\/h2><\/div><div class=\"fusion-clearfix\"><\/div><div class=\"content-container\">\n<h3>Las opciones quir\u00fargicas para tratar las causas subyacentes de la insuficiencia card\u00edaca incluyen<\/h3>\n<ul id=\"bulletP\">\n<li>\n<h3 class=\"main\">Injerto de derivaci\u00f3n de arteria coronaria (CABG o \"repollo\") o angioplastia para prevenir y tratar la insuficiencia card\u00edaca causada por arterias bloqueadas. Durante la cirug\u00eda de derivaci\u00f3n, los vasos sangu\u00edneos extra\u00eddos de otra parte del cuerpo, generalmente la pierna, se utilizan para unir las partes abiertas de una arteria bloqueada alrededor de la obstrucci\u00f3n.<\/h3>\n<\/li>\n<li>\n<h3 class=\"main\">Implantaci\u00f3n de marcapasos y otros dispositivos como v\u00e1lvulas card\u00edacas artificiales.<\/h3>\n<\/li>\n<li>\n<h3 class=\"main\">Reparaci\u00f3n de defectos card\u00edacos cong\u00e9nitos<\/h3>\n<\/li>\n<\/ul>\n<\/div><\/div><\/div><div class=\"fusion-clearfix\"><\/div><\/div><div class=\"fusion-clearfix\"><\/div><\/div><\/div><\/div><div class=\"fusion-sep-clear\"><\/div><div class=\"fusion-separator fusion-full-width-sep\" style=\"margin-left: auto;margin-right: auto;margin-top:40px;margin-bottom:40px;width:100%;\"><\/div><div class=\"fusion-sep-clear\"><\/div><div class=\"fusion-testimonials classic awb-speech-bubble-show fusion-testimonials-1\" style=\"--awb-textcolor:#747474;--awb-backgroundcolor:rgba(96,125,139,0.32);--awb-testimonial-border-style:solid;--awb-testimonial-border-color:var(--awb-color3);--awb-border-top-left-radius:0px;--awb-border-top-right-radius:0px;--awb-border-bottom-left-radius:0px;--awb-border-bottom-right-radius:0px;--testimonial-border-width-top:0px;--testimonial-border-width-right:0px;--testimonial-border-width-bottom:0px;--testimonial-border-width-left:0px;\" data-random=\"0\" data-speed=\"4000\"><div class=\"reviews\"><div class=\"review active-testimonial male\"><blockquote><div class=\"awb-quote\"><div class=\"awb-quote-content\">\n<h3>\"Todo el personal m\u00e9dico y de apoyo estaba muy bien informado, era cort\u00e9s y realizaba su trabajo de manera profesional\".<\/h3>\n<\/div><\/div><span class=\"awb-triangle\"><\/span><\/blockquote><div class=\"author\"><span class=\"testimonial-thumbnail doe\"><\/span><span class=\"company-name\"><strong>Paciente de Medford<\/strong><\/span><\/div><\/div><\/div><\/div><div class=\"fusion-clearfix\"><\/div><\/div><\/div><\/div><\/div>","protected":false},"excerpt":{"rendered":"","protected":false},"author":1,"featured_media":0,"parent":21,"menu_order":0,"comment_status":"closed","ping_status":"closed","template":"100-width.php","meta":{"_monsterinsights_skip_tracking":false,"_monsterinsights_sitenote_active":false,"_monsterinsights_sitenote_note":"","_monsterinsights_sitenote_category":0,"footnotes":""},"_links":{"self":[{"href":"http:\/\/www.socardiology.com\/es\/wp-json\/wp\/v2\/pages\/731"}],"collection":[{"href":"http:\/\/www.socardiology.com\/es\/wp-json\/wp\/v2\/pages"}],"about":[{"href":"http:\/\/www.socardiology.com\/es\/wp-json\/wp\/v2\/types\/page"}],"author":[{"embeddable":true,"href":"http:\/\/www.socardiology.com\/es\/wp-json\/wp\/v2\/users\/1"}],"replies":[{"embeddable":true,"href":"http:\/\/www.socardiology.com\/es\/wp-json\/wp\/v2\/comments?post=731"}],"version-history":[{"count":26,"href":"http:\/\/www.socardiology.com\/es\/wp-json\/wp\/v2\/pages\/731\/revisions"}],"predecessor-version":[{"id":1378,"href":"http:\/\/www.socardiology.com\/es\/wp-json\/wp\/v2\/pages\/731\/revisions\/1378"}],"up":[{"embeddable":true,"href":"http:\/\/www.socardiology.com\/es\/wp-json\/wp\/v2\/pages\/21"}],"wp:attachment":[{"href":"http:\/\/www.socardiology.com\/es\/wp-json\/wp\/v2\/media?parent=731"}],"curies":[{"name":"wp","href":"https:\/\/api.w.org\/{rel}","templated":true}]}}