{"id":724,"date":"2018-03-13T22:05:48","date_gmt":"2018-03-13T22:05:48","guid":{"rendered":"http:\/\/redesign.socardiology.com\/?page_id=724"},"modified":"2018-09-12T18:02:46","modified_gmt":"2018-09-12T18:02:46","slug":"peripheral-vascular-disease-treatment","status":"publish","type":"page","link":"http:\/\/www.socardiology.com\/es\/services\/peripheral-vascular-disease-treatment\/","title":{"rendered":"Tratamiento de enfermedades vasculares perif\u00e9ricas"},"content":{"rendered":"<div class=\"fusion-fullwidth fullwidth-box fusion-builder-row-1 nonhundred-percent-fullwidth non-hundred-percent-height-scrolling fusion-equal-height-columns\" style=\"--awb-border-radius-top-left:0px;--awb-border-radius-top-right:0px;--awb-border-radius-bottom-right:0px;--awb-border-radius-bottom-left:0px;--awb-padding-top:60px;--awb-padding-right:60px;--awb-padding-bottom:60px;--awb-padding-left:60px;--awb-flex-wrap:wrap;\" ><div class=\"fusion-builder-row fusion-row\"><div class=\"fusion-layout-column fusion_builder_column fusion-builder-column-0 fusion_builder_column_1_1 1_1 fusion-one-full fusion-column-first fusion-column-last\" style=\"--awb-padding-top:40px;--awb-padding-right:40px;--awb-padding-bottom:40px;--awb-padding-left:40px;--awb-bg-color:#ffffff;--awb-bg-color-hover:#ffffff;--awb-bg-size:cover;\"><div class=\"fusion-column-wrapper fusion-flex-column-wrapper-legacy\"><div class=\"fusion-text fusion-text-1\"><h2 style=\"text-align: center;\">TRATAMIENTO DE LA ENFERMEDAD VASCULAR PERIF\u00c9RICA<\/h2>\n<\/div><div class=\"fusion-sep-clear\"><\/div><div class=\"fusion-separator fusion-full-width-sep\" style=\"margin-left: auto;margin-right: auto;margin-top:40px;margin-bottom:40px;width:100%;\"><\/div><div class=\"fusion-sep-clear\"><\/div><div class=\"fusion-builder-row fusion-builder-row-inner fusion-row\"><div class=\"fusion-layout-column fusion_builder_column_inner fusion-builder-nested-column-0 fusion_builder_column_inner_1_3 1_3 fusion-one-third fusion-column-first\" style=\"--awb-padding-top:0px;--awb-padding-right:0px;--awb-padding-bottom:0px;--awb-padding-left:0px;--awb-bg-size:cover;--awb-border-color:#747474;--awb-border-style:solid;width:33.333333333333%;width:calc(33.333333333333% - ( ( 4% + 4% ) * 0.33333333333333 ) );margin-right: 4%;\"><div class=\"fusion-column-wrapper fusion-flex-column-wrapper-legacy\"><div class=\"fusion-content-boxes content-boxes columns row fusion-columns-1 fusion-columns-total-1 fusion-content-boxes-1 content-boxes-icon-with-title content-left content-box-disable-hover\" style=\"--awb-hover-accent-color:#d9c794;--awb-circle-hover-accent-color:#d9c794;--awb-item-margin-bottom:40px;\" data-animationoffset=\"top-into-view\"><div style=\"--awb-backgroundcolor:rgba(255,255,255,0);--awb-iconcolor:#000000;\" class=\"fusion-column content-box-column content-box-column content-box-column-1 col-lg-12 col-md-12 col-sm-12 fusion-content-box-hover content-box-column-last content-box-column-last-in-row\"><div class=\"col content-box-wrapper content-wrapper link-area-link-icon icon-hover-animation-none\" data-animationoffset=\"top-into-view\"><div class=\"heading heading-with-icon icon-left\"><div class=\"icon\"><i style=\"border-color:#333333;border-width:1px;background-color:#ffffff;box-sizing:content-box;height:44px;width:44px;line-height:44px;border-radius:50%;font-size:22px;\" aria-hidden=\"true\" class=\"fontawesome-icon fa fa-blind circle-yes\"><\/i><\/div><h2 class=\"content-box-heading\" style=\"--h2_typography-font-size:20px;line-height:25px;\">Cambios en el estilo de vida<\/h2><\/div><div class=\"fusion-clearfix\"><\/div><div class=\"content-container\">\n<h3>El tratamiento inicial de la enfermedad vascular perif\u00e9rica incluye realizar cambios en el estilo de vida para reducir sus factores de riesgo. Los cambios que puede realizar para controlar su afecci\u00f3n incluyen:<\/h3>\n<ul>\n<li>\n<h3>Dejar de fumar<\/h3>\n<\/li>\n<li>\n<h3>Come una dieta balanceada<\/h3>\n<\/li>\n<li>\n<h3>Ejercicio<\/h3>\n<\/li>\n<li>\n<h3>Manejar otras condiciones de salud<\/h3>\n<\/li>\n<li>\n<h3>Practique un buen cuidado de los pies y la piel<\/h3>\n<\/li>\n<\/ul>\n<\/div><\/div><\/div><div class=\"fusion-clearfix\"><\/div><\/div><div class=\"fusion-clearfix\"><\/div><\/div><\/div><div class=\"fusion-layout-column fusion_builder_column_inner fusion-builder-nested-column-1 fusion_builder_column_inner_1_3 1_3 fusion-one-third\" style=\"--awb-bg-size:cover;width:33.333333333333%;width:calc(33.333333333333% - ( ( 4% + 4% ) * 0.33333333333333 ) );margin-right: 4%;\"><div class=\"fusion-column-wrapper fusion-flex-column-wrapper-legacy\"><div class=\"fusion-content-boxes content-boxes columns row fusion-columns-1 fusion-columns-total-1 fusion-content-boxes-2 content-boxes-icon-with-title content-left content-box-disable-hover\" style=\"--awb-hover-accent-color:#d9c794;--awb-circle-hover-accent-color:#d9c794;--awb-item-margin-bottom:40px;\" data-animationoffset=\"top-into-view\"><div style=\"--awb-backgroundcolor:rgba(255,255,255,0);--awb-iconcolor:#000000;\" class=\"fusion-column content-box-column content-box-column content-box-column-1 col-lg-12 col-md-12 col-sm-12 fusion-content-box-hover content-box-column-last content-box-column-last-in-row\"><div class=\"col content-box-wrapper content-wrapper link-area-link-icon icon-hover-animation-none\" data-animationoffset=\"top-into-view\"><div class=\"heading heading-with-icon icon-left\"><div class=\"icon\"><i style=\"border-color:#333333;border-width:1px;background-color:#ffffff;box-sizing:content-box;height:44px;width:44px;line-height:44px;border-radius:50%;font-size:22px;\" aria-hidden=\"true\" class=\"fontawesome-icon fa fa-flask circle-yes\"><\/i><\/div><h2 class=\"content-box-heading\" style=\"--h2_typography-font-size:20px;line-height:25px;\">Medicamentos<\/h2><\/div><div class=\"fusion-clearfix\"><\/div><div class=\"content-container\">\n<h3>Se pueden recomendar medicamentos para tratar afecciones como la presi\u00f3n arterial alta (medicamentos antihipertensivos) o el colesterol alto (medicamentos con estatinas). Se puede recetar un medicamento antiplaquetario como aspirina o clopidogrel (Plavix) para reducir el riesgo de ataque card\u00edaco y accidente cerebrovascular.<\/h3>\n<\/div><\/div><\/div><div class=\"fusion-clearfix\"><\/div><\/div><div class=\"fusion-clearfix\"><\/div><\/div><\/div><div class=\"fusion-layout-column fusion_builder_column_inner fusion-builder-nested-column-2 fusion_builder_column_inner_1_3 1_3 fusion-one-third fusion-column-last\" style=\"--awb-bg-size:cover;width:33.333333333333%;width:calc(33.333333333333% - ( ( 4% + 4% ) * 0.33333333333333 ) );\"><div class=\"fusion-column-wrapper fusion-flex-column-wrapper-legacy\"><div class=\"fusion-content-boxes content-boxes columns row fusion-columns-1 fusion-columns-total-1 fusion-content-boxes-3 content-boxes-icon-with-title content-left content-box-disable-hover\" style=\"--awb-hover-accent-color:#d9c794;--awb-circle-hover-accent-color:#d9c794;--awb-item-margin-bottom:40px;\" data-animationoffset=\"top-into-view\"><div style=\"--awb-backgroundcolor:rgba(255,255,255,0);--awb-iconcolor:#000000;\" class=\"fusion-column content-box-column content-box-column content-box-column-1 col-lg-12 col-md-12 col-sm-12 fusion-content-box-hover content-box-column-last content-box-column-last-in-row\"><div class=\"col content-box-wrapper content-wrapper link-area-link-icon icon-hover-animation-none\" data-animationoffset=\"top-into-view\"><div class=\"heading heading-with-icon icon-left\"><div class=\"icon\"><i style=\"border-color:#333333;border-width:1px;background-color:#ffffff;box-sizing:content-box;height:44px;width:44px;line-height:44px;border-radius:50%;font-size:22px;\" aria-hidden=\"true\" class=\"fontawesome-icon fa fa-user-md circle-yes\"><\/i><\/div><h2 class=\"content-box-heading\" style=\"--h2_typography-font-size:20px;line-height:25px;\">Procedimientos intervencionistas<\/h2><\/div><div class=\"fusion-clearfix\"><\/div><div class=\"content-container\">\n<h3>Los casos m\u00e1s avanzados pueden tratarse con procedimientos intervencionistas como angioplastia (para ensanchar o despejar el vaso bloqueado), angioplastia con colocaci\u00f3n de un stent (para sostener el vaso despejado y mantenerlo abierto) o aterectom\u00eda (para eliminar el bloqueo). En algunos casos, se pueden realizar procedimientos quir\u00fargicos como la cirug\u00eda de derivaci\u00f3n de la arteria perif\u00e9rica para desviar el flujo sangu\u00edneo alrededor de la obstrucci\u00f3n de los vasos sangu\u00edneos.<\/h3>\n<\/div><\/div><\/div><div class=\"fusion-clearfix\"><\/div><\/div><div class=\"fusion-clearfix\"><\/div><\/div><\/div><\/div><div class=\"fusion-sep-clear\"><\/div><div class=\"fusion-separator fusion-full-width-sep\" style=\"margin-left: auto;margin-right: auto;margin-top:40px;margin-bottom:40px;width:100%;\"><\/div><div class=\"fusion-sep-clear\"><\/div><div class=\"fusion-testimonials classic awb-speech-bubble-show fusion-testimonials-1\" style=\"--awb-textcolor:#747474;--awb-backgroundcolor:rgba(96,125,139,0.32);--awb-testimonial-border-style:solid;--awb-testimonial-border-color:var(--awb-color3);--awb-border-top-left-radius:0px;--awb-border-top-right-radius:0px;--awb-border-bottom-left-radius:0px;--awb-border-bottom-right-radius:0px;--testimonial-border-width-top:0px;--testimonial-border-width-right:0px;--testimonial-border-width-bottom:0px;--testimonial-border-width-left:0px;\" data-random=\"0\" data-speed=\"4000\"><div class=\"reviews\"><div class=\"review active-testimonial male\"><blockquote><div class=\"awb-quote\"><div class=\"awb-quote-content\">\n<h3>\u201cMe gusta la cardiolog\u00eda del sur de Oregon. Cada proveedor que he conocido es cort\u00e9s e informativo. \u00a1Mi nivel de confianza es muy alto! \"<\/h3>\n<\/div><\/div><span class=\"awb-triangle\"><\/span><\/blockquote><div class=\"author\"><span class=\"testimonial-thumbnail doe\"><\/span><span class=\"company-name\"><strong>Paciente de Grants Pass<\/strong><\/span><\/div><\/div><\/div><\/div><div class=\"fusion-clearfix\"><\/div><\/div><\/div><\/div><\/div>","protected":false},"excerpt":{"rendered":"","protected":false},"author":1,"featured_media":0,"parent":21,"menu_order":0,"comment_status":"closed","ping_status":"closed","template":"100-width.php","meta":{"_monsterinsights_skip_tracking":false,"_monsterinsights_sitenote_active":false,"_monsterinsights_sitenote_note":"","_monsterinsights_sitenote_category":0,"footnotes":""},"_links":{"self":[{"href":"http:\/\/www.socardiology.com\/es\/wp-json\/wp\/v2\/pages\/724"}],"collection":[{"href":"http:\/\/www.socardiology.com\/es\/wp-json\/wp\/v2\/pages"}],"about":[{"href":"http:\/\/www.socardiology.com\/es\/wp-json\/wp\/v2\/types\/page"}],"author":[{"embeddable":true,"href":"http:\/\/www.socardiology.com\/es\/wp-json\/wp\/v2\/users\/1"}],"replies":[{"embeddable":true,"href":"http:\/\/www.socardiology.com\/es\/wp-json\/wp\/v2\/comments?post=724"}],"version-history":[{"count":12,"href":"http:\/\/www.socardiology.com\/es\/wp-json\/wp\/v2\/pages\/724\/revisions"}],"predecessor-version":[{"id":1187,"href":"http:\/\/www.socardiology.com\/es\/wp-json\/wp\/v2\/pages\/724\/revisions\/1187"}],"up":[{"embeddable":true,"href":"http:\/\/www.socardiology.com\/es\/wp-json\/wp\/v2\/pages\/21"}],"wp:attachment":[{"href":"http:\/\/www.socardiology.com\/es\/wp-json\/wp\/v2\/media?parent=724"}],"curies":[{"name":"wp","href":"https:\/\/api.w.org\/{rel}","templated":true}]}}