{"id":450,"date":"2018-02-21T20:11:11","date_gmt":"2018-02-21T20:11:11","guid":{"rendered":"http:\/\/redesign.socardiology.com\/?page_id=450"},"modified":"2025-08-25T17:29:00","modified_gmt":"2025-08-25T17:29:00","slug":"nathan-funk","status":"publish","type":"page","link":"http:\/\/www.socardiology.com\/es\/providers\/nathan-funk\/","title":{"rendered":"Nathan Funk"},"content":{"rendered":"<div class=\"fusion-fullwidth fullwidth-box fusion-builder-row-1 nonhundred-percent-fullwidth non-hundred-percent-height-scrolling\" style=\"--awb-border-radius-top-left:0px;--awb-border-radius-top-right:0px;--awb-border-radius-bottom-right:0px;--awb-border-radius-bottom-left:0px;--awb-flex-wrap:wrap;\" ><div class=\"fusion-builder-row fusion-row\"><div class=\"fusion-layout-column fusion_builder_column fusion-builder-column-0 fusion_builder_column_1_3 1_3 fusion-one-third fusion-column-first\" style=\"--awb-bg-size:cover;width:33.333333333333%;width:calc(33.333333333333% - ( ( 4% ) * 0.33333333333333 ) );margin-right: 4%;\"><div class=\"fusion-column-wrapper fusion-flex-column-wrapper-legacy\"><div class=\"fusion-text fusion-text-1\"><h3><strong>ESPECIALIDAD: <\/strong>Cardiolog\u00eda invasiva<\/h3>\n<h3><strong>EDUCACI\u00d3N:\u00a0<\/strong><\/h3>\n<h3>Licenciatura: Universidad Estatal de Iowa<\/h3>\n<h3>Facultad de Medicina: Universidad de Iowa<\/h3>\n<h3>Residencia: Universidad de Ciencias y Salud de Oregon<\/h3>\n<h3>Beca: Universidad de Iowa<\/h3>\n<h3><strong>A\u00d1OS PRACTICANDO: <\/strong>4<\/h3>\n<\/div><div class=\"fusion-clearfix\"><\/div><\/div><\/div><div class=\"fusion-layout-column fusion_builder_column fusion-builder-column-1 fusion_builder_column_2_3 2_3 fusion-two-third fusion-column-last\" style=\"--awb-bg-size:cover;width:66.666666666667%;width:calc(66.666666666667% - ( ( 4% ) * 0.66666666666667 ) );\"><div class=\"fusion-column-wrapper fusion-flex-column-wrapper-legacy\"><div class=\"fusion-image-element fusion-image-align-center in-legacy-container\" style=\"text-align:center;--awb-caption-title-font-family:var(--h2_typography-font-family);--awb-caption-title-font-weight:var(--h2_typography-font-weight);--awb-caption-title-font-style:var(--h2_typography-font-style);--awb-caption-title-size:var(--h2_typography-font-size);--awb-caption-title-transform:var(--h2_typography-text-transform);--awb-caption-title-line-height:var(--h2_typography-line-height);--awb-caption-title-letter-spacing:var(--h2_typography-letter-spacing);\"><div class=\"imageframe-align-center\"><span class=\"fusion-imageframe imageframe-none imageframe-1 hover-type-none\"><img decoding=\"async\" width=\"300\" height=\"267\" title=\"Funk\" src=\"https:\/\/www.socardiology.com\/wp-content\/uploads\/2018\/09\/Funk-300x267.jpg\" alt class=\"img-responsive wp-image-1274\" srcset=\"https:\/\/www.socardiology.com\/wp-content\/uploads\/2018\/09\/Funk-200x178.jpg 200w, https:\/\/www.socardiology.com\/wp-content\/uploads\/2018\/09\/Funk-400x355.jpg 400w, https:\/\/www.socardiology.com\/wp-content\/uploads\/2018\/09\/Funk-600x533.jpg 600w, https:\/\/www.socardiology.com\/wp-content\/uploads\/2018\/09\/Funk-800x711.jpg 800w, https:\/\/www.socardiology.com\/wp-content\/uploads\/2018\/09\/Funk-1200x1066.jpg 1200w, https:\/\/www.socardiology.com\/wp-content\/uploads\/2018\/09\/Funk.jpg 1900w\" sizes=\"(max-width: 800px) 100vw, 800px\" \/><\/span><\/div><\/div><div class=\"fusion-text fusion-text-2\"><h3>Nathan Funk naci\u00f3 en un peque\u00f1o pueblo rural en el noroeste de Iowa. Despu\u00e9s de seguir inicialmente los pasos de su padre en la medicina veterinaria en la Universidad Estatal de Iowa, Nathan cambi\u00f3 de direcci\u00f3n y entr\u00f3 en la facultad de medicina de la Universidad de Iowa. Despu\u00e9s de graduarse, Nathan se dirigi\u00f3 a la Universidad de Ciencias de la Salud de Oregon en Portland para su formaci\u00f3n en medicina interna.<\/h3>\n<h3>Antes de regresar a Iowa para completar su formaci\u00f3n en cardiolog\u00eda, Nathan pas\u00f3 un a\u00f1o en Alaska trabajando para el Alaska Native Medical Center como internista. Durante la beca de formaci\u00f3n en cardiolog\u00eda, se ha interesado especialmente en las im\u00e1genes card\u00edacas y las valvulopat\u00edas.<\/h3>\n<h3>Nathan y su esposa est\u00e1n felices de estar en el sur de Oregon criando a su familia en crecimiento con un profundo aprecio por el aire libre. Les gusta hacer caminatas, acampar y correr senderos.<\/h3>\n<\/div><div class=\"fusion-clearfix\"><\/div><\/div><\/div><\/div><\/div>","protected":false},"excerpt":{"rendered":"","protected":false},"author":1,"featured_media":0,"parent":23,"menu_order":0,"comment_status":"closed","ping_status":"closed","template":"100-width.php","meta":{"_monsterinsights_skip_tracking":false,"_monsterinsights_sitenote_active":false,"_monsterinsights_sitenote_note":"","_monsterinsights_sitenote_category":0,"footnotes":""},"_links":{"self":[{"href":"http:\/\/www.socardiology.com\/es\/wp-json\/wp\/v2\/pages\/450"}],"collection":[{"href":"http:\/\/www.socardiology.com\/es\/wp-json\/wp\/v2\/pages"}],"about":[{"href":"http:\/\/www.socardiology.com\/es\/wp-json\/wp\/v2\/types\/page"}],"author":[{"embeddable":true,"href":"http:\/\/www.socardiology.com\/es\/wp-json\/wp\/v2\/users\/1"}],"replies":[{"embeddable":true,"href":"http:\/\/www.socardiology.com\/es\/wp-json\/wp\/v2\/comments?post=450"}],"version-history":[{"count":11,"href":"http:\/\/www.socardiology.com\/es\/wp-json\/wp\/v2\/pages\/450\/revisions"}],"predecessor-version":[{"id":2072,"href":"http:\/\/www.socardiology.com\/es\/wp-json\/wp\/v2\/pages\/450\/revisions\/2072"}],"up":[{"embeddable":true,"href":"http:\/\/www.socardiology.com\/es\/wp-json\/wp\/v2\/pages\/23"}],"wp:attachment":[{"href":"http:\/\/www.socardiology.com\/es\/wp-json\/wp\/v2\/media?parent=450"}],"curies":[{"name":"wp","href":"https:\/\/api.w.org\/{rel}","templated":true}]}}