{"id":27,"date":"2018-01-26T22:42:33","date_gmt":"2018-01-26T22:42:33","guid":{"rendered":"http:\/\/redesign.socardiology.com\/?page_id=27"},"modified":"2018-11-09T20:38:37","modified_gmt":"2018-11-09T20:38:37","slug":"patient-information","status":"publish","type":"page","link":"http:\/\/www.socardiology.com\/es\/patient-information\/","title":{"rendered":"INFORMACI\u00d3N DEL PACIENTE"},"content":{"rendered":"<div class=\"fusion-fullwidth fullwidth-box fusion-builder-row-1 nonhundred-percent-fullwidth non-hundred-percent-height-scrolling\" style=\"--awb-border-radius-top-left:0px;--awb-border-radius-top-right:0px;--awb-border-radius-bottom-right:0px;--awb-border-radius-bottom-left:0px;--awb-padding-top:40px;--awb-background-color:rgba(255,255,255,0.18);--awb-flex-wrap:wrap;\" ><div class=\"fusion-builder-row fusion-row\"><div class=\"fusion-layout-column fusion_builder_column fusion-builder-column-0 fusion_builder_column_3_4 3_4 fusion-three-fourth fusion-column-first\" style=\"--awb-padding-top:20px;--awb-padding-right:20px;--awb-padding-bottom:20px;--awb-padding-left:20px;--awb-bg-color:rgba(96,125,139,0.1);--awb-bg-color-hover:rgba(96,125,139,0.1);--awb-bg-size:cover;width:75%;width:calc(75% - ( ( 4% ) * 0.75 ) );margin-right: 4%;\"><div class=\"fusion-column-wrapper fusion-flex-column-wrapper-legacy\"><div class=\"fusion-text fusion-text-1\"><h1>PLANIFICACI\u00d3N<\/h1>\n<\/div><div class=\"fusion-text fusion-text-2\"><h3>Los pacientes nuevos deben ser derivados por su m\u00e9dico de atenci\u00f3n primaria (PCP) o su cardi\u00f3logo anterior. Una vez que se haya realizado una remisi\u00f3n, puede llamar a nuestro n\u00famero gratuito al <strong>(800) 283-0423 o (541) 930-7222\u00a0<\/strong>para programar su cita.<\/h3>\n<h3>Horario de atenci\u00f3n: de lunes a viernes de 8:30 a. M. A 5:00 p. M.<\/h3>\n<h3>Horario del tel\u00e9fono: todos los d\u00edas de 8:30 a. M. A 5:00 p. M.<\/h3>\n<\/div><div class=\"fusion-text fusion-text-3\"><h1>REGISTROS M\u00c9DICOS<\/h1>\n<\/div><div class=\"fusion-text fusion-text-4\"><h3>La ley de Oregon permite treinta d\u00edas para procesar todas las solicitudes de registros m\u00e9dicos. Sin embargo, nuestro objetivo es procesarlos en un plazo de 7 a 14 d\u00edas.<\/h3>\n<h3>Las solicitudes de establecimientos legales, compa\u00f1\u00edas de seguros de vida y servicios de fotocopias se procesar\u00e1n con la autorizaci\u00f3n firmada correspondiente del paciente y despu\u00e9s de que se haya recibido la tarifa est\u00e1ndar.<\/h3>\n<h3>Los pacientes que soliciten una transferencia de registros deben presentar una solicitud por escrito si los registros se env\u00edan a un m\u00e9dico que no sea su m\u00e9dico de atenci\u00f3n primaria. Para su conveniencia, puede imprimir y completar un formulario de solicitud de registros.<\/h3>\n<h3>Tenga en cuenta: No podemos procesar solicitudes si el formulario no est\u00e1 completo.<\/h3>\n<h3>Si tiene una solicitud urgente, se recomienda que llame a nuestra Oficina de registros m\u00e9dicos al <strong>(541) 930-7222 Opci\u00f3n 4<\/strong>.<\/h3>\n<\/div><div class=\"fusion-text fusion-text-5\"><h1>Prescripciones<\/h1>\n<\/div><div class=\"fusion-text fusion-text-6\"><h3>Comun\u00edquese con su farmacia cuando necesite reabastecer su receta, ya que nuestra oficina necesita un aviso de al menos 3 D\u00cdAS para reabastecer su receta.<\/h3>\n<\/div><div class=\"fusion-clearfix\"><\/div><\/div><\/div><div class=\"fusion-layout-column fusion_builder_column fusion-builder-column-1 fusion_builder_column_1_4 1_4 fusion-one-fourth fusion-column-last\" style=\"--awb-bg-size:cover;width:25%;width:calc(25% - ( ( 4% ) * 0.25 ) );\"><div class=\"fusion-column-wrapper fusion-flex-column-wrapper-legacy\"><div class=\"fusion-sep-clear\"><\/div><div class=\"fusion-separator fusion-full-width-sep\" style=\"margin-left: auto;margin-right: auto;margin-top:20px;margin-bottom:20px;width:100%;\"><\/div><div class=\"fusion-sep-clear\"><\/div><div class=\"fusion-content-boxes content-boxes columns row fusion-columns-1 fusion-columns-total-3 fusion-content-boxes-1 content-boxes-icon-with-title content-left\" style=\"--awb-margin-top:0px;--awb-margin-bottom:0px;--awb-hover-accent-color:#6b6451;--awb-circle-hover-accent-color:#6b6451;--awb-item-margin-bottom:40px;\" data-animationoffset=\"top-into-view\"><div style=\"--awb-backgroundcolor:rgba(255,255,255,0);\" class=\"fusion-column content-box-column content-box-column content-box-column-1 col-lg-12 col-md-12 col-sm-12 fusion-content-box-hover content-box-column-last-in-row\"><div class=\"col content-box-wrapper content-wrapper link-area-link-icon link-type-text icon-hover-animation-pulsate\" data-animationoffset=\"top-into-view\"><div class=\"heading heading-with-icon icon-left\"><a class=\"heading-link\" style=\"float:left;\" href=\"http:\/\/www.socardiology.com\/es\/patient-information\/\" target=\"_self\"><div class=\"icon\"><i style=\"border-color:#d9c794;border-width:1px;background-color:#d9c794;box-sizing:content-box;height:36px;width:36px;line-height:36px;border-radius:50%;font-size:18px;\" aria-hidden=\"true\" class=\"fontawesome-icon fa-address-book far circle-yes\"><\/i><\/div><h2 class=\"content-box-heading\" style=\"--h2_typography-font-size:18px;line-height:23px;\">Informaci\u00f3n del paciente<\/h2><\/a><\/div><\/div><\/div><div style=\"--awb-backgroundcolor:rgba(255,255,255,0);\" class=\"fusion-column content-box-column content-box-column content-box-column-2 col-lg-12 col-md-12 col-sm-12 fusion-content-box-hover content-box-column-last-in-row\"><div class=\"col content-box-wrapper content-wrapper link-area-link-icon link-type-text icon-hover-animation-pulsate\" data-animationoffset=\"top-into-view\"><div class=\"heading heading-with-icon icon-left\"><a class=\"heading-link\" style=\"float:left;\" href=\"http:\/\/www.socardiology.com\/es\/patient-information\/patient-forms\/\" target=\"_self\"><div class=\"icon\"><i style=\"border-color:#d9c794;border-width:1px;background-color:#d9c794;box-sizing:content-box;height:36px;width:36px;line-height:36px;border-radius:50%;font-size:18px;\" aria-hidden=\"true\" class=\"fontawesome-icon fa-list-alt far circle-yes\"><\/i><\/div><h2 class=\"content-box-heading\" style=\"--h2_typography-font-size:18px;line-height:23px;\">Formularios de pacientes<\/h2><\/a><\/div><\/div><\/div><div style=\"--awb-backgroundcolor:rgba(255,255,255,0);\" class=\"fusion-column content-box-column content-box-column content-box-column-3 col-lg-12 col-md-12 col-sm-12 fusion-content-box-hover content-box-column-last content-box-column-last-in-row\"><div class=\"col content-box-wrapper content-wrapper link-area-link-icon link-type-text icon-hover-animation-pulsate\" data-animationoffset=\"top-into-view\"><div class=\"heading heading-with-icon icon-left\"><a class=\"heading-link\" style=\"float:left;\" href=\"http:\/\/www.socardiology.com\/es\/patient-information\/billing\/\" target=\"_self\"><div class=\"icon\"><i style=\"border-color:#d9c794;border-width:1px;background-color:#d9c794;box-sizing:content-box;height:36px;width:36px;line-height:36px;border-radius:50%;font-size:18px;\" aria-hidden=\"true\" class=\"fontawesome-icon fa-money-bill-alt far circle-yes\"><\/i><\/div><h2 class=\"content-box-heading\" style=\"--h2_typography-font-size:18px;line-height:23px;\">Facturaci\u00f3n<\/h2><\/a><\/div><\/div><\/div><div class=\"fusion-clearfix\"><\/div><\/div><div class=\"fusion-clearfix\"><\/div><\/div><\/div><\/div><\/div>","protected":false},"excerpt":{"rendered":"","protected":false},"author":1,"featured_media":0,"parent":0,"menu_order":0,"comment_status":"closed","ping_status":"closed","template":"100-width.php","meta":{"_monsterinsights_skip_tracking":false,"_monsterinsights_sitenote_active":false,"_monsterinsights_sitenote_note":"","_monsterinsights_sitenote_category":0,"footnotes":""},"_links":{"self":[{"href":"http:\/\/www.socardiology.com\/es\/wp-json\/wp\/v2\/pages\/27"}],"collection":[{"href":"http:\/\/www.socardiology.com\/es\/wp-json\/wp\/v2\/pages"}],"about":[{"href":"http:\/\/www.socardiology.com\/es\/wp-json\/wp\/v2\/types\/page"}],"author":[{"embeddable":true,"href":"http:\/\/www.socardiology.com\/es\/wp-json\/wp\/v2\/users\/1"}],"replies":[{"embeddable":true,"href":"http:\/\/www.socardiology.com\/es\/wp-json\/wp\/v2\/comments?post=27"}],"version-history":[{"count":67,"href":"http:\/\/www.socardiology.com\/es\/wp-json\/wp\/v2\/pages\/27\/revisions"}],"predecessor-version":[{"id":1383,"href":"http:\/\/www.socardiology.com\/es\/wp-json\/wp\/v2\/pages\/27\/revisions\/1383"}],"wp:attachment":[{"href":"http:\/\/www.socardiology.com\/es\/wp-json\/wp\/v2\/media?parent=27"}],"curies":[{"name":"wp","href":"https:\/\/api.w.org\/{rel}","templated":true}]}}