{"id":1619,"date":"2020-09-15T18:57:45","date_gmt":"2020-09-15T18:57:45","guid":{"rendered":"https:\/\/www.socardiology.com\/?page_id=1619"},"modified":"2025-08-25T17:20:12","modified_gmt":"2025-08-25T17:20:12","slug":"ben-salgado","status":"publish","type":"page","link":"http:\/\/www.socardiology.com\/es\/providers\/ben-salgado\/","title":{"rendered":"Ben Salgado"},"content":{"rendered":"<div class=\"fusion-fullwidth fullwidth-box fusion-builder-row-1 nonhundred-percent-fullwidth non-hundred-percent-height-scrolling\" style=\"--awb-border-radius-top-left:0px;--awb-border-radius-top-right:0px;--awb-border-radius-bottom-right:0px;--awb-border-radius-bottom-left:0px;--awb-flex-wrap:wrap;\" ><div class=\"fusion-builder-row fusion-row\"><div class=\"fusion-layout-column fusion_builder_column fusion-builder-column-0 fusion_builder_column_1_3 1_3 fusion-one-third fusion-column-first\" style=\"--awb-bg-size:cover;width:33.333333333333%;width:calc(33.333333333333% - ( ( 4% ) * 0.33333333333333 ) );margin-right: 4%;\"><div class=\"fusion-column-wrapper fusion-flex-column-wrapper-legacy\"><div class=\"fusion-text fusion-text-1\"><h3><strong>ESPECIALIDAD: <\/strong>Cardiolog\u00eda invasiva \/ insuficiencia card\u00edaca avanzada<\/h3>\n<h3><strong>EDUCACI\u00d3N<\/strong><\/h3>\n<h3>Undergraduate:\u00a0 Pontifica Universidad Catolica de Chile<\/h3>\n<h3>Medical School: Pontifica Universidad Catolica de Chile, Escuela de Medicina<\/h3>\n<h3>Residencia y pasant\u00eda: Universidad de Texas en Austin, Dell Medical School<\/h3>\n<h3>Beca de cardiolog\u00eda: Universidad de Louisville<\/h3>\n<h3>Beca avanzada en insuficiencia card\u00edaca: Hospital Metodista de Houston<\/h3>\n<h3><strong>A\u00d1OS PRACTICANDO<\/strong><\/h3>\n<h3>1<\/h3>\n<\/div><div class=\"fusion-clearfix\"><\/div><\/div><\/div><div class=\"fusion-layout-column fusion_builder_column fusion-builder-column-1 fusion_builder_column_2_3 2_3 fusion-two-third fusion-column-last\" style=\"--awb-bg-size:cover;width:66.666666666667%;width:calc(66.666666666667% - ( ( 4% ) * 0.66666666666667 ) );\"><div class=\"fusion-column-wrapper fusion-flex-column-wrapper-legacy\"><div class=\"fusion-image-element fusion-image-align-center in-legacy-container\" style=\"text-align:center;--awb-caption-title-font-family:var(--h2_typography-font-family);--awb-caption-title-font-weight:var(--h2_typography-font-weight);--awb-caption-title-font-style:var(--h2_typography-font-style);--awb-caption-title-size:var(--h2_typography-font-size);--awb-caption-title-transform:var(--h2_typography-text-transform);--awb-caption-title-line-height:var(--h2_typography-line-height);--awb-caption-title-letter-spacing:var(--h2_typography-letter-spacing);\"><div class=\"imageframe-align-center\"><span class=\"fusion-imageframe imageframe-none imageframe-1 hover-type-none\"><a class=\"fusion-no-lightbox\" href=\"https:\/\/www.socardiology.com\/es\/providers\/ben-salgado\/\" target=\"_self\" aria-label=\"Salgado\"><img decoding=\"async\" width=\"300\" height=\"266\" src=\"https:\/\/www.socardiology.com\/wp-content\/uploads\/2020\/09\/Salgado-300x266.jpg\" alt class=\"img-responsive wp-image-1614\" srcset=\"https:\/\/www.socardiology.com\/wp-content\/uploads\/2020\/09\/Salgado-200x178.jpg 200w, https:\/\/www.socardiology.com\/wp-content\/uploads\/2020\/09\/Salgado-400x355.jpg 400w, https:\/\/www.socardiology.com\/wp-content\/uploads\/2020\/09\/Salgado-600x533.jpg 600w, https:\/\/www.socardiology.com\/wp-content\/uploads\/2020\/09\/Salgado-800x710.jpg 800w, https:\/\/www.socardiology.com\/wp-content\/uploads\/2020\/09\/Salgado-1200x1065.jpg 1200w, https:\/\/www.socardiology.com\/wp-content\/uploads\/2020\/09\/Salgado.jpg 1900w\" sizes=\"(max-width: 800px) 100vw, 800px\" \/><\/a><\/span><\/div><\/div><div class=\"fusion-text fusion-text-2\"><\/div><div class=\"fusion-text fusion-text-3\"><h3>Benjamin Salgado, MD obtuvo su t\u00edtulo de m\u00e9dico en la Pontificia Universidad Cat\u00f3lica de Chile. Complet\u00f3 su residencia en medicina interna en la Universidad de Texas en Austin Dell Medical School, donde tambi\u00e9n fue elegido para servir como Jefe de Residentes de Medicina Interna por un a\u00f1o adicional. Complet\u00f3 su beca de cardiolog\u00eda en la Universidad de Louisville y una beca adicional de insuficiencia card\u00edaca avanzada en el Houston Methodist DeBakey Heart and Vascular Center.<\/h3>\n<h3>El Dr. Salgado est\u00e1 certificado por la junta en enfermedades cardiovasculares, ecocardiograf\u00eda y cardiolog\u00eda nuclear, es elegible para la certificaci\u00f3n de insuficiencia card\u00edaca avanzada y es miembro del Colegio Americano de Cardiolog\u00eda. Se especializa en evaluaci\u00f3n y manejo de insuficiencia card\u00edaca y tambi\u00e9n tiene experiencia en cardio-oncolog\u00eda.<\/h3>\n<h3>El Dr. Salgado es un m\u00e9dico cari\u00f1oso y compasivo que disfruta ense\u00f1ar y comunicarse con sus pacientes con el objetivo de mejorar su salud y calidad de vida en general. Cuando no est\u00e1 trabajando, disfruta pasar tiempo con su familia. Es un \u00e1vido corredor y un entusiasta del aire libre. Habla espa\u00f1ol con fluidez.<\/h3>\n<\/div><div class=\"fusion-clearfix\"><\/div><\/div><\/div><\/div><\/div>","protected":false},"excerpt":{"rendered":"","protected":false},"author":1,"featured_media":0,"parent":23,"menu_order":0,"comment_status":"closed","ping_status":"closed","template":"100-width.php","meta":{"_monsterinsights_skip_tracking":false,"_monsterinsights_sitenote_active":false,"_monsterinsights_sitenote_note":"","_monsterinsights_sitenote_category":0,"footnotes":""},"_links":{"self":[{"href":"http:\/\/www.socardiology.com\/es\/wp-json\/wp\/v2\/pages\/1619"}],"collection":[{"href":"http:\/\/www.socardiology.com\/es\/wp-json\/wp\/v2\/pages"}],"about":[{"href":"http:\/\/www.socardiology.com\/es\/wp-json\/wp\/v2\/types\/page"}],"author":[{"embeddable":true,"href":"http:\/\/www.socardiology.com\/es\/wp-json\/wp\/v2\/users\/1"}],"replies":[{"embeddable":true,"href":"http:\/\/www.socardiology.com\/es\/wp-json\/wp\/v2\/comments?post=1619"}],"version-history":[{"count":11,"href":"http:\/\/www.socardiology.com\/es\/wp-json\/wp\/v2\/pages\/1619\/revisions"}],"predecessor-version":[{"id":2059,"href":"http:\/\/www.socardiology.com\/es\/wp-json\/wp\/v2\/pages\/1619\/revisions\/2059"}],"up":[{"embeddable":true,"href":"http:\/\/www.socardiology.com\/es\/wp-json\/wp\/v2\/pages\/23"}],"wp:attachment":[{"href":"http:\/\/www.socardiology.com\/es\/wp-json\/wp\/v2\/media?parent=1619"}],"curies":[{"name":"wp","href":"https:\/\/api.w.org\/{rel}","templated":true}]}}