{"id":1436,"date":"2019-04-30T20:37:58","date_gmt":"2019-04-30T20:37:58","guid":{"rendered":"https:\/\/www.socardiology.com\/?page_id=1436"},"modified":"2023-08-26T14:43:54","modified_gmt":"2023-08-26T14:43:54","slug":"eric-vanbean","status":"publish","type":"page","link":"http:\/\/www.socardiology.com\/es\/providers\/eric-vanbean\/","title":{"rendered":"Eric VanBean"},"content":{"rendered":"<div class=\"fusion-fullwidth fullwidth-box fusion-builder-row-1 nonhundred-percent-fullwidth non-hundred-percent-height-scrolling\" style=\"--awb-border-radius-top-left:0px;--awb-border-radius-top-right:0px;--awb-border-radius-bottom-right:0px;--awb-border-radius-bottom-left:0px;--awb-flex-wrap:wrap;\" ><div class=\"fusion-builder-row fusion-row\"><div class=\"fusion-layout-column fusion_builder_column fusion-builder-column-0 fusion_builder_column_1_3 1_3 fusion-one-third fusion-column-first\" style=\"--awb-bg-size:cover;width:33.333333333333%;width:calc(33.333333333333% - ( ( 4% ) * 0.33333333333333 ) );margin-right: 4%;\"><div class=\"fusion-column-wrapper fusion-flex-column-wrapper-legacy\"><div class=\"fusion-text fusion-text-1\"><h3><strong>EDUCACI\u00d3N<\/strong><\/h3>\n<h3>Licenciatura en Bellas Artes: Massachusetts College of Art<\/h3>\n<h3>Facultad de Medicina: Facultad de Medicina de la Universidad de Massachusetts<\/h3>\n<h3>Maestr\u00eda en Ciencias en Enfermer\u00eda: Facultad de Medicina de la Universidad de Massachusetts<\/h3>\n<h3><strong>A\u00d1OS PRACTICANDO<\/strong><\/h3>\n<h3>8<\/h3>\n<\/div><div class=\"fusion-clearfix\"><\/div><\/div><\/div><div class=\"fusion-layout-column fusion_builder_column fusion-builder-column-1 fusion_builder_column_2_3 2_3 fusion-two-third fusion-column-last\" style=\"--awb-bg-size:cover;width:66.666666666667%;width:calc(66.666666666667% - ( ( 4% ) * 0.66666666666667 ) );\"><div class=\"fusion-column-wrapper fusion-flex-column-wrapper-legacy\"><div class=\"fusion-image-element fusion-image-align-left in-legacy-container\" style=\"text-align:left;--awb-caption-title-font-family:var(--h2_typography-font-family);--awb-caption-title-font-weight:var(--h2_typography-font-weight);--awb-caption-title-font-style:var(--h2_typography-font-style);--awb-caption-title-size:var(--h2_typography-font-size);--awb-caption-title-transform:var(--h2_typography-text-transform);--awb-caption-title-line-height:var(--h2_typography-line-height);--awb-caption-title-letter-spacing:var(--h2_typography-letter-spacing);\"><span class=\"fusion-imageframe imageframe-none imageframe-1 hover-type-none\" style=\"margin-right:25px;float:left;\"><img decoding=\"async\" width=\"300\" height=\"266\" title=\"vanbean\" src=\"https:\/\/www.socardiology.com\/wp-content\/uploads\/2019\/04\/vanbean-300x266.jpg\" alt class=\"img-responsive wp-image-1429\" srcset=\"https:\/\/www.socardiology.com\/wp-content\/uploads\/2019\/04\/vanbean-200x178.jpg 200w, https:\/\/www.socardiology.com\/wp-content\/uploads\/2019\/04\/vanbean-400x355.jpg 400w, https:\/\/www.socardiology.com\/wp-content\/uploads\/2019\/04\/vanbean-600x533.jpg 600w, https:\/\/www.socardiology.com\/wp-content\/uploads\/2019\/04\/vanbean-800x710.jpg 800w, https:\/\/www.socardiology.com\/wp-content\/uploads\/2019\/04\/vanbean-1200x1065.jpg 1200w, https:\/\/www.socardiology.com\/wp-content\/uploads\/2019\/04\/vanbean.jpg 1900w\" sizes=\"(max-width: 800px) 100vw, 800px\" \/><\/span><\/div><div class=\"fusion-text fusion-text-2\"><h3>Eric Van Bean est\u00e1 certificado por la junta de la Academia Estadounidense de Enfermeras Practicantes como enfermero practicante familiar. Eric obtuvo su licenciatura en Bellas Artes en el Massachusetts College of Art. Despu\u00e9s de graduarse, ense\u00f1\u00f3 y dirigi\u00f3 un programa de enriquecimiento extracurricular durante trece a\u00f1os. Luego asisti\u00f3 a la Facultad de Medicina de la Universidad de Massachusetts y obtuvo su certificado de enfermer\u00eda y su Maestr\u00eda en Ciencias en Enfermer\u00eda. Como enfermero registrado, Eric trabaj\u00f3 en el piso de un hospital m\u00e9dico \/ quir\u00fargico, en servicios de salud pedi\u00e1trica en el hogar y en servicios para adicciones. Luego pas\u00f3 tres a\u00f1os trabajando en Boston Health Care for the Homeless como enfermero practicante de atenci\u00f3n primaria en una cl\u00ednica ambulatoria y en una unidad de relevo m\u00e9dico para pacientes hospitalizados.<\/h3>\n<h3>Despu\u00e9s de mudarse al sur de Oregon, trabaj\u00f3 en atenci\u00f3n primaria durante cuatro a\u00f1os antes de unirse a Southern Oregon Cardiology.<br \/>\nEric, su esposa y su hija adoran todo lo que el sur de Oregon tiene para ofrecer. Fuera del trabajo, Eric disfruta del tiempo con su familia, correr, andar en bicicleta, hacer jardiner\u00eda, dibujar, escuchar m\u00fasica en vivo, hacer snowboard y pintar.<\/h3>\n<h3>Eric espera trabajar con usted y su cardi\u00f3logo para controlar su afecci\u00f3n card\u00edaca y ayudarlo a vivir lo mejor posible.<\/h3>\n<\/div><div class=\"fusion-clearfix\"><\/div><\/div><\/div><\/div><\/div>","protected":false},"excerpt":{"rendered":"","protected":false},"author":1,"featured_media":0,"parent":23,"menu_order":0,"comment_status":"closed","ping_status":"closed","template":"100-width.php","meta":{"_monsterinsights_skip_tracking":false,"_monsterinsights_sitenote_active":false,"_monsterinsights_sitenote_note":"","_monsterinsights_sitenote_category":0,"footnotes":""},"_links":{"self":[{"href":"http:\/\/www.socardiology.com\/es\/wp-json\/wp\/v2\/pages\/1436"}],"collection":[{"href":"http:\/\/www.socardiology.com\/es\/wp-json\/wp\/v2\/pages"}],"about":[{"href":"http:\/\/www.socardiology.com\/es\/wp-json\/wp\/v2\/types\/page"}],"author":[{"embeddable":true,"href":"http:\/\/www.socardiology.com\/es\/wp-json\/wp\/v2\/users\/1"}],"replies":[{"embeddable":true,"href":"http:\/\/www.socardiology.com\/es\/wp-json\/wp\/v2\/comments?post=1436"}],"version-history":[{"count":3,"href":"http:\/\/www.socardiology.com\/es\/wp-json\/wp\/v2\/pages\/1436\/revisions"}],"predecessor-version":[{"id":1914,"href":"http:\/\/www.socardiology.com\/es\/wp-json\/wp\/v2\/pages\/1436\/revisions\/1914"}],"up":[{"embeddable":true,"href":"http:\/\/www.socardiology.com\/es\/wp-json\/wp\/v2\/pages\/23"}],"wp:attachment":[{"href":"http:\/\/www.socardiology.com\/es\/wp-json\/wp\/v2\/media?parent=1436"}],"curies":[{"name":"wp","href":"https:\/\/api.w.org\/{rel}","templated":true}]}}