{"id":138,"date":"2018-01-31T18:33:02","date_gmt":"2018-01-31T18:33:02","guid":{"rendered":"http:\/\/redesign.socardiology.com\/?page_id=138"},"modified":"2025-08-25T17:20:48","modified_gmt":"2025-08-25T17:20:48","slug":"brad-personius","status":"publish","type":"page","link":"http:\/\/www.socardiology.com\/es\/providers\/brad-personius\/","title":{"rendered":"Brad Personius"},"content":{"rendered":"<div class=\"fusion-fullwidth fullwidth-box fusion-builder-row-1 nonhundred-percent-fullwidth non-hundred-percent-height-scrolling\" style=\"--awb-border-radius-top-left:0px;--awb-border-radius-top-right:0px;--awb-border-radius-bottom-right:0px;--awb-border-radius-bottom-left:0px;--awb-flex-wrap:wrap;\" ><div class=\"fusion-builder-row fusion-row\"><div class=\"fusion-layout-column fusion_builder_column fusion-builder-column-0 fusion_builder_column_1_3 1_3 fusion-one-third fusion-column-first\" style=\"--awb-bg-size:cover;width:33.333333333333%;width:calc(33.333333333333% - ( ( 4% ) * 0.33333333333333 ) );margin-right: 4%;\"><div class=\"fusion-column-wrapper fusion-flex-column-wrapper-legacy\"><div class=\"fusion-text fusion-text-1\"><h3><strong>ESPECIALIDAD: <\/strong>Cardiolog\u00eda invasiva<\/h3>\n<h3><strong>EDUCACI\u00d3N:<\/strong><\/h3>\n<h3>Licenciatura: Walla Walla College<\/h3>\n<h3>Facultad de Medicina: Facultad de Medicina de la Universidad de Loma Linda<\/h3>\n<h3>Residency and Fellowship: Willford Hall U.S. Air Force Medical Center<\/h3>\n<h3><strong>A\u00d1OS PRACTICANDO: <\/strong>20<\/h3>\n<\/div><div class=\"fusion-clearfix\"><\/div><\/div><\/div><div class=\"fusion-layout-column fusion_builder_column fusion-builder-column-1 fusion_builder_column_2_3 2_3 fusion-two-third fusion-column-last\" style=\"--awb-bg-size:cover;width:66.666666666667%;width:calc(66.666666666667% - ( ( 4% ) * 0.66666666666667 ) );\"><div class=\"fusion-column-wrapper fusion-flex-column-wrapper-legacy\"><div class=\"fusion-image-element fusion-image-align-center in-legacy-container\" style=\"text-align:center;--awb-caption-title-font-family:var(--h2_typography-font-family);--awb-caption-title-font-weight:var(--h2_typography-font-weight);--awb-caption-title-font-style:var(--h2_typography-font-style);--awb-caption-title-size:var(--h2_typography-font-size);--awb-caption-title-transform:var(--h2_typography-text-transform);--awb-caption-title-line-height:var(--h2_typography-line-height);--awb-caption-title-letter-spacing:var(--h2_typography-letter-spacing);\"><div class=\"imageframe-align-center\"><span class=\"fusion-imageframe imageframe-none imageframe-1 hover-type-none\"><img decoding=\"async\" width=\"300\" height=\"267\" title=\"Personius\" src=\"https:\/\/www.socardiology.com\/wp-content\/uploads\/2018\/09\/Personius-300x267.jpg\" alt class=\"img-responsive wp-image-1288\" srcset=\"https:\/\/www.socardiology.com\/wp-content\/uploads\/2018\/09\/Personius-200x178.jpg 200w, https:\/\/www.socardiology.com\/wp-content\/uploads\/2018\/09\/Personius-400x355.jpg 400w, https:\/\/www.socardiology.com\/wp-content\/uploads\/2018\/09\/Personius-600x533.jpg 600w, https:\/\/www.socardiology.com\/wp-content\/uploads\/2018\/09\/Personius-800x711.jpg 800w, https:\/\/www.socardiology.com\/wp-content\/uploads\/2018\/09\/Personius-1200x1066.jpg 1200w, https:\/\/www.socardiology.com\/wp-content\/uploads\/2018\/09\/Personius.jpg 1900w\" sizes=\"(max-width: 800px) 100vw, 800px\" \/><\/span><\/div><\/div><div class=\"fusion-text fusion-text-2\"><h3>Brad Personius, MD investiga activamente problemas card\u00edacos y ha publicado muchos art\u00edculos cient\u00edficos y ha realizado presentaciones en foros cient\u00edficos nacionales. Tiene una amplia experiencia acad\u00e9mica y cl\u00ednica en ecocardiograf\u00eda,<br \/>\ntransesophageal echocardiography, nuclear cardiology, cardiac pacing, and\u00a0the management of complex lipid disorders.<\/h3>\n<h3>El Dr. Personius recibi\u00f3 su t\u00edtulo universitario de Walla Walla College en Washington y su t\u00edtulo m\u00e9dico de la Facultad de Medicina de la Universidad de Loma Linda. Complet\u00f3 su formaci\u00f3n de residencia en medicina interna y complet\u00f3 la formaci\u00f3n posterior en cardiolog\u00eda en el Wilford Hall U.S. Air Force Medical Center en San Antonio, TX. Tambi\u00e9n se desempe\u00f1\u00f3 como profesor asistente de medicina en la divisi\u00f3n de cardiolog\u00eda mientras estuvo all\u00ed.<\/h3>\n<h3>Cuando se trata de ayudar a los pacientes a controlar la salud de su coraz\u00f3n, el Dr. Personius los gu\u00eda de manera experta a trav\u00e9s de decisiones a menudo complejas. Tambi\u00e9n se centra en las elecciones diarias sencillas, incluida una dieta basada en plantas, un descanso adecuado,<br \/>\nexercise and plenty of water.<\/h3>\n<h3>El Dr. Personius y su esposa durante m\u00e1s de 35 a\u00f1os han criado a tres hijos y ahora disfrutan de las nuevas carreras y familias de los ni\u00f1os.<\/h3>\n<\/div><div class=\"fusion-clearfix\"><\/div><\/div><\/div><\/div><\/div>","protected":false},"excerpt":{"rendered":"","protected":false},"author":1,"featured_media":0,"parent":23,"menu_order":0,"comment_status":"closed","ping_status":"closed","template":"100-width.php","meta":{"_monsterinsights_skip_tracking":false,"_monsterinsights_sitenote_active":false,"_monsterinsights_sitenote_note":"","_monsterinsights_sitenote_category":0,"footnotes":""},"_links":{"self":[{"href":"http:\/\/www.socardiology.com\/es\/wp-json\/wp\/v2\/pages\/138"}],"collection":[{"href":"http:\/\/www.socardiology.com\/es\/wp-json\/wp\/v2\/pages"}],"about":[{"href":"http:\/\/www.socardiology.com\/es\/wp-json\/wp\/v2\/types\/page"}],"author":[{"embeddable":true,"href":"http:\/\/www.socardiology.com\/es\/wp-json\/wp\/v2\/users\/1"}],"replies":[{"embeddable":true,"href":"http:\/\/www.socardiology.com\/es\/wp-json\/wp\/v2\/comments?post=138"}],"version-history":[{"count":25,"href":"http:\/\/www.socardiology.com\/es\/wp-json\/wp\/v2\/pages\/138\/revisions"}],"predecessor-version":[{"id":2060,"href":"http:\/\/www.socardiology.com\/es\/wp-json\/wp\/v2\/pages\/138\/revisions\/2060"}],"up":[{"embeddable":true,"href":"http:\/\/www.socardiology.com\/es\/wp-json\/wp\/v2\/pages\/23"}],"wp:attachment":[{"href":"http:\/\/www.socardiology.com\/es\/wp-json\/wp\/v2\/media?parent=138"}],"curies":[{"name":"wp","href":"https:\/\/api.w.org\/{rel}","templated":true}]}}