{"id":134,"date":"2018-01-31T18:32:26","date_gmt":"2018-01-31T18:32:26","guid":{"rendered":"http:\/\/redesign.socardiology.com\/?page_id=134"},"modified":"2025-08-25T17:22:42","modified_gmt":"2025-08-25T17:22:42","slug":"bruce-patterson","status":"publish","type":"page","link":"http:\/\/www.socardiology.com\/es\/providers\/bruce-patterson\/","title":{"rendered":"Bruce Patterson"},"content":{"rendered":"<div class=\"fusion-fullwidth fullwidth-box fusion-builder-row-1 nonhundred-percent-fullwidth non-hundred-percent-height-scrolling\" style=\"--awb-border-radius-top-left:0px;--awb-border-radius-top-right:0px;--awb-border-radius-bottom-right:0px;--awb-border-radius-bottom-left:0px;--awb-flex-wrap:wrap;\" ><div class=\"fusion-builder-row fusion-row\"><div class=\"fusion-layout-column fusion_builder_column fusion-builder-column-0 fusion_builder_column_1_3 1_3 fusion-one-third fusion-column-first\" style=\"--awb-bg-size:cover;width:33.333333333333%;width:calc(33.333333333333% - ( ( 4% ) * 0.33333333333333 ) );margin-right: 4%;\"><div class=\"fusion-column-wrapper fusion-flex-column-wrapper-legacy\"><div class=\"fusion-text fusion-text-1\"><h3><strong>ESPECIALIDAD: <\/strong>Cardiolog\u00eda invasiva<\/h3>\n<h3><strong>EDUCACI\u00d3N<\/strong><\/h3>\n<h3>Licenciatura: Pomona College<\/h3>\n<h3>Maestros: Seminario Teol\u00f3gico de Princeton<\/h3>\n<h3>Facultad de Medicina: Universidad de Pensilvania<\/h3>\n<h3>Pasant\u00eda y residencia: Harvard Medical School<\/h3>\n<h3>Fellowship: Boston University Medical Center<\/h3>\n<h3><strong>A\u00d1OS PRACTICANDO: <\/strong>22<\/h3>\n<\/div><div class=\"fusion-clearfix\"><\/div><\/div><\/div><div class=\"fusion-layout-column fusion_builder_column fusion-builder-column-1 fusion_builder_column_2_3 2_3 fusion-two-third fusion-column-last\" style=\"--awb-bg-size:cover;width:66.666666666667%;width:calc(66.666666666667% - ( ( 4% ) * 0.66666666666667 ) );\"><div class=\"fusion-column-wrapper fusion-flex-column-wrapper-legacy\"><div class=\"fusion-image-element fusion-image-align-center in-legacy-container\" style=\"text-align:center;--awb-caption-title-font-family:var(--h2_typography-font-family);--awb-caption-title-font-weight:var(--h2_typography-font-weight);--awb-caption-title-font-style:var(--h2_typography-font-style);--awb-caption-title-size:var(--h2_typography-font-size);--awb-caption-title-transform:var(--h2_typography-text-transform);--awb-caption-title-line-height:var(--h2_typography-line-height);--awb-caption-title-letter-spacing:var(--h2_typography-letter-spacing);\"><div class=\"imageframe-align-center\"><span class=\"fusion-imageframe imageframe-none imageframe-1 hover-type-none\"><img decoding=\"async\" width=\"300\" height=\"267\" title=\"Patterson\" src=\"https:\/\/www.socardiology.com\/wp-content\/uploads\/2018\/09\/Patterson-300x267.jpg\" alt class=\"img-responsive wp-image-1286\" srcset=\"https:\/\/www.socardiology.com\/wp-content\/uploads\/2018\/09\/Patterson-200x178.jpg 200w, https:\/\/www.socardiology.com\/wp-content\/uploads\/2018\/09\/Patterson-400x355.jpg 400w, https:\/\/www.socardiology.com\/wp-content\/uploads\/2018\/09\/Patterson-600x533.jpg 600w, https:\/\/www.socardiology.com\/wp-content\/uploads\/2018\/09\/Patterson-800x711.jpg 800w, https:\/\/www.socardiology.com\/wp-content\/uploads\/2018\/09\/Patterson-1200x1066.jpg 1200w, https:\/\/www.socardiology.com\/wp-content\/uploads\/2018\/09\/Patterson.jpg 1900w\" sizes=\"(max-width: 800px) 100vw, 800px\" \/><\/span><\/div><\/div><div class=\"fusion-text fusion-text-2\"><h3>Bruce Patterson, MD obtuvo su t\u00edtulo universitario en Pomona College y su maestr\u00eda en el Seminario Teol\u00f3gico de Princeton en Princeton, Nueva Jersey. Recibi\u00f3 su t\u00edtulo de m\u00e9dico de la Universidad de Pensilvania, donde fue presidente de la Sociedad M\u00e9dica de Honor de la AOA.<\/h3>\n<h3>Realiz\u00f3 su pasant\u00eda y residencia en el Hospital Brigham and Women de la Facultad de Medicina de Harvard y complet\u00f3 una beca card\u00edaca en el Centro M\u00e9dico de la Universidad de Boston. El Dr. Patterson est\u00e1 certificado en cardiolog\u00eda nuclear.<br \/>\nEs miembro del Colegio Americano de Cardiolog\u00eda y est\u00e1 certificado por la Junta en medicina interna y cardiolog\u00eda. El Dr. Patterson tiene intereses especiales en ecocardiograf\u00eda, eco transesof\u00e1gico, cateterismo card\u00edaco y cardiolog\u00eda nuclear.<br \/>\nEl Dr. Patterson est\u00e1 casado y tiene tres hijos. A la familia le gusta el senderismo y el esqu\u00ed.<\/h3>\n<\/div><div class=\"fusion-clearfix\"><\/div><\/div><\/div><\/div><\/div>","protected":false},"excerpt":{"rendered":"","protected":false},"author":1,"featured_media":0,"parent":23,"menu_order":0,"comment_status":"closed","ping_status":"closed","template":"100-width.php","meta":{"_monsterinsights_skip_tracking":false,"_monsterinsights_sitenote_active":false,"_monsterinsights_sitenote_note":"","_monsterinsights_sitenote_category":0,"footnotes":""},"_links":{"self":[{"href":"http:\/\/www.socardiology.com\/es\/wp-json\/wp\/v2\/pages\/134"}],"collection":[{"href":"http:\/\/www.socardiology.com\/es\/wp-json\/wp\/v2\/pages"}],"about":[{"href":"http:\/\/www.socardiology.com\/es\/wp-json\/wp\/v2\/types\/page"}],"author":[{"embeddable":true,"href":"http:\/\/www.socardiology.com\/es\/wp-json\/wp\/v2\/users\/1"}],"replies":[{"embeddable":true,"href":"http:\/\/www.socardiology.com\/es\/wp-json\/wp\/v2\/comments?post=134"}],"version-history":[{"count":9,"href":"http:\/\/www.socardiology.com\/es\/wp-json\/wp\/v2\/pages\/134\/revisions"}],"predecessor-version":[{"id":2062,"href":"http:\/\/www.socardiology.com\/es\/wp-json\/wp\/v2\/pages\/134\/revisions\/2062"}],"up":[{"embeddable":true,"href":"http:\/\/www.socardiology.com\/es\/wp-json\/wp\/v2\/pages\/23"}],"wp:attachment":[{"href":"http:\/\/www.socardiology.com\/es\/wp-json\/wp\/v2\/media?parent=134"}],"curies":[{"name":"wp","href":"https:\/\/api.w.org\/{rel}","templated":true}]}}