{"id":132,"date":"2018-01-31T18:32:04","date_gmt":"2018-01-31T18:32:04","guid":{"rendered":"http:\/\/redesign.socardiology.com\/?page_id=132"},"modified":"2025-08-25T17:26:24","modified_gmt":"2025-08-25T17:26:24","slug":"keval-patel","status":"publish","type":"page","link":"http:\/\/www.socardiology.com\/es\/providers\/keval-patel\/","title":{"rendered":"Keval Patel"},"content":{"rendered":"<div class=\"fusion-fullwidth fullwidth-box fusion-builder-row-1 nonhundred-percent-fullwidth non-hundred-percent-height-scrolling\" style=\"--awb-border-radius-top-left:0px;--awb-border-radius-top-right:0px;--awb-border-radius-bottom-right:0px;--awb-border-radius-bottom-left:0px;--awb-flex-wrap:wrap;\" ><div class=\"fusion-builder-row fusion-row\"><div class=\"fusion-layout-column fusion_builder_column fusion-builder-column-0 fusion_builder_column_1_3 1_3 fusion-one-third fusion-column-first\" style=\"--awb-bg-size:cover;width:33.333333333333%;width:calc(33.333333333333% - ( ( 4% ) * 0.33333333333333 ) );margin-right: 4%;\"><div class=\"fusion-column-wrapper fusion-flex-column-wrapper-legacy\"><div class=\"fusion-text fusion-text-1\"><h3><strong>ESPECIALIDAD: <\/strong>Cardiolog\u00eda invasiva<\/h3>\n<h3><strong>EDUCACI\u00d3N:<\/strong><\/h3>\n<h3>Licenciatura: Knox College<\/h3>\n<h3>Facultad de Medicina: Universidad George Washington<\/h3>\n<h3>Residencia y beca: St. Louis University<\/h3>\n<h3><strong>A\u00d1OS PRACTICANDO: 3<\/strong><\/h3>\n<\/div><div class=\"fusion-clearfix\"><\/div><\/div><\/div><div class=\"fusion-layout-column fusion_builder_column fusion-builder-column-1 fusion_builder_column_2_3 2_3 fusion-two-third fusion-column-last\" style=\"--awb-bg-size:cover;width:66.666666666667%;width:calc(66.666666666667% - ( ( 4% ) * 0.66666666666667 ) );\"><div class=\"fusion-column-wrapper fusion-flex-column-wrapper-legacy\"><div class=\"fusion-image-element fusion-image-align-center in-legacy-container\" style=\"text-align:center;--awb-caption-title-font-family:var(--h2_typography-font-family);--awb-caption-title-font-weight:var(--h2_typography-font-weight);--awb-caption-title-font-style:var(--h2_typography-font-style);--awb-caption-title-size:var(--h2_typography-font-size);--awb-caption-title-transform:var(--h2_typography-text-transform);--awb-caption-title-line-height:var(--h2_typography-line-height);--awb-caption-title-letter-spacing:var(--h2_typography-letter-spacing);\"><div class=\"imageframe-align-center\"><span class=\"fusion-imageframe imageframe-none imageframe-1 hover-type-none\"><img decoding=\"async\" width=\"300\" height=\"267\" title=\"Patel\" src=\"https:\/\/www.socardiology.com\/wp-content\/uploads\/2018\/09\/Patel-300x267.jpg\" alt class=\"img-responsive wp-image-1285\" srcset=\"https:\/\/www.socardiology.com\/wp-content\/uploads\/2018\/09\/Patel-200x178.jpg 200w, https:\/\/www.socardiology.com\/wp-content\/uploads\/2018\/09\/Patel-400x355.jpg 400w, https:\/\/www.socardiology.com\/wp-content\/uploads\/2018\/09\/Patel-600x533.jpg 600w, https:\/\/www.socardiology.com\/wp-content\/uploads\/2018\/09\/Patel-800x711.jpg 800w, https:\/\/www.socardiology.com\/wp-content\/uploads\/2018\/09\/Patel-1200x1066.jpg 1200w, https:\/\/www.socardiology.com\/wp-content\/uploads\/2018\/09\/Patel.jpg 1900w\" sizes=\"(max-width: 800px) 100vw, 800px\" \/><\/span><\/div><\/div><div class=\"fusion-text fusion-text-2\"><h3>Keval Patel, MD naci\u00f3 y se cri\u00f3 en las partes occidentales de la India. Se mud\u00f3 a los Estados Unidos a la edad de 17 a\u00f1os. Se gradu\u00f3 con los m\u00e1s altos honores en bioqu\u00edmica y biolog\u00eda en Knox College. Complet\u00f3 su educaci\u00f3n m\u00e9dica en la Universidad George Washington en Washington, DC y se mud\u00f3 a Saint Louis, donde complet\u00f3 su pasant\u00eda, entrenamiento de residencia y beca cardiovascular en la Universidad de St. Louis y su Centro de Atenci\u00f3n Cardiovascular Integral asociado. Es miembro del Colegio Americano de Cardiolog\u00eda y est\u00e1 certificado por la junta en medicina interna, enfermedades cardiovasculares y ecocardiograf\u00eda.<\/h3>\n<h3>El Dr. Patel ha participado en m\u00faltiples ensayos cl\u00ednicos a la vanguardia de la cardiolog\u00eda y ha publicado varios cap\u00edtulos de libros y art\u00edculos de investigaci\u00f3n sobre enfermedades cardiovasculares. Adem\u00e1s de su pasi\u00f3n por la investigaci\u00f3n y la tecnolog\u00eda de punta, el Dr. Patel es conocido por ser un feroz defensor de sus pacientes. Tambi\u00e9n ha trabajado con el Colegio Americano de Cardiolog\u00eda en sus esfuerzos legislativos sobre la reforma del cuidado de la salud.<\/h3>\n<h3>En su tiempo libre, el Dr. Patel y su esposa disfrutan viajar, jugar golf, bucear, cocinar y pasar tiempo con su familia. El Dr. Patel habla cinco idiomas adem\u00e1s del ingl\u00e9s.<\/h3>\n<\/div><div class=\"fusion-clearfix\"><\/div><\/div><\/div><\/div><\/div>","protected":false},"excerpt":{"rendered":"","protected":false},"author":1,"featured_media":0,"parent":23,"menu_order":0,"comment_status":"closed","ping_status":"closed","template":"100-width.php","meta":{"_monsterinsights_skip_tracking":false,"_monsterinsights_sitenote_active":false,"_monsterinsights_sitenote_note":"","_monsterinsights_sitenote_category":0,"footnotes":""},"_links":{"self":[{"href":"http:\/\/www.socardiology.com\/es\/wp-json\/wp\/v2\/pages\/132"}],"collection":[{"href":"http:\/\/www.socardiology.com\/es\/wp-json\/wp\/v2\/pages"}],"about":[{"href":"http:\/\/www.socardiology.com\/es\/wp-json\/wp\/v2\/types\/page"}],"author":[{"embeddable":true,"href":"http:\/\/www.socardiology.com\/es\/wp-json\/wp\/v2\/users\/1"}],"replies":[{"embeddable":true,"href":"http:\/\/www.socardiology.com\/es\/wp-json\/wp\/v2\/comments?post=132"}],"version-history":[{"count":12,"href":"http:\/\/www.socardiology.com\/es\/wp-json\/wp\/v2\/pages\/132\/revisions"}],"predecessor-version":[{"id":2069,"href":"http:\/\/www.socardiology.com\/es\/wp-json\/wp\/v2\/pages\/132\/revisions\/2069"}],"up":[{"embeddable":true,"href":"http:\/\/www.socardiology.com\/es\/wp-json\/wp\/v2\/pages\/23"}],"wp:attachment":[{"href":"http:\/\/www.socardiology.com\/es\/wp-json\/wp\/v2\/media?parent=132"}],"curies":[{"name":"wp","href":"https:\/\/api.w.org\/{rel}","templated":true}]}}