{"id":13,"date":"2018-01-26T21:00:31","date_gmt":"2018-01-26T21:00:31","guid":{"rendered":"http:\/\/redesign.socardiology.com\/?page_id=13"},"modified":"2025-10-29T13:43:54","modified_gmt":"2025-10-29T13:43:54","slug":"home","status":"publish","type":"page","link":"http:\/\/www.socardiology.com\/es\/","title":{"rendered":"INCIO"},"content":{"rendered":"<p><div class=\"fusion-fullwidth fullwidth-box fusion-builder-row-1 nonhundred-percent-fullwidth non-hundred-percent-height-scrolling\" style=\"--awb-border-radius-top-left:0px;--awb-border-radius-top-right:0px;--awb-border-radius-bottom-right:0px;--awb-border-radius-bottom-left:0px;--awb-padding-top:20px;--awb-flex-wrap:wrap;\" ><div class=\"fusion-builder-row fusion-row\"><div class=\"fusion-layout-column fusion_builder_column fusion-builder-column-0 fusion_builder_column_1_1 1_1 fusion-one-full fusion-column-first fusion-column-last\" style=\"--awb-bg-size:cover;\"><div class=\"fusion-column-wrapper fusion-column-has-shadow fusion-flex-column-wrapper-legacy\"><div class=\"fusion-alert alert general alert-info fusion-alert-center fusion-alert-capitalize awb-alert-native-link-color alert-dismissable awb-alert-close-boxed\" role=\"alert\"><div class=\"fusion-alert-content-wrapper\"><span class=\"alert-icon\"><i class=\"awb-icon-info-circle\" aria-hidden=\"true\"><\/i><\/span><span class=\"fusion-alert-content\"><h3 class=\"fusion-responsive-typography-calculated\" style=\"--fontsize: 16; line-height: 1.5; --minfontsize: 16;\" data-fontsize=\"16\" data-lineheight=\"24px\">Sign up for our new patient portal.\u00a0 If you do not currently have a MyChart account go to <a href=\"https:\/\/mychart.asante.org\">https:\/\/mychart.asante.org<\/a> to sign up.<\/h3><\/span><\/div><button type=\"button\" class=\"close toggle-alert\" data-dismiss=\"alert\" aria-label=\"Close\">&times;<\/button><\/div><div class=\"fusion-clearfix\"><\/div><\/div><\/div><\/div><\/div><div class=\"fusion-fullwidth fullwidth-box fusion-builder-row-2 hundred-percent-fullwidth non-hundred-percent-height-scrolling\" style=\"--awb-border-radius-top-left:0px;--awb-border-radius-top-right:0px;--awb-border-radius-bottom-right:0px;--awb-border-radius-bottom-left:0px;--awb-padding-top:40px;--awb-padding-bottom:0px;--awb-background-color:rgba(96,125,139,0);--awb-flex-wrap:wrap;\" ><div class=\"fusion-builder-row fusion-row\"><div class=\"fusion-layout-column fusion_builder_column fusion-builder-column-1 fusion_builder_column_1_2 1_2 fusion-one-half fusion-column-first\" style=\"--awb-padding-top:40px;--awb-padding-right:50px;--awb-padding-bottom:40px;--awb-padding-left:60px;--awb-bg-blend:overlay;--awb-bg-size:cover;--awb-border-color:#607d8b;--awb-border-top:1px;--awb-border-right:1px;--awb-border-bottom:1px;--awb-border-left:1px;--awb-border-style:solid;--awb-margin-bottom:0px;width:50%;width:calc(50% - ( ( 4% + 4% ) * 0.5 ) );margin-right: 4%;\"><div class=\"fusion-column-wrapper fusion-flex-column-wrapper-legacy\"><div class=\"fusion-text fusion-text-1\"><h1 style=\"text-align: center;\"><img decoding=\"async\" class=\"alignnone wp-image-223\" src=\"https:\/\/www.socardiology.com\/wp-content\/uploads\/2018\/01\/SOC_heart-150x150.jpg\" alt=\"\" width=\"42\" height=\"42\" srcset=\"https:\/\/www.socardiology.com\/wp-content\/uploads\/2018\/01\/SOC_heart-66x66.jpg 66w, https:\/\/www.socardiology.com\/wp-content\/uploads\/2018\/01\/SOC_heart-150x150.jpg 150w, https:\/\/www.socardiology.com\/wp-content\/uploads\/2018\/01\/SOC_heart.jpg 158w\" sizes=\"(max-width: 42px) 100vw, 42px\" \/>\u00a0<span style=\"color: #000000;\">Cuide su coraz\u00f3n en todas las etapas<\/span><\/h1>\n<\/div><div class=\"fusion-text fusion-text-2\"><h2 style=\"text-align: center;\"><span style=\"color: #000000;\">Existe un amplio espectro de cuidados para su coraz\u00f3n. Tal vez necesite atenci\u00f3n preventiva, medicamentos, monitorizaci\u00f3n card\u00edaca o algo m\u00e1s complejo como una cirug\u00eda. Independientemente del tipo de atenci\u00f3n que necesite, nuestros especialistas est\u00e1n aqu\u00ed para ayudarlo. Comenzamos por crear el equipo de atenci\u00f3n adecuado. Luego, desarrollamos un plan de atenci\u00f3n adecuado para usted.<\/span><\/h2>\n<\/div><div class=\"fusion-sep-clear\"><\/div><div class=\"fusion-separator fusion-full-width-sep\" style=\"margin-left: auto;margin-right: auto;margin-top:20px;margin-bottom:20px;width:100%;\"><\/div><div class=\"fusion-sep-clear\"><\/div><div class=\"fusion-text fusion-text-3\"><h2><span style=\"color: #607d8b;\"><strong>Obtenga m\u00e1s informaci\u00f3n sobre los h\u00e1bitos saludables para el coraz\u00f3n<\/strong><\/span><\/h2>\n<\/div><div class=\"fusion-video fusion-youtube fusion-aligncenter\" style=\"--awb-max-width:600px;--awb-max-height:360px;--awb-width:100%;\"><div class=\"video-shortcode\"><div class=\"fluid-width-video-wrapper\" style=\"padding-top:60%;\" ><iframe title=\"YouTube video player 1\" src=\"https:\/\/www.youtube.com\/embed\/y7hiVD53aBU?wmode=transparent&autoplay=0\" width=\"600\" height=\"360\" allowfullscreen allow=\"autoplay; fullscreen\"><\/iframe><\/div><\/div><\/div><div class=\"fusion-clearfix\"><\/div><\/div><\/div><div class=\"fusion-layout-column fusion_builder_column fusion-builder-column-2 fusion_builder_column_1_4 1_4 fusion-one-fourth\" style=\"--awb-bg-blend:overlay;--awb-bg-size:cover;width:25%;width:calc(25% - ( ( 4% + 4% ) * 0.25 ) );margin-right: 4%;\"><div class=\"fusion-column-wrapper fusion-flex-column-wrapper-legacy\"><div class=\"fusion-text fusion-text-4\"><h1 style=\"text-align: center;\"><span style=\"color: #607d8b;\"><strong>MISI\u00d3N<\/strong><\/span><\/h1>\n<\/div><div class=\"fusion-text fusion-text-5\"><h3>La cardiolog\u00eda del sur de Oregon es una pr\u00e1ctica integral compuesta por m\u00e9dicos y personal cl\u00ednico altamente capacitados, motivados y compasivos. Estamos comprometidos a brindar atenci\u00f3n de la m\u00e1s alta calidad a la comunidad del sur de Oregon a trav\u00e9s de una evaluaci\u00f3n cuidadosa del paciente, pruebas de vanguardia y estrategias de tratamiento contempor\u00e1neas.<\/h3>\n<\/div><div class=\"fusion-sep-clear\"><\/div><div class=\"fusion-separator fusion-full-width-sep\" style=\"margin-left: auto;margin-right: auto;margin-top:40px;margin-bottom:40px;width:100%;\"><\/div><div class=\"fusion-sep-clear\"><\/div><div class=\"fusion-testimonials classic awb-speech-bubble-show fusion-testimonials-1\" style=\"--awb-textcolor:#747474;--awb-backgroundcolor:rgba(96,125,139,0.32);--awb-testimonial-border-style:solid;--awb-testimonial-border-color:var(--awb-color3);--awb-border-top-left-radius:0px;--awb-border-top-right-radius:0px;--awb-border-bottom-left-radius:0px;--awb-border-bottom-right-radius:0px;--testimonial-border-width-top:0px;--testimonial-border-width-right:0px;--testimonial-border-width-bottom:0px;--testimonial-border-width-left:0px;\" data-random=\"0\" data-speed=\"4000\"><div class=\"reviews\"><div class=\"review active-testimonial female\"><blockquote><div class=\"awb-quote\"><div class=\"awb-quote-content\">\n<h2>\u201cTodos los que trabajaron conmigo fueron muy profesionales. Lo que los puso en la cima fue que se tomaron el tiempo para escuchar mis preocupaciones. Incluso la enfermera practicante me escuch\u00f3 y me dio consejos pr\u00e1cticos \".<\/h2>\n<\/div><\/div><span class=\"awb-triangle\"><\/span><\/blockquote><div class=\"author\"><span class=\"testimonial-thumbnail doe\"><\/span><span class=\"company-name\"><strong>Paciente de Medford<\/strong><span>, <\/span><span>Cardiolog\u00eda del sur de Oregon<\/span><\/span><\/div><\/div><\/div><\/div><div class=\"fusion-clearfix\"><\/div><\/div><\/div><div class=\"fusion-layout-column fusion_builder_column fusion-builder-column-3 fusion_builder_column_1_4 1_4 fusion-one-fourth fusion-column-last\" style=\"--awb-bg-blend:overlay;--awb-bg-size:cover;width:25%;width:calc(25% - ( ( 4% + 4% ) * 0.25 ) );\"><div class=\"fusion-column-wrapper fusion-flex-column-wrapper-legacy\"><div class=\"fusion-text fusion-text-6\"><h1 style=\"text-align: center;\"><span style=\"color: #607d8b;\"><strong>VISI\u00d3N<\/strong><\/span><\/h1>\n<\/div><div class=\"fusion-text fusion-text-7\"><ul>\n<li>\n<h3>El amor est\u00e1 en el coraz\u00f3n de la pr\u00e1ctica: cuidarnos unos a otros, a nuestro personal, a nuestros pacientes y a las comunidades a las que servimos.<\/h3>\n<\/li>\n<li>\n<h3>La excelencia es nuestro sello distintivo. Nos distinguimos por los resultados y experiencias positivos de los pacientes, la atenci\u00f3n integral, el rigor acad\u00e9mico, el uso disciplinado del an\u00e1lisis de datos y el liderazgo con el ejemplo. Somos el est\u00e1ndar de oro para la atenci\u00f3n de cardiolog\u00eda en el noroeste del Pac\u00edfico.<\/h3>\n<\/li>\n<li>\n<h3>Nuestros cardi\u00f3logos sienten pasi\u00f3n por su trabajo y cada uno fortalece la integridad, la colegialidad y la calidad de nuestra pr\u00e1ctica.<\/h3>\n<\/li>\n<li>\n<h3>Tenemos una relaci\u00f3n de beneficio mutuo con Asante Health System en la que nos autogestionamos y trabajamos para mejorar el valor, la clasificaci\u00f3n y el perfil regional de Asante.<\/h3>\n<\/li>\n<li>\n<h3>Somos el proveedor dominante en el sur de Oregon debido al valor que brindamos a la comunidad.<\/h3>\n<\/li>\n<\/ul>\n<\/div><div class=\"fusion-clearfix\"><\/div><\/div><\/div><\/div><\/div><div class=\"fusion-fullwidth fullwidth-box fusion-builder-row-3 hundred-percent-fullwidth non-hundred-percent-height-scrolling\" style=\"--awb-border-radius-top-left:0px;--awb-border-radius-top-right:0px;--awb-border-radius-bottom-right:0px;--awb-border-radius-bottom-left:0px;--awb-flex-wrap:wrap;\" ><div class=\"fusion-builder-row fusion-row\"><div class=\"fusion-layout-column fusion_builder_column fusion-builder-column-4 fusion_builder_column_1_1 1_1 fusion-one-full fusion-column-first fusion-column-last\" style=\"--awb-padding-top:40px;--awb-bg-blend:overlay;--awb-bg-size:cover;\"><div class=\"fusion-column-wrapper fusion-flex-column-wrapper-legacy\"><div class=\"fusion-sep-clear\"><\/div><div class=\"fusion-separator fusion-full-width-sep\" style=\"margin-left: auto;margin-right: auto;margin-bottom:40px;width:100%;\"><div class=\"fusion-separator-border sep-single sep-solid\" style=\"--awb-height:20px;--awb-amount:20px;--awb-sep-color:#607d8b;border-color:#607d8b;border-top-width:1px;\"><\/div><\/div><div class=\"fusion-sep-clear\"><\/div><div class=\"fusion-text fusion-text-8\"><h2 style=\"text-align: center;\"><strong>Nuestra asociaci\u00f3n galardonada con Asante<\/strong><\/h2>\n<\/div><div class=\"fusion-clearfix\"><\/div><\/div><\/div><\/div><\/div><div class=\"fusion-fullwidth fullwidth-box fusion-builder-row-4 nonhundred-percent-fullwidth non-hundred-percent-height-scrolling\" style=\"--awb-border-radius-top-left:0px;--awb-border-radius-top-right:0px;--awb-border-radius-bottom-right:0px;--awb-border-radius-bottom-left:0px;--awb-flex-wrap:wrap;\" ><div class=\"fusion-builder-row fusion-row\"><div class=\"fusion-layout-column fusion_builder_column fusion-builder-column-5 fusion_builder_column_1_1 1_1 fusion-one-full fusion-column-first fusion-column-last\" style=\"--awb-bg-blend:overlay;--awb-bg-size:cover;\"><div class=\"fusion-column-wrapper fusion-flex-column-wrapper-legacy\"><div class=\"fusion-image-carousel fusion-image-carousel-fixed fusion-image-carousel-1 fusion-carousel-border\"><div class=\"awb-carousel awb-swiper awb-swiper-carousel\" data-autoplay=\"yes\" data-columns=\"5\" data-itemmargin=\"15\" data-itemwidth=\"180\" data-touchscroll=\"yes\" data-imagesize=\"fixed\" style=\"--awb-column-spacing:15px;\"><div class=\"swiper-wrapper awb-image-carousel-wrapper fusion-flex-align-items-center\"><div class=\"swiper-slide\"><div class=\"fusion-carousel-item-wrapper\"><div class=\"fusion-image-wrapper hover-type-none\"><img width=\"300\" height=\"115\" src=\"https:\/\/www.socardiology.com\/wp-content\/uploads\/2020\/12\/WatsonHealth2021.jpg\" class=\"attachment-blog-medium size-blog-medium\" alt=\"\" decoding=\"async\" srcset=\"https:\/\/www.socardiology.com\/wp-content\/uploads\/2020\/12\/WatsonHealth2021-200x77.jpg 200w, https:\/\/www.socardiology.com\/wp-content\/uploads\/2020\/12\/WatsonHealth2021.jpg 300w\" sizes=\"(min-width: 2200px) 100vw, (min-width: 928px) 208px, (min-width: 856px) 260px, (min-width: 784px) 347px, (min-width: 712px) 520px, (min-width: 640px) 712px, \" \/><\/div><\/div><\/div><div class=\"swiper-slide\"><div class=\"fusion-carousel-item-wrapper\"><div class=\"fusion-image-wrapper hover-type-none\"><img width=\"146\" height=\"202\" src=\"https:\/\/www.socardiology.com\/wp-content\/uploads\/2022\/05\/2021MissionLifeline-146x202.png\" class=\"attachment-blog-medium size-blog-medium\" alt=\"\" decoding=\"async\" \/><\/div><\/div><\/div><div class=\"swiper-slide\"><div class=\"fusion-carousel-item-wrapper\"><div class=\"fusion-image-wrapper hover-type-none\"><img width=\"133\" height=\"202\" src=\"https:\/\/www.socardiology.com\/wp-content\/uploads\/2022\/05\/2020MissionLifeline-133x202.png\" class=\"attachment-blog-medium size-blog-medium\" alt=\"\" decoding=\"async\" \/><\/div><\/div><\/div><div class=\"swiper-slide\"><div class=\"fusion-carousel-item-wrapper\"><div class=\"fusion-image-wrapper hover-type-none\"><img width=\"172\" height=\"202\" src=\"https:\/\/www.socardiology.com\/wp-content\/uploads\/2022\/05\/2019MissionLifeline-172x202.png\" class=\"attachment-blog-medium size-blog-medium\" alt=\"\" decoding=\"async\" \/><\/div><\/div><\/div><div class=\"swiper-slide\"><div class=\"fusion-carousel-item-wrapper\"><div class=\"fusion-image-wrapper hover-type-none\"><img width=\"205\" height=\"141\" src=\"https:\/\/www.socardiology.com\/wp-content\/uploads\/2018\/03\/2018CareChexMedExcellence.png\" class=\"attachment-blog-medium size-blog-medium\" alt=\"\" decoding=\"async\" srcset=\"https:\/\/www.socardiology.com\/wp-content\/uploads\/2018\/03\/2018CareChexMedExcellence-200x138.png 200w, https:\/\/www.socardiology.com\/wp-content\/uploads\/2018\/03\/2018CareChexMedExcellence.png 205w\" sizes=\"(min-width: 2200px) 100vw, (min-width: 928px) 208px, (min-width: 856px) 260px, (min-width: 784px) 347px, (min-width: 712px) 520px, (min-width: 640px) 712px, \" \/><\/div><\/div><\/div><div class=\"swiper-slide\"><div class=\"fusion-carousel-item-wrapper\"><div class=\"fusion-image-wrapper hover-type-none\"><img width=\"97\" height=\"147\" src=\"https:\/\/www.socardiology.com\/wp-content\/uploads\/2019\/02\/2018MIssionLifeline.jpg\" class=\"attachment-blog-medium size-blog-medium\" alt=\"\" decoding=\"async\" \/><\/div><\/div><\/div><div class=\"swiper-slide\"><div class=\"fusion-carousel-item-wrapper\"><div class=\"fusion-image-wrapper hover-type-none\"><img width=\"209\" height=\"138\" src=\"https:\/\/www.socardiology.com\/wp-content\/uploads\/2018\/03\/2018CareChexPatientSafety.png\" class=\"attachment-blog-medium size-blog-medium\" alt=\"\" decoding=\"async\" srcset=\"https:\/\/www.socardiology.com\/wp-content\/uploads\/2018\/03\/2018CareChexPatientSafety-200x132.png 200w, https:\/\/www.socardiology.com\/wp-content\/uploads\/2018\/03\/2018CareChexPatientSafety.png 209w\" sizes=\"(min-width: 2200px) 100vw, (min-width: 928px) 208px, (min-width: 856px) 260px, (min-width: 784px) 347px, (min-width: 712px) 520px, (min-width: 640px) 712px, \" \/><\/div><\/div><\/div><div class=\"swiper-slide\"><div class=\"fusion-carousel-item-wrapper\"><div class=\"fusion-image-wrapper hover-type-none\"><img width=\"209\" height=\"138\" src=\"https:\/\/www.socardiology.com\/wp-content\/uploads\/2018\/03\/2018CareChexInterventionalCoronary.png\" class=\"attachment-blog-medium size-blog-medium\" alt=\"\" decoding=\"async\" srcset=\"https:\/\/www.socardiology.com\/wp-content\/uploads\/2018\/03\/2018CareChexInterventionalCoronary-200x132.png 200w, https:\/\/www.socardiology.com\/wp-content\/uploads\/2018\/03\/2018CareChexInterventionalCoronary.png 209w\" sizes=\"(min-width: 2200px) 100vw, (min-width: 928px) 208px, (min-width: 856px) 260px, (min-width: 784px) 347px, (min-width: 712px) 520px, (min-width: 640px) 712px, \" \/><\/div><\/div><\/div><div class=\"swiper-slide\"><div class=\"fusion-carousel-item-wrapper\"><div class=\"fusion-image-wrapper hover-type-none\"><img width=\"118\" height=\"136\" src=\"https:\/\/www.socardiology.com\/wp-content\/uploads\/2018\/04\/2016MissionLifeline.jpg\" class=\"attachment-blog-medium size-blog-medium\" alt=\"\" decoding=\"async\" \/><\/div><\/div><\/div><div class=\"swiper-slide\"><div class=\"fusion-carousel-item-wrapper\"><div class=\"fusion-image-wrapper hover-type-none\"><img width=\"183\" height=\"202\" src=\"https:\/\/www.socardiology.com\/wp-content\/uploads\/2018\/04\/2017MissionLifelineAward-183x202.jpg\" class=\"attachment-blog-medium size-blog-medium\" alt=\"\" decoding=\"async\" \/><\/div><\/div><\/div><div class=\"swiper-slide\"><div class=\"fusion-carousel-item-wrapper\"><div class=\"fusion-image-wrapper hover-type-none\"><img width=\"219\" height=\"202\" src=\"https:\/\/www.socardiology.com\/wp-content\/uploads\/2018\/03\/2016NCDR-219x202.png\" class=\"attachment-blog-medium size-blog-medium\" alt=\"\" decoding=\"async\" srcset=\"https:\/\/www.socardiology.com\/wp-content\/uploads\/2018\/03\/2016NCDR-200x184.png 200w, https:\/\/www.socardiology.com\/wp-content\/uploads\/2018\/03\/2016NCDR.png 219w\" sizes=\"(min-width: 2200px) 100vw, (min-width: 928px) 208px, (min-width: 856px) 260px, (min-width: 784px) 347px, (min-width: 712px) 520px, (min-width: 640px) 712px, \" \/><\/div><\/div><\/div><div class=\"swiper-slide\"><div class=\"fusion-carousel-item-wrapper\"><div class=\"fusion-image-wrapper hover-type-none\"><img width=\"186\" height=\"202\" src=\"https:\/\/www.socardiology.com\/wp-content\/uploads\/2018\/03\/2015MissionLifeline-186x202.png\" class=\"attachment-blog-medium size-blog-medium\" alt=\"\" decoding=\"async\" \/><\/div><\/div><\/div><\/div><\/div><\/div><div class=\"fusion-clearfix\"><\/div><\/div><\/div><\/div><\/div><\/p>","protected":false},"excerpt":{"rendered":"","protected":false},"author":1,"featured_media":0,"parent":0,"menu_order":0,"comment_status":"closed","ping_status":"closed","template":"100-width.php","meta":{"_monsterinsights_skip_tracking":false,"_monsterinsights_sitenote_active":false,"_monsterinsights_sitenote_note":"","_monsterinsights_sitenote_category":0,"footnotes":""},"_links":{"self":[{"href":"http:\/\/www.socardiology.com\/es\/wp-json\/wp\/v2\/pages\/13"}],"collection":[{"href":"http:\/\/www.socardiology.com\/es\/wp-json\/wp\/v2\/pages"}],"about":[{"href":"http:\/\/www.socardiology.com\/es\/wp-json\/wp\/v2\/types\/page"}],"author":[{"embeddable":true,"href":"http:\/\/www.socardiology.com\/es\/wp-json\/wp\/v2\/users\/1"}],"replies":[{"embeddable":true,"href":"http:\/\/www.socardiology.com\/es\/wp-json\/wp\/v2\/comments?post=13"}],"version-history":[{"count":243,"href":"http:\/\/www.socardiology.com\/es\/wp-json\/wp\/v2\/pages\/13\/revisions"}],"predecessor-version":[{"id":2080,"href":"http:\/\/www.socardiology.com\/es\/wp-json\/wp\/v2\/pages\/13\/revisions\/2080"}],"wp:attachment":[{"href":"http:\/\/www.socardiology.com\/es\/wp-json\/wp\/v2\/media?parent=13"}],"curies":[{"name":"wp","href":"https:\/\/api.w.org\/{rel}","templated":true}]}}