{"id":128,"date":"2018-01-31T18:31:32","date_gmt":"2018-01-31T18:31:32","guid":{"rendered":"http:\/\/redesign.socardiology.com\/?page_id=128"},"modified":"2023-08-26T14:44:15","modified_gmt":"2023-08-26T14:44:15","slug":"linda-pierson","status":"publish","type":"page","link":"http:\/\/www.socardiology.com\/es\/providers\/linda-pierson\/","title":{"rendered":"Linda Pierson"},"content":{"rendered":"<div class=\"fusion-fullwidth fullwidth-box fusion-builder-row-1 nonhundred-percent-fullwidth non-hundred-percent-height-scrolling\" style=\"--awb-border-radius-top-left:0px;--awb-border-radius-top-right:0px;--awb-border-radius-bottom-right:0px;--awb-border-radius-bottom-left:0px;--awb-flex-wrap:wrap;\" ><div class=\"fusion-builder-row fusion-row\"><div class=\"fusion-layout-column fusion_builder_column fusion-builder-column-0 fusion_builder_column_1_3 1_3 fusion-one-third fusion-column-first\" style=\"--awb-bg-size:cover;width:33.333333333333%;width:calc(33.333333333333% - ( ( 4% ) * 0.33333333333333 ) );margin-right: 4%;\"><div class=\"fusion-column-wrapper fusion-flex-column-wrapper-legacy\"><div class=\"fusion-text fusion-text-1\"><h3><strong>EDUCACI\u00d3N<\/strong><\/h3>\n<h3>Licenciatura: RN y BSN de Gwynedd-Mercy College<\/h3>\n<h3>Maestr\u00eda: Universidad de Ciencias de la Salud de Oregon<\/h3>\n<h3>Post Masters Certificate: Oregon Health Sciences University<\/h3>\n<h3><strong>A\u00d1OS PRACTICANDO<\/strong><\/h3>\n<h3>23<\/h3>\n<\/div><div class=\"fusion-clearfix\"><\/div><\/div><\/div><div class=\"fusion-layout-column fusion_builder_column fusion-builder-column-1 fusion_builder_column_2_3 2_3 fusion-two-third fusion-column-last\" style=\"--awb-bg-size:cover;width:66.666666666667%;width:calc(66.666666666667% - ( ( 4% ) * 0.66666666666667 ) );\"><div class=\"fusion-column-wrapper fusion-flex-column-wrapper-legacy\"><div class=\"fusion-image-element fusion-image-align-left in-legacy-container\" style=\"text-align:left;--awb-caption-title-font-family:var(--h2_typography-font-family);--awb-caption-title-font-weight:var(--h2_typography-font-weight);--awb-caption-title-font-style:var(--h2_typography-font-style);--awb-caption-title-size:var(--h2_typography-font-size);--awb-caption-title-transform:var(--h2_typography-text-transform);--awb-caption-title-line-height:var(--h2_typography-line-height);--awb-caption-title-letter-spacing:var(--h2_typography-letter-spacing);\"><span class=\"fusion-imageframe imageframe-none imageframe-1 hover-type-none\" style=\"margin-right:25px;float:left;\"><img decoding=\"async\" width=\"300\" height=\"267\" title=\"Pierson\" src=\"https:\/\/www.socardiology.com\/wp-content\/uploads\/2018\/09\/Pierson-300x267.jpg\" alt class=\"img-responsive wp-image-1289\" srcset=\"https:\/\/www.socardiology.com\/wp-content\/uploads\/2018\/09\/Pierson-200x178.jpg 200w, https:\/\/www.socardiology.com\/wp-content\/uploads\/2018\/09\/Pierson-400x355.jpg 400w, https:\/\/www.socardiology.com\/wp-content\/uploads\/2018\/09\/Pierson-600x533.jpg 600w, https:\/\/www.socardiology.com\/wp-content\/uploads\/2018\/09\/Pierson-800x711.jpg 800w, https:\/\/www.socardiology.com\/wp-content\/uploads\/2018\/09\/Pierson-1200x1066.jpg 1200w, https:\/\/www.socardiology.com\/wp-content\/uploads\/2018\/09\/Pierson.jpg 1900w\" sizes=\"(max-width: 800px) 100vw, 800px\" \/><\/span><\/div><div class=\"fusion-text fusion-text-2\"><h3>Como enfermera familiar certificada (FNP-C), Linda Pierson tiene educaci\u00f3n y capacitaci\u00f3n avanzadas con una maestr\u00eda en ciencias y una maestr\u00eda en enfermer\u00eda. Linda se asocia con sus pacientes para promover la salud del coraz\u00f3n a trav\u00e9s de la educaci\u00f3n y los cambios terap\u00e9uticos en el estilo de vida. Linda est\u00e1 entusiasmada con la educaci\u00f3n de sus pacientes y se asocia con ellos para determinar los cambios de estilo de vida que pueden hacer para promover la salud del coraz\u00f3n. Es experta en abordar problemas complejos y trabajar en equipo para mejorar la salud de su paciente.<\/h3>\n<h3>Linda est\u00e1 calificada como proveedora de atenci\u00f3n primaria de salud. Tambi\u00e9n tiene una amplia formaci\u00f3n y experiencia en el cuidado de pacientes con enfermedades cardiovasculares e insuficiencia card\u00edaca, incluidos pacientes con dispositivos card\u00edacos. Linda recibi\u00f3 su Maestr\u00eda en Ciencias en Enfermer\u00eda, as\u00ed como su Certificado de Maestr\u00eda en Enfermer\u00eda Familiar a trav\u00e9s de la Universidad de Ciencias de la Salud de Oregon en Portland, Oregon. Se gradu\u00f3 de ambos programas summa cum laude. Linda ha recibido reconocimiento nacional por mantener consistentemente la certificaci\u00f3n CCRN durante 40 a\u00f1os. Esta credencial se considera un reconocimiento al conocimiento avanzado y la experiencia cl\u00ednica en el cuidado de pacientes con enfermedades graves o agudas y sus familias.<\/h3>\n<\/div><div class=\"fusion-clearfix\"><\/div><\/div><\/div><\/div><\/div>","protected":false},"excerpt":{"rendered":"","protected":false},"author":1,"featured_media":0,"parent":23,"menu_order":0,"comment_status":"closed","ping_status":"closed","template":"100-width.php","meta":{"_monsterinsights_skip_tracking":false,"_monsterinsights_sitenote_active":false,"_monsterinsights_sitenote_note":"","_monsterinsights_sitenote_category":0,"footnotes":""},"_links":{"self":[{"href":"http:\/\/www.socardiology.com\/es\/wp-json\/wp\/v2\/pages\/128"}],"collection":[{"href":"http:\/\/www.socardiology.com\/es\/wp-json\/wp\/v2\/pages"}],"about":[{"href":"http:\/\/www.socardiology.com\/es\/wp-json\/wp\/v2\/types\/page"}],"author":[{"embeddable":true,"href":"http:\/\/www.socardiology.com\/es\/wp-json\/wp\/v2\/users\/1"}],"replies":[{"embeddable":true,"href":"http:\/\/www.socardiology.com\/es\/wp-json\/wp\/v2\/comments?post=128"}],"version-history":[{"count":11,"href":"http:\/\/www.socardiology.com\/es\/wp-json\/wp\/v2\/pages\/128\/revisions"}],"predecessor-version":[{"id":1915,"href":"http:\/\/www.socardiology.com\/es\/wp-json\/wp\/v2\/pages\/128\/revisions\/1915"}],"up":[{"embeddable":true,"href":"http:\/\/www.socardiology.com\/es\/wp-json\/wp\/v2\/pages\/23"}],"wp:attachment":[{"href":"http:\/\/www.socardiology.com\/es\/wp-json\/wp\/v2\/media?parent=128"}],"curies":[{"name":"wp","href":"https:\/\/api.w.org\/{rel}","templated":true}]}}