{"id":120,"date":"2018-01-31T18:30:10","date_gmt":"2018-01-31T18:30:10","guid":{"rendered":"http:\/\/redesign.socardiology.com\/?page_id=120"},"modified":"2025-08-25T17:23:14","modified_gmt":"2025-08-25T17:23:14","slug":"david-martin","status":"publish","type":"page","link":"http:\/\/www.socardiology.com\/es\/providers\/david-martin\/","title":{"rendered":"David Martin"},"content":{"rendered":"<div class=\"fusion-fullwidth fullwidth-box fusion-builder-row-1 nonhundred-percent-fullwidth non-hundred-percent-height-scrolling\" style=\"--awb-border-radius-top-left:0px;--awb-border-radius-top-right:0px;--awb-border-radius-bottom-right:0px;--awb-border-radius-bottom-left:0px;--awb-flex-wrap:wrap;\" ><div class=\"fusion-builder-row fusion-row\"><div class=\"fusion-layout-column fusion_builder_column fusion-builder-column-0 fusion_builder_column_1_3 1_3 fusion-one-third fusion-column-first\" style=\"--awb-bg-size:cover;width:33.333333333333%;width:calc(33.333333333333% - ( ( 4% ) * 0.33333333333333 ) );margin-right: 4%;\"><div class=\"fusion-column-wrapper fusion-flex-column-wrapper-legacy\"><div class=\"fusion-text fusion-text-1\"><h3><strong>ESPECIALIDAD: <\/strong>Electrofisiolog\u00eda card\u00edaca<\/h3>\n<h3><strong>EDUCACI\u00d3N<\/strong><\/h3>\n<h3>Licenciatura: Universidad de California en Irvine<\/h3>\n<h3>Facultad de Medicina: Facultad de Medicina de Dartmouth<\/h3>\n<h3>Residencia y beca: Universidad de California en Los \u00c1ngeles<\/h3>\n<h3><strong>A\u00d1OS PRACTICANDO: <\/strong>22<\/h3>\n<\/div><div class=\"fusion-clearfix\"><\/div><\/div><\/div><div class=\"fusion-layout-column fusion_builder_column fusion-builder-column-1 fusion_builder_column_2_3 2_3 fusion-two-third fusion-column-last\" style=\"--awb-bg-size:cover;width:66.666666666667%;width:calc(66.666666666667% - ( ( 4% ) * 0.66666666666667 ) );\"><div class=\"fusion-column-wrapper fusion-flex-column-wrapper-legacy\"><div class=\"fusion-image-element fusion-image-align-center in-legacy-container\" style=\"text-align:center;--awb-caption-title-font-family:var(--h2_typography-font-family);--awb-caption-title-font-weight:var(--h2_typography-font-weight);--awb-caption-title-font-style:var(--h2_typography-font-style);--awb-caption-title-size:var(--h2_typography-font-size);--awb-caption-title-transform:var(--h2_typography-text-transform);--awb-caption-title-line-height:var(--h2_typography-line-height);--awb-caption-title-letter-spacing:var(--h2_typography-letter-spacing);\"><div class=\"imageframe-align-center\"><span class=\"fusion-imageframe imageframe-none imageframe-1 hover-type-none\"><img decoding=\"async\" width=\"300\" height=\"267\" title=\"Martin\" src=\"https:\/\/www.socardiology.com\/wp-content\/uploads\/2018\/09\/Martin-300x267.jpg\" alt class=\"img-responsive wp-image-1281\" srcset=\"https:\/\/www.socardiology.com\/wp-content\/uploads\/2018\/09\/Martin-200x178.jpg 200w, https:\/\/www.socardiology.com\/wp-content\/uploads\/2018\/09\/Martin-400x355.jpg 400w, https:\/\/www.socardiology.com\/wp-content\/uploads\/2018\/09\/Martin-600x533.jpg 600w, https:\/\/www.socardiology.com\/wp-content\/uploads\/2018\/09\/Martin-800x711.jpg 800w, https:\/\/www.socardiology.com\/wp-content\/uploads\/2018\/09\/Martin-1200x1066.jpg 1200w, https:\/\/www.socardiology.com\/wp-content\/uploads\/2018\/09\/Martin.jpg 1900w\" sizes=\"(max-width: 800px) 100vw, 800px\" \/><\/span><\/div><\/div><div class=\"fusion-text fusion-text-2\"><h3>David Martin, MD complet\u00f3 su trabajo de pregrado en la Universidad de California en Irvine y recibi\u00f3 su t\u00edtulo de m\u00e9dico de la Escuela de Medicina de Dartmouth. Su residencia en medicina interna y sus becas en cardiolog\u00eda y electrofisiolog\u00eda se completaron en Cedars-Sinai Medical Center, una filial de la Universidad de California en Los \u00c1ngeles.<\/h3>\n<h3>Miembro del Colegio Estadounidense de Cardiolog\u00eda, est\u00e1 certificado por la Junta Estadounidense de Medicina Interna en Enfermedades Cardiovasculares, as\u00ed como en Electrofisiolog\u00eda Card\u00edaca y Estimulaci\u00f3n.<\/h3>\n<h3>Ha desarrollado un programa regional de manejo del ritmo card\u00edaco que ofrece tecnolog\u00edas de vanguardia como ablaci\u00f3n intracard\u00edaca, desfibriladores implantables y marcapasos.<\/h3>\n<h3>El Dr. Martin ve el cuidado de la salud como una relaci\u00f3n de colaboraci\u00f3n entre personas con inquilinos b\u00e1sicos de respeto y cuidado por el individuo. Los intereses de sus pacientes siempre ser\u00e1n su m\u00e1xima prioridad. Est\u00e1 casado y es padre de tres hijos.<\/h3>\n<\/div><div class=\"fusion-clearfix\"><\/div><\/div><\/div><\/div><\/div>","protected":false},"excerpt":{"rendered":"","protected":false},"author":1,"featured_media":0,"parent":23,"menu_order":0,"comment_status":"closed","ping_status":"closed","template":"100-width.php","meta":{"_monsterinsights_skip_tracking":false,"_monsterinsights_sitenote_active":false,"_monsterinsights_sitenote_note":"","_monsterinsights_sitenote_category":0,"footnotes":""},"_links":{"self":[{"href":"http:\/\/www.socardiology.com\/es\/wp-json\/wp\/v2\/pages\/120"}],"collection":[{"href":"http:\/\/www.socardiology.com\/es\/wp-json\/wp\/v2\/pages"}],"about":[{"href":"http:\/\/www.socardiology.com\/es\/wp-json\/wp\/v2\/types\/page"}],"author":[{"embeddable":true,"href":"http:\/\/www.socardiology.com\/es\/wp-json\/wp\/v2\/users\/1"}],"replies":[{"embeddable":true,"href":"http:\/\/www.socardiology.com\/es\/wp-json\/wp\/v2\/comments?post=120"}],"version-history":[{"count":11,"href":"http:\/\/www.socardiology.com\/es\/wp-json\/wp\/v2\/pages\/120\/revisions"}],"predecessor-version":[{"id":2063,"href":"http:\/\/www.socardiology.com\/es\/wp-json\/wp\/v2\/pages\/120\/revisions\/2063"}],"up":[{"embeddable":true,"href":"http:\/\/www.socardiology.com\/es\/wp-json\/wp\/v2\/pages\/23"}],"wp:attachment":[{"href":"http:\/\/www.socardiology.com\/es\/wp-json\/wp\/v2\/media?parent=120"}],"curies":[{"name":"wp","href":"https:\/\/api.w.org\/{rel}","templated":true}]}}