{"id":110,"date":"2018-01-31T18:28:18","date_gmt":"2018-01-31T18:28:18","guid":{"rendered":"http:\/\/redesign.socardiology.com\/?page_id=110"},"modified":"2025-08-25T17:21:10","modified_gmt":"2025-08-25T17:21:10","slug":"brian-gross","status":"publish","type":"page","link":"http:\/\/www.socardiology.com\/es\/providers\/brian-gross\/","title":{"rendered":"Brian Gross"},"content":{"rendered":"<div class=\"fusion-fullwidth fullwidth-box fusion-builder-row-1 nonhundred-percent-fullwidth non-hundred-percent-height-scrolling\" style=\"--awb-border-radius-top-left:0px;--awb-border-radius-top-right:0px;--awb-border-radius-bottom-right:0px;--awb-border-radius-bottom-left:0px;--awb-flex-wrap:wrap;\" ><div class=\"fusion-builder-row fusion-row\"><div class=\"fusion-layout-column fusion_builder_column fusion-builder-column-0 fusion_builder_column_1_3 1_3 fusion-one-third fusion-column-first\" style=\"--awb-bg-size:cover;width:33.333333333333%;width:calc(33.333333333333% - ( ( 4% ) * 0.33333333333333 ) );margin-right: 4%;\"><div class=\"fusion-column-wrapper fusion-flex-column-wrapper-legacy\"><div class=\"fusion-text fusion-text-1\"><h3><strong>ESPECIALIDAD: <\/strong>Cardiolog\u00eda intervencionista<\/h3>\n<h3><strong>EDUCACI\u00d3N<\/strong><\/h3>\n<h3>Licenciatura: Wesleyan University<\/h3>\n<h3>Facultad de Medicina: Facultad de Medicina de la Universidad de Rochester<\/h3>\n<h3>Pasant\u00eda y residencia: Dartmouth Medical Center<\/h3>\n<h3>Beca: Universidad de Washington<\/h3>\n<h3><strong>A\u00d1OS PRACTICANDO: <\/strong>37<\/h3>\n<\/div><div class=\"fusion-clearfix\"><\/div><\/div><\/div><div class=\"fusion-layout-column fusion_builder_column fusion-builder-column-1 fusion_builder_column_2_3 2_3 fusion-two-third fusion-column-last\" style=\"--awb-bg-size:cover;width:66.666666666667%;width:calc(66.666666666667% - ( ( 4% ) * 0.66666666666667 ) );\"><div class=\"fusion-column-wrapper fusion-flex-column-wrapper-legacy\"><div class=\"fusion-image-element fusion-image-align-center in-legacy-container\" style=\"text-align:center;--awb-caption-title-font-family:var(--h2_typography-font-family);--awb-caption-title-font-weight:var(--h2_typography-font-weight);--awb-caption-title-font-style:var(--h2_typography-font-style);--awb-caption-title-size:var(--h2_typography-font-size);--awb-caption-title-transform:var(--h2_typography-text-transform);--awb-caption-title-line-height:var(--h2_typography-line-height);--awb-caption-title-letter-spacing:var(--h2_typography-letter-spacing);\"><div class=\"imageframe-align-center\"><span class=\"fusion-imageframe imageframe-none imageframe-1 hover-type-none\"><img decoding=\"async\" width=\"300\" height=\"267\" title=\"Gross\" src=\"https:\/\/www.socardiology.com\/wp-content\/uploads\/2018\/09\/Gross-300x267.jpg\" alt class=\"img-responsive wp-image-1275\" srcset=\"https:\/\/www.socardiology.com\/wp-content\/uploads\/2018\/09\/Gross-200x178.jpg 200w, https:\/\/www.socardiology.com\/wp-content\/uploads\/2018\/09\/Gross-400x355.jpg 400w, https:\/\/www.socardiology.com\/wp-content\/uploads\/2018\/09\/Gross-600x533.jpg 600w, https:\/\/www.socardiology.com\/wp-content\/uploads\/2018\/09\/Gross-800x711.jpg 800w, https:\/\/www.socardiology.com\/wp-content\/uploads\/2018\/09\/Gross-1200x1066.jpg 1200w, https:\/\/www.socardiology.com\/wp-content\/uploads\/2018\/09\/Gross.jpg 1900w\" sizes=\"(max-width: 800px) 100vw, 800px\" \/><\/span><\/div><\/div><div class=\"fusion-text fusion-text-2\"><h3>Brian Gross, MD obtuvo su licenciatura de la Universidad Wesleyan y su doctorado m\u00e9dico de la Facultad de Medicina de la Universidad de Rochester en Rochester, Nueva York. Realiz\u00f3 su pasant\u00eda y residencia en el Dartmouth Medical Center, donde obtuvo los honores de pasante del a\u00f1o y residente del a\u00f1o.<\/h3>\n<h3>Obtuvo una beca y una c\u00e1tedra asistente en la Universidad de Washington y gan\u00f3 el Washington Research Award de la American Heart Association.<\/h3>\n<h3>El Dr. Gross fue el investigador local de los ensayos GUSTO, que sigue siendo uno de los estudios de infarto de miocardio m\u00e1s grandes del mundo. Es miembro del Colegio Americano de Cardiolog\u00eda y miembro del Consejo de Cardiolog\u00eda Cl\u00ednica de la Asociaci\u00f3n Americana del Coraz\u00f3n. Tiene una certificaci\u00f3n de la junta en medicina interna, cardiolog\u00eda y cardiolog\u00eda intervencionista. Es el director m\u00e9dico del programa regional de ataques card\u00edacos (ASSET).<\/h3>\n<h3>Las especialidades del Dr. Gross incluyen cardiolog\u00eda general e intervencionista. El Dr. Gross est\u00e1 casado y tiene cuatro hijos a los que les gusta hacer balsa, jugar f\u00fatbol y baloncesto, esquiar y correr en la pista.<\/h3>\n<\/div><div class=\"fusion-clearfix\"><\/div><\/div><\/div><\/div><\/div>","protected":false},"excerpt":{"rendered":"","protected":false},"author":1,"featured_media":0,"parent":23,"menu_order":0,"comment_status":"closed","ping_status":"closed","template":"100-width.php","meta":{"_monsterinsights_skip_tracking":false,"_monsterinsights_sitenote_active":false,"_monsterinsights_sitenote_note":"","_monsterinsights_sitenote_category":0,"footnotes":""},"_links":{"self":[{"href":"http:\/\/www.socardiology.com\/es\/wp-json\/wp\/v2\/pages\/110"}],"collection":[{"href":"http:\/\/www.socardiology.com\/es\/wp-json\/wp\/v2\/pages"}],"about":[{"href":"http:\/\/www.socardiology.com\/es\/wp-json\/wp\/v2\/types\/page"}],"author":[{"embeddable":true,"href":"http:\/\/www.socardiology.com\/es\/wp-json\/wp\/v2\/users\/1"}],"replies":[{"embeddable":true,"href":"http:\/\/www.socardiology.com\/es\/wp-json\/wp\/v2\/comments?post=110"}],"version-history":[{"count":15,"href":"http:\/\/www.socardiology.com\/es\/wp-json\/wp\/v2\/pages\/110\/revisions"}],"predecessor-version":[{"id":2061,"href":"http:\/\/www.socardiology.com\/es\/wp-json\/wp\/v2\/pages\/110\/revisions\/2061"}],"up":[{"embeddable":true,"href":"http:\/\/www.socardiology.com\/es\/wp-json\/wp\/v2\/pages\/23"}],"wp:attachment":[{"href":"http:\/\/www.socardiology.com\/es\/wp-json\/wp\/v2\/media?parent=110"}],"curies":[{"name":"wp","href":"https:\/\/api.w.org\/{rel}","templated":true}]}}