{"id":102,"date":"2018-01-31T18:26:53","date_gmt":"2018-01-31T18:26:53","guid":{"rendered":"http:\/\/redesign.socardiology.com\/?page_id=102"},"modified":"2025-08-25T17:25:04","modified_gmt":"2025-08-25T17:25:04","slug":"jon-brower","status":"publish","type":"page","link":"http:\/\/www.socardiology.com\/es\/providers\/jon-brower\/","title":{"rendered":"Jon Brower"},"content":{"rendered":"<div class=\"fusion-fullwidth fullwidth-box fusion-builder-row-1 nonhundred-percent-fullwidth non-hundred-percent-height-scrolling\" style=\"--awb-border-radius-top-left:0px;--awb-border-radius-top-right:0px;--awb-border-radius-bottom-right:0px;--awb-border-radius-bottom-left:0px;--awb-flex-wrap:wrap;\" ><div class=\"fusion-builder-row fusion-row\"><div class=\"fusion-layout-column fusion_builder_column fusion-builder-column-0 fusion_builder_column_1_3 1_3 fusion-one-third fusion-column-first\" style=\"--awb-bg-size:cover;width:33.333333333333%;width:calc(33.333333333333% - ( ( 4% ) * 0.33333333333333 ) );margin-right: 4%;\"><div class=\"fusion-column-wrapper fusion-flex-column-wrapper-legacy\"><div class=\"fusion-text fusion-text-1\"><h3 class=\"translation-block\"><strong>ESPECIALIDAD:<\/strong> Cardiolog\u00eda invasiva<\/h3>\n<h3><strong>EDUCACI\u00d3N:\u00a0<\/strong><\/h3>\n<h3>Licenciatura y Facultad de Medicina: Facultad de Medicina de la Universidad de Arizona<\/h3>\n<h3>Pasant\u00eda, residencia y beca: Centro de Ciencias de la Salud de la Universidad de Arizona<\/h3>\n<h3><strong>A\u00d1OS PRACTICANDO: <\/strong>12<\/h3>\n<\/div><div class=\"fusion-clearfix\"><\/div><\/div><\/div><div class=\"fusion-layout-column fusion_builder_column fusion-builder-column-1 fusion_builder_column_2_3 2_3 fusion-two-third fusion-column-last\" style=\"--awb-bg-size:cover;width:66.666666666667%;width:calc(66.666666666667% - ( ( 4% ) * 0.66666666666667 ) );\"><div class=\"fusion-column-wrapper fusion-flex-column-wrapper-legacy\"><div class=\"fusion-image-element fusion-image-align-center in-legacy-container\" style=\"text-align:center;--awb-caption-title-font-family:var(--h2_typography-font-family);--awb-caption-title-font-weight:var(--h2_typography-font-weight);--awb-caption-title-font-style:var(--h2_typography-font-style);--awb-caption-title-size:var(--h2_typography-font-size);--awb-caption-title-transform:var(--h2_typography-text-transform);--awb-caption-title-line-height:var(--h2_typography-line-height);--awb-caption-title-letter-spacing:var(--h2_typography-letter-spacing);\"><div class=\"imageframe-align-center\"><span class=\"fusion-imageframe imageframe-none imageframe-1 hover-type-none\"><img decoding=\"async\" width=\"300\" height=\"267\" title=\"Brower\" src=\"https:\/\/www.socardiology.com\/wp-content\/uploads\/2018\/09\/Brower-300x267.jpg\" alt class=\"img-responsive wp-image-1271\" srcset=\"https:\/\/www.socardiology.com\/wp-content\/uploads\/2018\/09\/Brower-200x178.jpg 200w, https:\/\/www.socardiology.com\/wp-content\/uploads\/2018\/09\/Brower-400x355.jpg 400w, https:\/\/www.socardiology.com\/wp-content\/uploads\/2018\/09\/Brower-600x533.jpg 600w, https:\/\/www.socardiology.com\/wp-content\/uploads\/2018\/09\/Brower-800x711.jpg 800w, https:\/\/www.socardiology.com\/wp-content\/uploads\/2018\/09\/Brower-1200x1066.jpg 1200w, https:\/\/www.socardiology.com\/wp-content\/uploads\/2018\/09\/Brower.jpg 1900w\" sizes=\"(max-width: 800px) 100vw, 800px\" \/><\/span><\/div><\/div><div class=\"fusion-text fusion-text-2\"><h3>Jon Brower, MD obtuvo su licenciatura y doctorado m\u00e9dico de la Facultad de Medicina de la Universidad de Arizona en Tucson, Arizona.<\/h3>\n<h3>Realiz\u00f3 su pasant\u00eda y residencia en medicina interna y neurolog\u00eda en el Centro de Ciencias de la Salud de la Universidad de Arizona, seguido de una beca de cardiolog\u00eda en la misma instituci\u00f3n. Durante su formaci\u00f3n, estuvo en la lista del decano tanto acad\u00e9micamente como por excelencia en la ense\u00f1anza de un oficial de la casa.<\/h3>\n<h3>El Dr. Brower se especializa en cardiolog\u00eda general e invasiva. Est\u00e1 certificado por la junta en cardiolog\u00eda general y es miembro del Colegio Americano de Cardiolog\u00eda.<\/h3>\n<h3>Cuando no est\u00e1 con pacientes, el Dr. Brower valora el tiempo que pasa con su esposa e hijos. Le gusta cocinar, hacer senderismo, esquiar de fondo, delta blues y Tottenham Hotspur.<\/h3>\n<\/div><div class=\"fusion-clearfix\"><\/div><\/div><\/div><\/div><\/div>","protected":false},"excerpt":{"rendered":"","protected":false},"author":1,"featured_media":0,"parent":23,"menu_order":0,"comment_status":"closed","ping_status":"closed","template":"100-width.php","meta":{"_monsterinsights_skip_tracking":false,"_monsterinsights_sitenote_active":false,"_monsterinsights_sitenote_note":"","_monsterinsights_sitenote_category":0,"footnotes":""},"_links":{"self":[{"href":"http:\/\/www.socardiology.com\/es\/wp-json\/wp\/v2\/pages\/102"}],"collection":[{"href":"http:\/\/www.socardiology.com\/es\/wp-json\/wp\/v2\/pages"}],"about":[{"href":"http:\/\/www.socardiology.com\/es\/wp-json\/wp\/v2\/types\/page"}],"author":[{"embeddable":true,"href":"http:\/\/www.socardiology.com\/es\/wp-json\/wp\/v2\/users\/1"}],"replies":[{"embeddable":true,"href":"http:\/\/www.socardiology.com\/es\/wp-json\/wp\/v2\/comments?post=102"}],"version-history":[{"count":13,"href":"http:\/\/www.socardiology.com\/es\/wp-json\/wp\/v2\/pages\/102\/revisions"}],"predecessor-version":[{"id":2067,"href":"http:\/\/www.socardiology.com\/es\/wp-json\/wp\/v2\/pages\/102\/revisions\/2067"}],"up":[{"embeddable":true,"href":"http:\/\/www.socardiology.com\/es\/wp-json\/wp\/v2\/pages\/23"}],"wp:attachment":[{"href":"http:\/\/www.socardiology.com\/es\/wp-json\/wp\/v2\/media?parent=102"}],"curies":[{"name":"wp","href":"https:\/\/api.w.org\/{rel}","templated":true}]}}